{"id":1672,"date":"2016-09-25T10:52:59","date_gmt":"2016-09-25T09:52:59","guid":{"rendered":"http:\/\/taobike.es\/en\/?page_id=1672"},"modified":"2017-04-12T16:36:54","modified_gmt":"2017-04-12T15:36:54","slug":"ruta-sierra-helada-al-completo","status":"publish","type":"page","link":"https:\/\/taobike.es\/en\/ruta-sierra-helada-al-completo\/","title":{"rendered":"Rute: Full Sierra Helada Natural Park"},"content":{"rendered":"<p><a class=\"dt-single-image\" href=\"https:\/\/taobike.es\/wp-content\/uploads\/2015\/08\/IMG_9514.jpg\" data-dt-img-description=\"\"><img loading=\"lazy\" decoding=\"async\" class=\"aligncenter wp-image-365 size-large\" title=\"sierra helada\" src=\"https:\/\/taobike.es\/wp-content\/uploads\/2015\/08\/IMG_9514-1024x682.jpg\" alt=\"sierra helada\" width=\"1024\" height=\"682\" \/><\/a><\/p>\n<h2>Full Sierra Helada Natural Park!<\/h2>\n<p style=\"text-align: justify;\">A full way to know Benidorm, its surroundings, and other interest places and<br \/>\nproducts is by following this e-bike tour: Full Sierra Helada Natural Park. We<br \/>\nwill be following the route riding our comfortable e-bikes, from Benidorm\u2019s Levante Beach, adapted to any physical level, with one of our nice guides, who will assist us in every need. We will go through all the \u201cSierra Helada Natural Park\u201d reaching at first Punta de Cavall and making our way after to Albir\u2019s Lighthouse on the other corner of the park. A perfect ride along Costa Blanca..<\/p>\n<p><strong>INCLUDE:<br \/>\n<\/strong><\/p>\n<p>&#8211; E-bike guided route with a guide (English or Spanish Speaking)<br \/>\n&#8211; Locker, helmet, mechanical assistance, civil insurance and medical assistance in case of accident.<br \/>\n&#8211; Minimum group 4 people.<br \/>\n&#8211; Length 3 hours.<\/p>\n<p>&nbsp;<\/p>\n","protected":false},"excerpt":{"rendered":"<p>Full Sierra Helada Natural Park! A full way to know Benidorm, its surroundings, and other interest places and products is by following this e-bike tour: Full Sierra Helada Natural Park.&hellip;<\/p>\n","protected":false},"author":4,"featured_media":2878,"parent":0,"menu_order":0,"comment_status":"closed","ping_status":"closed","template":"","meta":{"_joinchat":[],"footnotes":""},"class_list":["post-1672","page","type-page","status-publish","has-post-thumbnail","hentry","description-off"],"yoast_head":"<!-- This site is optimized with the Yoast SEO plugin v27.4 - https:\/\/yoast.com\/product\/yoast-seo-wordpress\/ -->\n<title>Guided route Sierra Helada in e-bike!<\/title>\n<meta name=\"description\" content=\"Ruta guiada en bicicleta el\u00e9ctrica. Sierra Helada al completo, conoce el Parque Natural sin esfuerzo y con un gu\u00eda que te ense\u00f1ar\u00e1 cada rinc\u00f3n\" \/>\n<meta name=\"robots\" content=\"index, follow, max-snippet:-1, max-image-preview:large, max-video-preview:-1\" \/>\n<link rel=\"canonical\" href=\"https:\/\/taobike.es\/en\/ruta-sierra-helada-al-completo\/\" \/>\n<meta property=\"og:locale\" content=\"en_US\" \/>\n<meta property=\"og:type\" content=\"article\" \/>\n<meta property=\"og:title\" content=\"Guided route Sierra Helada in e-bike!\" \/>\n<meta property=\"og:description\" content=\"Ruta guiada en bicicleta el\u00e9ctrica. Sierra Helada al completo, conoce el Parque Natural sin esfuerzo y con un gu\u00eda que te ense\u00f1ar\u00e1 cada rinc\u00f3n\" \/>\n<meta property=\"og:url\" content=\"https:\/\/taobike.es\/en\/ruta-sierra-helada-al-completo\/\" \/>\n<meta property=\"og:site_name\" content=\"TAOBIKE - RENTAL E-BIKES - BENIDORM\" \/>\n<meta property=\"article:publisher\" content=\"https:\/\/www.facebook.com\/taobikespain\" \/>\n<meta property=\"article:modified_time\" content=\"2017-04-12T15:36:54+00:00\" \/>\n<meta property=\"og:image\" content=\"https:\/\/taobike.es\/wp-content\/uploads\/2018\/01\/taobike-sierrahelada.jpg\" \/>\n\t<meta property=\"og:image:width\" content=\"800\" \/>\n\t<meta property=\"og:image:height\" content=\"533\" \/>\n\t<meta property=\"og:image:type\" content=\"image\/jpeg\" \/>\n<meta name=\"twitter:card\" content=\"summary_large_image\" \/>\n<meta name=\"twitter:site\" content=\"@tao_bike\" \/>\n<meta name=\"twitter:label1\" content=\"Est. reading time\" \/>\n\t<meta name=\"twitter:data1\" content=\"1 minute\" \/>\n<script type=\"application\/ld+json\" class=\"yoast-schema-graph\">{\"@context\":\"https:\\\/\\\/schema.org\",\"@graph\":[{\"@type\":\"WebPage\",\"@id\":\"https:\\\/\\\/taobike.es\\\/en\\\/ruta-sierra-helada-al-completo\\\/\",\"url\":\"https:\\\/\\\/taobike.es\\\/en\\\/ruta-sierra-helada-al-completo\\\/\",\"name\":\"Guided route Sierra Helada in e-bike!\",\"isPartOf\":{\"@id\":\"https:\\\/\\\/taobike.es\\\/#website\"},\"primaryImageOfPage\":{\"@id\":\"https:\\\/\\\/taobike.es\\\/en\\\/ruta-sierra-helada-al-completo\\\/#primaryimage\"},\"image\":{\"@id\":\"https:\\\/\\\/taobike.es\\\/en\\\/ruta-sierra-helada-al-completo\\\/#primaryimage\"},\"thumbnailUrl\":\"https:\\\/\\\/taobike.es\\\/wp-content\\\/uploads\\\/2018\\\/01\\\/taobike-sierrahelada.jpg\",\"datePublished\":\"2016-09-25T09:52:59+00:00\",\"dateModified\":\"2017-04-12T15:36:54+00:00\",\"description\":\"Ruta guiada en bicicleta el\u00e9ctrica. Sierra Helada al completo, conoce el Parque Natural sin esfuerzo y con un gu\u00eda que te ense\u00f1ar\u00e1 cada rinc\u00f3n\",\"breadcrumb\":{\"@id\":\"https:\\\/\\\/taobike.es\\\/en\\\/ruta-sierra-helada-al-completo\\\/#breadcrumb\"},\"inLanguage\":\"en-US\",\"potentialAction\":[{\"@type\":\"ReadAction\",\"target\":[\"https:\\\/\\\/taobike.es\\\/en\\\/ruta-sierra-helada-al-completo\\\/\"]}]},{\"@type\":\"ImageObject\",\"inLanguage\":\"en-US\",\"@id\":\"https:\\\/\\\/taobike.es\\\/en\\\/ruta-sierra-helada-al-completo\\\/#primaryimage\",\"url\":\"https:\\\/\\\/taobike.es\\\/wp-content\\\/uploads\\\/2018\\\/01\\\/taobike-sierrahelada.jpg\",\"contentUrl\":\"https:\\\/\\\/taobike.es\\\/wp-content\\\/uploads\\\/2018\\\/01\\\/taobike-sierrahelada.jpg\",\"width\":800,\"height\":533,\"caption\":\"excursiones benidorm\"},{\"@type\":\"BreadcrumbList\",\"@id\":\"https:\\\/\\\/taobike.es\\\/en\\\/ruta-sierra-helada-al-completo\\\/#breadcrumb\",\"itemListElement\":[{\"@type\":\"ListItem\",\"position\":1,\"name\":\"Portada\",\"item\":\"https:\\\/\\\/taobike.es\\\/en\\\/inicio\\\/\"},{\"@type\":\"ListItem\",\"position\":2,\"name\":\"Rute: Full Sierra Helada Natural Park\"}]},{\"@type\":\"WebSite\",\"@id\":\"https:\\\/\\\/taobike.es\\\/#website\",\"url\":\"https:\\\/\\\/taobike.es\\\/\",\"name\":\"TAOBIKE - RENTAL E-BIKES - BENIDORM\",\"description\":\"ECO&amp;RESPONSIBLE TOURISM\",\"publisher\":{\"@id\":\"https:\\\/\\\/taobike.es\\\/#organization\"},\"potentialAction\":[{\"@type\":\"SearchAction\",\"target\":{\"@type\":\"EntryPoint\",\"urlTemplate\":\"https:\\\/\\\/taobike.es\\\/?s={search_term_string}\"},\"query-input\":{\"@type\":\"PropertyValueSpecification\",\"valueRequired\":true,\"valueName\":\"search_term_string\"}}],\"inLanguage\":\"en-US\"},{\"@type\":\"Organization\",\"@id\":\"https:\\\/\\\/taobike.es\\\/#organization\",\"name\":\"TAOBIKE - Alquiler de Bicicletas El\u00e9ctricas en Benidorm\",\"url\":\"https:\\\/\\\/taobike.es\\\/\",\"logo\":{\"@type\":\"ImageObject\",\"inLanguage\":\"en-US\",\"@id\":\"https:\\\/\\\/taobike.es\\\/#\\\/schema\\\/logo\\\/image\\\/\",\"url\":\"https:\\\/\\\/taobike.es\\\/wp-content\\\/uploads\\\/2015\\\/04\\\/TAOLOGOSIMBOLO_sRGB.jpg\",\"contentUrl\":\"https:\\\/\\\/taobike.es\\\/wp-content\\\/uploads\\\/2015\\\/04\\\/TAOLOGOSIMBOLO_sRGB.jpg\",\"width\":307,\"height\":160,\"caption\":\"TAOBIKE - Alquiler de Bicicletas El\u00e9ctricas en Benidorm\"},\"image\":{\"@id\":\"https:\\\/\\\/taobike.es\\\/#\\\/schema\\\/logo\\\/image\\\/\"},\"sameAs\":[\"https:\\\/\\\/www.facebook.com\\\/taobikespain\",\"https:\\\/\\\/x.com\\\/tao_bike\",\"https:\\\/\\\/instagram.com\\\/taobike\\\/\"]}]}<\/script>\n<!-- \/ Yoast SEO plugin. -->","yoast_head_json":{"title":"Guided route Sierra Helada in e-bike!","description":"Ruta guiada en bicicleta el\u00e9ctrica. Sierra Helada al completo, conoce el Parque Natural sin esfuerzo y con un gu\u00eda que te ense\u00f1ar\u00e1 cada rinc\u00f3n","robots":{"index":"index","follow":"follow","max-snippet":"max-snippet:-1","max-image-preview":"max-image-preview:large","max-video-preview":"max-video-preview:-1"},"canonical":"https:\/\/taobike.es\/en\/ruta-sierra-helada-al-completo\/","og_locale":"en_US","og_type":"article","og_title":"Guided route Sierra Helada in e-bike!","og_description":"Ruta guiada en bicicleta el\u00e9ctrica. Sierra Helada al completo, conoce el Parque Natural sin esfuerzo y con un gu\u00eda que te ense\u00f1ar\u00e1 cada rinc\u00f3n","og_url":"https:\/\/taobike.es\/en\/ruta-sierra-helada-al-completo\/","og_site_name":"TAOBIKE - RENTAL E-BIKES - BENIDORM","article_publisher":"https:\/\/www.facebook.com\/taobikespain","article_modified_time":"2017-04-12T15:36:54+00:00","og_image":[{"width":800,"height":533,"url":"https:\/\/taobike.es\/wp-content\/uploads\/2018\/01\/taobike-sierrahelada.jpg","type":"image\/jpeg"}],"twitter_card":"summary_large_image","twitter_site":"@tao_bike","twitter_misc":{"Est. reading time":"1 minute"},"schema":{"@context":"https:\/\/schema.org","@graph":[{"@type":"WebPage","@id":"https:\/\/taobike.es\/en\/ruta-sierra-helada-al-completo\/","url":"https:\/\/taobike.es\/en\/ruta-sierra-helada-al-completo\/","name":"Guided route Sierra Helada in e-bike!","isPartOf":{"@id":"https:\/\/taobike.es\/#website"},"primaryImageOfPage":{"@id":"https:\/\/taobike.es\/en\/ruta-sierra-helada-al-completo\/#primaryimage"},"image":{"@id":"https:\/\/taobike.es\/en\/ruta-sierra-helada-al-completo\/#primaryimage"},"thumbnailUrl":"https:\/\/taobike.es\/wp-content\/uploads\/2018\/01\/taobike-sierrahelada.jpg","datePublished":"2016-09-25T09:52:59+00:00","dateModified":"2017-04-12T15:36:54+00:00","description":"Ruta guiada en bicicleta el\u00e9ctrica. Sierra Helada al completo, conoce el Parque Natural sin esfuerzo y con un gu\u00eda que te ense\u00f1ar\u00e1 cada rinc\u00f3n","breadcrumb":{"@id":"https:\/\/taobike.es\/en\/ruta-sierra-helada-al-completo\/#breadcrumb"},"inLanguage":"en-US","potentialAction":[{"@type":"ReadAction","target":["https:\/\/taobike.es\/en\/ruta-sierra-helada-al-completo\/"]}]},{"@type":"ImageObject","inLanguage":"en-US","@id":"https:\/\/taobike.es\/en\/ruta-sierra-helada-al-completo\/#primaryimage","url":"https:\/\/taobike.es\/wp-content\/uploads\/2018\/01\/taobike-sierrahelada.jpg","contentUrl":"https:\/\/taobike.es\/wp-content\/uploads\/2018\/01\/taobike-sierrahelada.jpg","width":800,"height":533,"caption":"excursiones benidorm"},{"@type":"BreadcrumbList","@id":"https:\/\/taobike.es\/en\/ruta-sierra-helada-al-completo\/#breadcrumb","itemListElement":[{"@type":"ListItem","position":1,"name":"Portada","item":"https:\/\/taobike.es\/en\/inicio\/"},{"@type":"ListItem","position":2,"name":"Rute: Full Sierra Helada Natural Park"}]},{"@type":"WebSite","@id":"https:\/\/taobike.es\/#website","url":"https:\/\/taobike.es\/","name":"TAOBIKE - RENTAL E-BIKES - BENIDORM","description":"ECO&amp;RESPONSIBLE TOURISM","publisher":{"@id":"https:\/\/taobike.es\/#organization"},"potentialAction":[{"@type":"SearchAction","target":{"@type":"EntryPoint","urlTemplate":"https:\/\/taobike.es\/?s={search_term_string}"},"query-input":{"@type":"PropertyValueSpecification","valueRequired":true,"valueName":"search_term_string"}}],"inLanguage":"en-US"},{"@type":"Organization","@id":"https:\/\/taobike.es\/#organization","name":"TAOBIKE - Alquiler de Bicicletas El\u00e9ctricas en Benidorm","url":"https:\/\/taobike.es\/","logo":{"@type":"ImageObject","inLanguage":"en-US","@id":"https:\/\/taobike.es\/#\/schema\/logo\/image\/","url":"https:\/\/taobike.es\/wp-content\/uploads\/2015\/04\/TAOLOGOSIMBOLO_sRGB.jpg","contentUrl":"https:\/\/taobike.es\/wp-content\/uploads\/2015\/04\/TAOLOGOSIMBOLO_sRGB.jpg","width":307,"height":160,"caption":"TAOBIKE - Alquiler de Bicicletas El\u00e9ctricas en Benidorm"},"image":{"@id":"https:\/\/taobike.es\/#\/schema\/logo\/image\/"},"sameAs":["https:\/\/www.facebook.com\/taobikespain","https:\/\/x.com\/tao_bike","https:\/\/instagram.com\/taobike\/"]}]}},"_links":{"self":[{"href":"https:\/\/taobike.es\/en\/wp-json\/wp\/v2\/pages\/1672","targetHints":{"allow":["GET"]}}],"collection":[{"href":"https:\/\/taobike.es\/en\/wp-json\/wp\/v2\/pages"}],"about":[{"href":"https:\/\/taobike.es\/en\/wp-json\/wp\/v2\/types\/page"}],"author":[{"embeddable":true,"href":"https:\/\/taobike.es\/en\/wp-json\/wp\/v2\/users\/4"}],"replies":[{"embeddable":true,"href":"https:\/\/taobike.es\/en\/wp-json\/wp\/v2\/comments?post=1672"}],"version-history":[{"count":0,"href":"https:\/\/taobike.es\/en\/wp-json\/wp\/v2\/pages\/1672\/revisions"}],"wp:featuredmedia":[{"embeddable":true,"href":"https:\/\/taobike.es\/en\/wp-json\/wp\/v2\/media\/2878"}],"wp:attachment":[{"href":"https:\/\/taobike.es\/en\/wp-json\/wp\/v2\/media?parent=1672"}],"curies":[{"name":"wp","href":"https:\/\/api.w.org\/{rel}","templated":true}]}}