{"id":5633,"date":"2019-10-02T11:16:08","date_gmt":"2019-10-02T10:16:08","guid":{"rendered":"https:\/\/taobike.es\/reparacion-de-patinetes-electricos\/"},"modified":"2025-08-07T10:39:51","modified_gmt":"2025-08-07T09:39:51","slug":"electric-scooter-service-and-repair","status":"publish","type":"page","link":"https:\/\/taobike.es\/en\/electric-scooter-service-and-repair\/","title":{"rendered":"Electric Scooter Service and Repair"},"content":{"rendered":"<div class=\"wpb-content-wrapper\"><p>[vc_section][vc_row][vc_column][\/vc_column][\/vc_row][vc_row][vc_column width=&#8221;1\/2&#8243;][vc_column_text css=&#8221;&#8221;]<\/p>\n<p data-start=\"124\" data-end=\"388\"><strong data-start=\"124\" data-end=\"224\">At Tao Bike, we are a specialized workshop for electric scooter and bicycle repairs in Benidorm.<\/strong><br data-start=\"224\" data-end=\"227\" \/>Our mechanics are highly trained and continuously updating their skills to provide solutions to any issues or questions you may have about your electric scooter.<\/p>\n<p data-start=\"390\" data-end=\"709\">Brands like <strong data-start=\"402\" data-end=\"412\">Xiaomi<\/strong>, <strong data-start=\"414\" data-end=\"425\">Cecotec<\/strong>, and the Valencian brand <strong data-start=\"451\" data-end=\"462\">Ecogyro<\/strong> are among the most popular, but they\u2019re not the only ones. There is a wide range of brands on the market, each with different features and components. That\u2019s why you need a <strong data-start=\"636\" data-end=\"665\">highly qualified workshop<\/strong> with access to <strong data-start=\"681\" data-end=\"708\">top-quality spare parts<\/strong>.<\/p>\n<p data-start=\"711\" data-end=\"913\">Electric scooters have become the most popular personal mobility vehicle. Their affordability, compact size, and the ability to replace car use for daily commutes have significantly boosted their sales.<\/p>\n<p data-start=\"915\" data-end=\"1064\">We understand that most electric scooter users in Benidorm rely on them for commuting to work. That\u2019s why we offer <strong data-start=\"1030\" data-end=\"1063\">repairs within 24 to 48 hours<\/strong>.<\/p>\n<p data-start=\"1066\" data-end=\"1239\">If you\u2019re having issues with your electric scooter, <strong data-start=\"1118\" data-end=\"1150\">don\u2019t hesitate to contact us<\/strong>. Our technical team will respond quickly and provide a <strong data-start=\"1206\" data-end=\"1238\">free, no-obligation estimate<\/strong>.<\/p>\n<p>[\/vc_column_text][\/vc_column][vc_column width=&#8221;1\/2&#8243;][vc_single_image image=&#8221;5537&#8243; img_size=&#8221;500&#215;500&#8243; alignment=&#8221;center&#8221; style=&#8221;vc_box_rounded&#8221; css=&#8221;&#8221;][\/vc_column][\/vc_row][\/vc_section][vc_section full_width=&#8221;stretch_row&#8221; parallax=&#8221;content-moving-fade&#8221; parallax_image=&#8221;5547&#8243; css=&#8221;.vc_custom_1754242881338{background-color: #5BAD1E !important;}&#8221;][vc_row type=&#8221;vc_default&#8221;][vc_column][vc_custom_heading text=&#8221;SERVICIOS&#8221; font_container=&#8221;tag:h2|text_align:center|color:%23FFFFFF&#8221; google_fonts=&#8221;font_family:Montserrat%3Aregular%2C700|font_style:400%20regular%3A400%3Anormal&#8221; css=&#8221;&#8221;][vc_separator css=&#8221;&#8221;][\/vc_column][\/vc_row][vc_row][vc_column width=&#8221;1\/2&#8243;][vc_column_text css=&#8221;&#8221; el_class=&#8221;texto&#8221;]<\/p>\n<ul>\n<li data-start=\"148\" data-end=\"171\">\n<p data-start=\"150\" data-end=\"171\">Puncture Repair<\/p>\n<\/li>\n<li data-start=\"172\" data-end=\"203\">\n<p data-start=\"174\" data-end=\"203\">Inner Tube Installation<\/p>\n<\/li>\n<li data-start=\"204\" data-end=\"235\">\n<p data-start=\"206\" data-end=\"235\">Solid Tire Installation<\/p>\n<\/li>\n<li data-start=\"236\" data-end=\"277\">\n<p data-start=\"238\" data-end=\"277\">Battery Replacement and Maintenance<\/p>\n<\/li>\n<\/ul>\n<p>[\/vc_column_text][\/vc_column][vc_column width=&#8221;1\/2&#8243;][vc_column_text css=&#8221;&#8221; el_class=&#8221;texto&#8221;]<\/p>\n<ul>\n<li>Ajuste de frenos.<\/li>\n<\/ul>\n<p>&nbsp;<\/p>\n<ul>\n<li>Ajuste de holgura de direcci\u00f3n.<\/li>\n<\/ul>\n<p>&nbsp;<\/p>\n<ul>\n<li>Reparaci\u00f3n cableado.<\/li>\n<\/ul>\n<p>&nbsp;<\/p>\n<ul>\n<li>Reparaci\u00f3n luces.<\/li>\n<\/ul>\n<p>[\/vc_column_text][\/vc_column][\/vc_row][\/vc_section][vc_section][vc_row][vc_column width=&#8221;1\/4&#8243;][vc_empty_space height=&#8221;5px&#8221;][vc_single_image image=&#8221;5588&#8243; img_size=&#8221;80&#215;80&#8243; alignment=&#8221;center&#8221; css=&#8221;&#8221;][\/vc_column][vc_column width=&#8221;1\/4&#8243;][vc_empty_space][vc_column_text css=&#8221;&#8221;]<img loading=\"lazy\" decoding=\"async\" class=\"wp-image-4443\" src=\"https:\/\/taobike.es\/wp-content\/uploads\/2020\/02\/skateflash-logo-15484174641.png\" alt=\"\" width=\"242\" height=\"21\" \/>[\/vc_column_text][\/vc_column][vc_column width=&#8221;1\/4&#8243;][vc_column_text css=&#8221;&#8221;]<img loading=\"lazy\" decoding=\"async\" class=\"wp-image-4456\" src=\"https:\/\/taobike.es\/wp-content\/uploads\/2020\/02\/NINEBOT.png\" alt=\"\" width=\"157\" height=\"87\" \/>[\/vc_column_text][\/vc_column][vc_column width=&#8221;1\/4&#8243;][vc_column_text css=&#8221;&#8221;]<img loading=\"lazy\" decoding=\"async\" class=\"wp-image-4450\" src=\"https:\/\/taobike.es\/wp-content\/uploads\/2020\/02\/CECOTEC.jpg\" alt=\"CECOTEC PATINETE\" width=\"167\" height=\"167\" srcset=\"https:\/\/taobike.es\/wp-content\/uploads\/2020\/02\/CECOTEC.jpg 225w, https:\/\/taobike.es\/wp-content\/uploads\/2020\/02\/CECOTEC-200x200.jpg 200w\" sizes=\"auto, (max-width: 167px) 100vw, 167px\" \/>[\/vc_column_text][\/vc_column][\/vc_row][\/vc_section][vc_row][vc_column width=&#8221;1\/2&#8243;]<form class=\"dt-contact-form dt-form privacy-form\" method=\"post\"><input type=\"hidden\" name=\"widget_id\" value=\"presscore-contact-form-widget--1\" \/><input type=\"hidden\" name=\"send_message\" value=\"\" \/><input type=\"hidden\" name=\"security_token\" value=\"37c3a83b408a0ff9fc29\"\/><div class=\"form-fields\"><span class=\"form-name\"><label class=\"assistive-text\">Name *<\/label><input type=\"text\" class=\"validate[required]\" placeholder=\"Name *\" name=\"name\" value=\"\" aria-required=\"true\">\n<\/span><span class=\"form-mail\"><label class=\"assistive-text\">E-mail *<\/label><input type=\"text\" class=\"validate[required,custom[email]]\" placeholder=\"E-mail *\" name=\"email\" value=\"\" aria-required=\"true\">\n<\/span><span class=\"form-telephone\"><label class=\"assistive-text\">Telephone<\/label><input type=\"text\" placeholder=\"Telephone\" name=\"telephone\" value=\"\" aria-required=\"false\">\n<\/span><\/div><span class=\"form-message\"><label class=\"assistive-text\">Message<\/label><textarea placeholder=\"Message\" name=\"message\" rows=\"6\" aria-required=\"false\"><\/textarea>\n<\/span><p class=\"the7-form-terms-wrap\"><input type=\"checkbox\" id=\"the7-form-terms-6c250b592dc94d4de38a79db4d2b18f2\" name=\"terms\" class=\"validate[required] the7-form-terms\" aria-required=\"true\" \/>&nbsp;<label for=\"the7-form-terms-6c250b592dc94d4de38a79db4d2b18f2\"><span class=\"form-terms-text\">Acepto la <a href=\"https:\/\/taobike.es\/legal\/\" target=\"_blank\" rel=\"noopener\">Pol\u00edtica de Privacidad y el Aviso Legal<\/a>.<\/span><\/label><\/p><p><a href=\"#\" class=\"dt-btn dt-btn-m dt-btn-submit\" rel=\"nofollow\"><span>Enviar<\/span><\/a><input class=\"assistive-text\" type=\"submit\" value=\"submit\"><\/p><\/form>\n[\/vc_column][vc_column width=&#8221;1\/2&#8243;][vc_column_text css=&#8221;&#8221;]Hola! D\u00e9janos tu consulta y te responderemos lo antes posible!<\/p>\n<h3>TAO BIKE<\/h3>\n<p><i class=\"fa icon-map\"><\/i> Av. Mediterr\u00e1neo, 62\u00a0\u00b7 Benidorm \u00b7 03503<br \/>\n<i class=\"fa icon-email\"><\/i> <a href=\"mailto:hola@taobike.es\" target=\"_blank\" rel=\"noopener noreferrer\">hola@taobike.es<\/a><br \/>\n966 17 57 39 \u00b7<\/p>\n<p><a href=\"https:\/\/api.whatsapp.com\/send?phone=34658712489&amp;text=Puedes enviarme precios de rutas en e-bike?\">Link WhatsApp<\/a><\/p>\n<p><i class=\"fa icon-clock\"><\/i> <strong>Invierno:<\/strong>\u00a0De Lunes a S\u00e1bado de 09:30h a 18:00h<\/p>\n<p><strong>Verano:<\/strong> De Lunes a S\u00e1bado de 09:30h a 19:00h[\/vc_column_text][\/vc_column][\/vc_row]<\/p>\n<\/div>","protected":false},"excerpt":{"rendered":"<p>[vc_section][vc_row][vc_column][\/vc_column][\/vc_row][vc_row][vc_column width=&#8221;1\/2&#8243;][vc_column_text css=&#8221;&#8221;] At Tao Bike, we are a specialized workshop for electric scooter and bicycle repairs in Benidorm.Our mechanics are highly trained and continuously updating their skills to provide&hellip;<\/p>\n","protected":false},"author":4,"featured_media":4386,"parent":0,"menu_order":0,"comment_status":"closed","ping_status":"closed","template":"","meta":{"_joinchat":[],"footnotes":""},"class_list":["post-5633","page","type-page","status-publish","has-post-thumbnail","hentry","description-off"],"yoast_head":"<!-- This site is optimized with the Yoast SEO plugin v27.4 - https:\/\/yoast.com\/product\/yoast-seo-wordpress\/ -->\n<title>Electric Scooter Service and Repair en Benidorm - TAO BIKE<\/title>\n<meta name=\"description\" content=\"Taller especializado en la reparaci\u00f3n de patinetes el\u00e9ctricos y bicicletas el\u00e9ctricas en Benidorm, Albir, Altea, Finestrat, Villajoiosa.\" \/>\n<meta name=\"robots\" content=\"index, follow, max-snippet:-1, max-image-preview:large, max-video-preview:-1\" \/>\n<link rel=\"canonical\" href=\"https:\/\/taobike.es\/en\/electric-scooter-service-and-repair\/\" \/>\n<meta property=\"og:locale\" content=\"en_US\" \/>\n<meta property=\"og:type\" content=\"article\" \/>\n<meta property=\"og:title\" content=\"Electric Scooter Service and Repair en Benidorm - TAO BIKE\" \/>\n<meta property=\"og:description\" content=\"Taller especializado en la reparaci\u00f3n de patinetes el\u00e9ctricos y bicicletas el\u00e9ctricas en Benidorm, Albir, Altea, Finestrat, Villajoiosa.\" \/>\n<meta property=\"og:url\" content=\"https:\/\/taobike.es\/en\/electric-scooter-service-and-repair\/\" \/>\n<meta property=\"og:site_name\" content=\"TAOBIKE - RENTAL E-BIKES - BENIDORM\" \/>\n<meta property=\"article:publisher\" content=\"https:\/\/www.facebook.com\/taobikespain\" \/>\n<meta property=\"article:modified_time\" content=\"2025-08-07T09:39:51+00:00\" \/>\n<meta property=\"og:image\" content=\"https:\/\/taobike.es\/wp-content\/uploads\/2019\/10\/reparar-xiaomi-Benidorm-1.jpg\" \/>\n\t<meta property=\"og:image:width\" content=\"1500\" \/>\n\t<meta property=\"og:image:height\" content=\"1500\" \/>\n\t<meta property=\"og:image:type\" content=\"image\/jpeg\" \/>\n<meta name=\"twitter:card\" content=\"summary_large_image\" \/>\n<meta name=\"twitter:site\" content=\"@tao_bike\" \/>\n<meta name=\"twitter:label1\" content=\"Est. reading time\" \/>\n\t<meta name=\"twitter:data1\" content=\"3 minutes\" \/>\n<script type=\"application\/ld+json\" class=\"yoast-schema-graph\">{\"@context\":\"https:\\\/\\\/schema.org\",\"@graph\":[{\"@type\":\"WebPage\",\"@id\":\"https:\\\/\\\/taobike.es\\\/en\\\/electric-scooter-service-and-repair\\\/\",\"url\":\"https:\\\/\\\/taobike.es\\\/en\\\/electric-scooter-service-and-repair\\\/\",\"name\":\"Electric Scooter Service and Repair en Benidorm - TAO BIKE\",\"isPartOf\":{\"@id\":\"https:\\\/\\\/taobike.es\\\/#website\"},\"primaryImageOfPage\":{\"@id\":\"https:\\\/\\\/taobike.es\\\/en\\\/electric-scooter-service-and-repair\\\/#primaryimage\"},\"image\":{\"@id\":\"https:\\\/\\\/taobike.es\\\/en\\\/electric-scooter-service-and-repair\\\/#primaryimage\"},\"thumbnailUrl\":\"https:\\\/\\\/taobike.es\\\/wp-content\\\/uploads\\\/2019\\\/10\\\/reparar-xiaomi-Benidorm-1.jpg\",\"datePublished\":\"2019-10-02T10:16:08+00:00\",\"dateModified\":\"2025-08-07T09:39:51+00:00\",\"description\":\"Taller especializado en la reparaci\u00f3n de patinetes el\u00e9ctricos y bicicletas el\u00e9ctricas en Benidorm, Albir, Altea, Finestrat, Villajoiosa.\",\"breadcrumb\":{\"@id\":\"https:\\\/\\\/taobike.es\\\/en\\\/electric-scooter-service-and-repair\\\/#breadcrumb\"},\"inLanguage\":\"en-US\",\"potentialAction\":[{\"@type\":\"ReadAction\",\"target\":[\"https:\\\/\\\/taobike.es\\\/en\\\/electric-scooter-service-and-repair\\\/\"]}]},{\"@type\":\"ImageObject\",\"inLanguage\":\"en-US\",\"@id\":\"https:\\\/\\\/taobike.es\\\/en\\\/electric-scooter-service-and-repair\\\/#primaryimage\",\"url\":\"https:\\\/\\\/taobike.es\\\/wp-content\\\/uploads\\\/2019\\\/10\\\/reparar-xiaomi-Benidorm-1.jpg\",\"contentUrl\":\"https:\\\/\\\/taobike.es\\\/wp-content\\\/uploads\\\/2019\\\/10\\\/reparar-xiaomi-Benidorm-1.jpg\",\"width\":1500,\"height\":1500,\"caption\":\"reparar patienete benidorm\"},{\"@type\":\"BreadcrumbList\",\"@id\":\"https:\\\/\\\/taobike.es\\\/en\\\/electric-scooter-service-and-repair\\\/#breadcrumb\",\"itemListElement\":[{\"@type\":\"ListItem\",\"position\":1,\"name\":\"Portada\",\"item\":\"https:\\\/\\\/taobike.es\\\/en\\\/inicio\\\/\"},{\"@type\":\"ListItem\",\"position\":2,\"name\":\"Electric Scooter Service and Repair\"}]},{\"@type\":\"WebSite\",\"@id\":\"https:\\\/\\\/taobike.es\\\/#website\",\"url\":\"https:\\\/\\\/taobike.es\\\/\",\"name\":\"TAOBIKE - RENTAL E-BIKES - BENIDORM\",\"description\":\"ECO&amp;RESPONSIBLE TOURISM\",\"publisher\":{\"@id\":\"https:\\\/\\\/taobike.es\\\/#organization\"},\"potentialAction\":[{\"@type\":\"SearchAction\",\"target\":{\"@type\":\"EntryPoint\",\"urlTemplate\":\"https:\\\/\\\/taobike.es\\\/?s={search_term_string}\"},\"query-input\":{\"@type\":\"PropertyValueSpecification\",\"valueRequired\":true,\"valueName\":\"search_term_string\"}}],\"inLanguage\":\"en-US\"},{\"@type\":\"Organization\",\"@id\":\"https:\\\/\\\/taobike.es\\\/#organization\",\"name\":\"TAOBIKE - Alquiler de Bicicletas El\u00e9ctricas en Benidorm\",\"url\":\"https:\\\/\\\/taobike.es\\\/\",\"logo\":{\"@type\":\"ImageObject\",\"inLanguage\":\"en-US\",\"@id\":\"https:\\\/\\\/taobike.es\\\/#\\\/schema\\\/logo\\\/image\\\/\",\"url\":\"https:\\\/\\\/taobike.es\\\/wp-content\\\/uploads\\\/2015\\\/04\\\/TAOLOGOSIMBOLO_sRGB.jpg\",\"contentUrl\":\"https:\\\/\\\/taobike.es\\\/wp-content\\\/uploads\\\/2015\\\/04\\\/TAOLOGOSIMBOLO_sRGB.jpg\",\"width\":307,\"height\":160,\"caption\":\"TAOBIKE - Alquiler de Bicicletas El\u00e9ctricas en Benidorm\"},\"image\":{\"@id\":\"https:\\\/\\\/taobike.es\\\/#\\\/schema\\\/logo\\\/image\\\/\"},\"sameAs\":[\"https:\\\/\\\/www.facebook.com\\\/taobikespain\",\"https:\\\/\\\/x.com\\\/tao_bike\",\"https:\\\/\\\/instagram.com\\\/taobike\\\/\"]}]}<\/script>\n<!-- \/ Yoast SEO plugin. -->","yoast_head_json":{"title":"Electric Scooter Service and Repair en Benidorm - TAO BIKE","description":"Taller especializado en la reparaci\u00f3n de patinetes el\u00e9ctricos y bicicletas el\u00e9ctricas en Benidorm, Albir, Altea, Finestrat, Villajoiosa.","robots":{"index":"index","follow":"follow","max-snippet":"max-snippet:-1","max-image-preview":"max-image-preview:large","max-video-preview":"max-video-preview:-1"},"canonical":"https:\/\/taobike.es\/en\/electric-scooter-service-and-repair\/","og_locale":"en_US","og_type":"article","og_title":"Electric Scooter Service and Repair en Benidorm - TAO BIKE","og_description":"Taller especializado en la reparaci\u00f3n de patinetes el\u00e9ctricos y bicicletas el\u00e9ctricas en Benidorm, Albir, Altea, Finestrat, Villajoiosa.","og_url":"https:\/\/taobike.es\/en\/electric-scooter-service-and-repair\/","og_site_name":"TAOBIKE - RENTAL E-BIKES - BENIDORM","article_publisher":"https:\/\/www.facebook.com\/taobikespain","article_modified_time":"2025-08-07T09:39:51+00:00","og_image":[{"width":1500,"height":1500,"url":"https:\/\/taobike.es\/wp-content\/uploads\/2019\/10\/reparar-xiaomi-Benidorm-1.jpg","type":"image\/jpeg"}],"twitter_card":"summary_large_image","twitter_site":"@tao_bike","twitter_misc":{"Est. reading time":"3 minutes"},"schema":{"@context":"https:\/\/schema.org","@graph":[{"@type":"WebPage","@id":"https:\/\/taobike.es\/en\/electric-scooter-service-and-repair\/","url":"https:\/\/taobike.es\/en\/electric-scooter-service-and-repair\/","name":"Electric Scooter Service and Repair en Benidorm - TAO BIKE","isPartOf":{"@id":"https:\/\/taobike.es\/#website"},"primaryImageOfPage":{"@id":"https:\/\/taobike.es\/en\/electric-scooter-service-and-repair\/#primaryimage"},"image":{"@id":"https:\/\/taobike.es\/en\/electric-scooter-service-and-repair\/#primaryimage"},"thumbnailUrl":"https:\/\/taobike.es\/wp-content\/uploads\/2019\/10\/reparar-xiaomi-Benidorm-1.jpg","datePublished":"2019-10-02T10:16:08+00:00","dateModified":"2025-08-07T09:39:51+00:00","description":"Taller especializado en la reparaci\u00f3n de patinetes el\u00e9ctricos y bicicletas el\u00e9ctricas en Benidorm, Albir, Altea, Finestrat, Villajoiosa.","breadcrumb":{"@id":"https:\/\/taobike.es\/en\/electric-scooter-service-and-repair\/#breadcrumb"},"inLanguage":"en-US","potentialAction":[{"@type":"ReadAction","target":["https:\/\/taobike.es\/en\/electric-scooter-service-and-repair\/"]}]},{"@type":"ImageObject","inLanguage":"en-US","@id":"https:\/\/taobike.es\/en\/electric-scooter-service-and-repair\/#primaryimage","url":"https:\/\/taobike.es\/wp-content\/uploads\/2019\/10\/reparar-xiaomi-Benidorm-1.jpg","contentUrl":"https:\/\/taobike.es\/wp-content\/uploads\/2019\/10\/reparar-xiaomi-Benidorm-1.jpg","width":1500,"height":1500,"caption":"reparar patienete benidorm"},{"@type":"BreadcrumbList","@id":"https:\/\/taobike.es\/en\/electric-scooter-service-and-repair\/#breadcrumb","itemListElement":[{"@type":"ListItem","position":1,"name":"Portada","item":"https:\/\/taobike.es\/en\/inicio\/"},{"@type":"ListItem","position":2,"name":"Electric Scooter Service and Repair"}]},{"@type":"WebSite","@id":"https:\/\/taobike.es\/#website","url":"https:\/\/taobike.es\/","name":"TAOBIKE - RENTAL E-BIKES - BENIDORM","description":"ECO&amp;RESPONSIBLE TOURISM","publisher":{"@id":"https:\/\/taobike.es\/#organization"},"potentialAction":[{"@type":"SearchAction","target":{"@type":"EntryPoint","urlTemplate":"https:\/\/taobike.es\/?s={search_term_string}"},"query-input":{"@type":"PropertyValueSpecification","valueRequired":true,"valueName":"search_term_string"}}],"inLanguage":"en-US"},{"@type":"Organization","@id":"https:\/\/taobike.es\/#organization","name":"TAOBIKE - Alquiler de Bicicletas El\u00e9ctricas en Benidorm","url":"https:\/\/taobike.es\/","logo":{"@type":"ImageObject","inLanguage":"en-US","@id":"https:\/\/taobike.es\/#\/schema\/logo\/image\/","url":"https:\/\/taobike.es\/wp-content\/uploads\/2015\/04\/TAOLOGOSIMBOLO_sRGB.jpg","contentUrl":"https:\/\/taobike.es\/wp-content\/uploads\/2015\/04\/TAOLOGOSIMBOLO_sRGB.jpg","width":307,"height":160,"caption":"TAOBIKE - Alquiler de Bicicletas El\u00e9ctricas en Benidorm"},"image":{"@id":"https:\/\/taobike.es\/#\/schema\/logo\/image\/"},"sameAs":["https:\/\/www.facebook.com\/taobikespain","https:\/\/x.com\/tao_bike","https:\/\/instagram.com\/taobike\/"]}]}},"_links":{"self":[{"href":"https:\/\/taobike.es\/en\/wp-json\/wp\/v2\/pages\/5633","targetHints":{"allow":["GET"]}}],"collection":[{"href":"https:\/\/taobike.es\/en\/wp-json\/wp\/v2\/pages"}],"about":[{"href":"https:\/\/taobike.es\/en\/wp-json\/wp\/v2\/types\/page"}],"author":[{"embeddable":true,"href":"https:\/\/taobike.es\/en\/wp-json\/wp\/v2\/users\/4"}],"replies":[{"embeddable":true,"href":"https:\/\/taobike.es\/en\/wp-json\/wp\/v2\/comments?post=5633"}],"version-history":[{"count":8,"href":"https:\/\/taobike.es\/en\/wp-json\/wp\/v2\/pages\/5633\/revisions"}],"predecessor-version":[{"id":5676,"href":"https:\/\/taobike.es\/en\/wp-json\/wp\/v2\/pages\/5633\/revisions\/5676"}],"wp:featuredmedia":[{"embeddable":true,"href":"https:\/\/taobike.es\/en\/wp-json\/wp\/v2\/media\/4386"}],"wp:attachment":[{"href":"https:\/\/taobike.es\/en\/wp-json\/wp\/v2\/media?parent=5633"}],"curies":[{"name":"wp","href":"https:\/\/api.w.org\/{rel}","templated":true}]}}