{"id":674,"date":"2015-11-13T07:19:28","date_gmt":"2015-11-13T07:19:28","guid":{"rendered":"http:\/\/taobike.es\/en\/?page_id=674"},"modified":"2025-08-07T10:47:32","modified_gmt":"2025-08-07T09:47:32","slug":"free-routes","status":"publish","type":"page","link":"https:\/\/taobike.es\/en\/free-routes\/","title":{"rendered":"Routes The Way You Like It"},"content":{"rendered":"<div class=\"wpb-content-wrapper\"><p>[vc_row][vc_column][vc_empty_space][vc_custom_heading text=&#8221;DESCUBRE LAS MEJORES RUTAS CON TAO BIKE&#8221; font_container=&#8221;tag:h1|text_align:center&#8221; google_fonts=&#8221;font_family:Montserrat%3Aregular%2C700|font_style:700%20bold%20regular%3A700%3Anormal&#8221; css=&#8221;&#8221;][vc_empty_space height=&#8221;60px&#8221;][vc_custom_heading text=&#8221;RUTAS A TU AIRE&#8221; font_container=&#8221;tag:h2|text_align:center&#8221; google_fonts=&#8221;font_family:Montserrat%3Aregular%2C700|font_style:400%20regular%3A400%3Anormal&#8221; css=&#8221;&#8221;][vc_separator color=&#8221;custom&#8221; css=&#8221;&#8221; accent_color=&#8221;#81D742&#8243;][vc_column_text css=&#8221;&#8221; el_class=&#8221;texto&#8221;]<\/p>\n<p style=\"text-align: justify;\">Una vez tengas tu Tao Bike existen una gran variedad de Rutas Gratuitas que puedes realizar a tu aire.<\/p>\n<p style=\"text-align: justify;\">Aqu\u00ed te proponemos algunas opciones para que hagas por tu cuenta y disfrutes de una forma sostenible de Benidorm y sus alrededores.<\/p>\n<p style=\"text-align: justify;\">Te proponemos rutas adaptadas a distintos perfiles que hemos elaborado con detalle (recorrido, duraci\u00f3n, mapa, dificultad,\u2026) y sobre las que continuamos trabajando para que las descubras de diferentes maneras, algunas de ellas son:<\/p>\n<p>[\/vc_column_text][vc_row_inner][vc_column_inner width=&#8221;1\/2&#8243;][vc_column_text css=&#8221;&#8221; el_class=&#8221;texto&#8221;]<\/p>\n<ul style=\"text-align: justify;\">\n<li><strong>Naturaleza y la Punta Cavall<\/strong>: pi\u00e9rdete en la naturaleza y conoce la biodiversidad del Parque Natural de Sierra Helada a 5 minutos de la gran urbe y alucina con las vistas.<\/li>\n<li><strong>Vistas desde el Faro<\/strong>: descubre el Parque Natural de Sierra Helada y la vecina playa del Albir adem\u00e1s de las deslumbrantes vistas de la costa de Altea y Calpe desde el Faro.<\/li>\n<li><strong>Ruta de las calas<\/strong>: \u00bfamante de las playas? visita calas y playas pr\u00f3ximas a Benidorm, vas a alucinar!<\/li>\n<li><strong>Ruta de los mercadillos<\/strong>: visita el mercadillo, disfruta comprando fruta fresca o alg\u00fan capricho. Te informamos de cu\u00e1l tienes abierto cada d\u00eda de la semana.<\/li>\n<li><strong>Ruta nocturna<\/strong>: una vez al mes organizamos al menos una salida nocturna, la \u00faltima fue salida en luna llena para disfrutar de las vistas desde la cruz. Pretendemos enamorar al turista de la belleza de nuestra ciudad tambi\u00e9n por la noche.<\/li>\n<\/ul>\n<p>[\/vc_column_text][\/vc_column_inner][vc_column_inner width=&#8221;1\/2&#8243;][vc_column_text css=&#8221;&#8221; el_class=&#8221;texto&#8221;]<\/p>\n<ul style=\"text-align: justify;\">\n<li><strong>Ruta gastron\u00f3mica<\/strong>: no te pierdas los mejores pintxos de Benidorm, las sidrer\u00edas, o las mejores paellas\u2026y aparca justo en la puerta!<\/li>\n<li><strong>Rastro cisne<\/strong>: jueves, s\u00e1bados y domingos a un par de kil\u00f3metros de Benidorm puedes ir a descubrir los tesoros, chollos y las m\u00e1s curiosas antig\u00fcedades adem\u00e1s de comer y disfrutar de buena m\u00fasica. Si eres un Indiana Jones en busca del arca perdida\u2026preg\u00fantanos por el resto de rastros\u2026vivimos en una zona plagada de tesoros para los buenos buscadores.<\/li>\n<li><strong>Ruta turismo activo<\/strong> (submarinismo, kayak, escalada, etc): \u00bfnecesitas moverte sin parar? Vete pedaleando a hacer un mont\u00f3n de actividades\u2026te ayudamos a organizarlo en\u00a0 base a tus preferencias.<\/li>\n<li><strong>Benidorm Souvenir<\/strong> (Compras): Para que no te vayas de la ciudad sin los regalos obligatorios, o mejor todav\u00eda, para que descubras todo lo que te ofrece el comercio local y te regales lo que m\u00e1s te guste, te orientamos en una ruta sin esfuerzo por las calles del centro y si te has quedado con ganas de m\u00e1s puedes llegar al centro comercial.<\/li>\n<li>El encanto de\u00a0<strong>Altea<\/strong>: Fotografiar la bella iglesia de la vecina ciudad de Altea, ver su puerto deportivo, paseo mar\u00edtimo o subir hacia el casco antiguo y captar el ambiente bohemio que desprende pasando por el Paseo de las Estrellas del Albir, es sencillo sobre una <strong>Tao Bike<\/strong>.<\/li>\n<\/ul>\n<p>[\/vc_column_text][\/vc_column_inner][\/vc_row_inner][vc_single_image image=&#8221;3708&#8243; img_size=&#8221;large&#8221; alignment=&#8221;center&#8221; style=&#8221;vc_box_rounded&#8221; css=&#8221;&#8221;][\/vc_column][\/vc_row][vc_row][vc_column][vc_empty_space][vc_empty_space][\/vc_column][\/vc_row][vc_section css_animation=&#8221;fadeInLeft&#8221;][vc_row][vc_column][vc_custom_heading text=&#8221;RUTAS MTB&#8221; font_container=&#8221;tag:h2|text_align:center&#8221; google_fonts=&#8221;font_family:Montserrat%3Aregular%2C700|font_style:400%20regular%3A400%3Anormal&#8221; css=&#8221;&#8221;][vc_separator color=&#8221;custom&#8221; css=&#8221;&#8221; accent_color=&#8221;#81D742&#8243;][vc_column_text css=&#8221;&#8221;]<\/p>\n<div class=\"wpb_text_column wpb_content_element \">\n<div class=\"wpb_wrapper\">\n<p>Con nuestras rutas MTB, llevamos nuestra pasi\u00f3n por las bicis un paso m\u00e1s all\u00e1 y ampliamos la experiencia de disfrutar las bicicletas el\u00e9ctricas a los apasionados de la <strong>Mountain Bike<\/strong>.<\/p>\n<p>Descubrir\u00e1s la impresionante belleza de la Costa Blanca, a trav\u00e9s de nuestras rutas, que recorren algunas de las monta\u00f1as m\u00e1s conocidas de nuestra comarca como Sierra Helada, Sierra Cortina, Sierra Bernia y El Puig Campana.<\/p>\n<p>Las rutas est\u00e1n pensadas para que cualquiera pueda realizarlas, para ello, tenemos varios niveles de dificultad, para que tanto aficionados como expertos puedan disfrutaras.<\/p>\n<\/div>\n<\/div>\n<p>[\/vc_column_text][vc_custom_heading text=&#8221;\u00a1AP\u00daNTATE AL TURISMO ACTIVO!&#8221; font_container=&#8221;tag:h3|text_align:center&#8221; google_fonts=&#8221;font_family:Montserrat%3Aregular%2C700|font_style:400%20regular%3A400%3Anormal&#8221; css=&#8221;&#8221;][vc_empty_space][vc_single_image image=&#8221;5681&#8243; img_size=&#8221;large&#8221; alignment=&#8221;center&#8221; style=&#8221;vc_box_rounded&#8221; css=&#8221;&#8221;][vc_empty_space][vc_custom_heading text=&#8221;PROYECTO REALIZADO GRACIAS A LA COLABORACI\u00d3N CON LA COMUNIDAD VALENCIANA&#8221; font_container=&#8221;tag:h4|text_align:center&#8221; google_fonts=&#8221;font_family:Montserrat%3Aregular%2C700|font_style:400%20regular%3A400%3Anormal&#8221; css=&#8221;&#8221;][\/vc_column][\/vc_row][vc_row][vc_column width=&#8221;1\/3&#8243;][vc_single_image image=&#8221;2908&#8243; alignment=&#8221;center&#8221; style=&#8221;vc_box_rounded&#8221; css=&#8221;&#8221;][\/vc_column][vc_column width=&#8221;1\/3&#8243;][vc_empty_space][vc_single_image image=&#8221;2541&#8243; alignment=&#8221;center&#8221; style=&#8221;vc_box_rounded&#8221; css=&#8221;&#8221;][\/vc_column][vc_column width=&#8221;1\/3&#8243;][vc_empty_space][vc_single_image image=&#8221;937&#8243; alignment=&#8221;center&#8221; css=&#8221;&#8221;][\/vc_column][\/vc_row][\/vc_section]<\/p>\n<\/div>","protected":false},"excerpt":{"rendered":"<p>[vc_row][vc_column][vc_empty_space][vc_custom_heading text=&#8221;DESCUBRE LAS MEJORES RUTAS CON TAO BIKE&#8221; font_container=&#8221;tag:h1|text_align:center&#8221; google_fonts=&#8221;font_family:Montserrat%3Aregular%2C700|font_style:700%20bold%20regular%3A700%3Anormal&#8221; css=&#8221;&#8221;][vc_empty_space height=&#8221;60px&#8221;][vc_custom_heading text=&#8221;RUTAS A TU AIRE&#8221; font_container=&#8221;tag:h2|text_align:center&#8221; google_fonts=&#8221;font_family:Montserrat%3Aregular%2C700|font_style:400%20regular%3A400%3Anormal&#8221; css=&#8221;&#8221;][vc_separator color=&#8221;custom&#8221; css=&#8221;&#8221; accent_color=&#8221;#81D742&#8243;][vc_column_text css=&#8221;&#8221; el_class=&#8221;texto&#8221;] Una vez tengas tu Tao Bike&hellip;<\/p>\n","protected":false},"author":1,"featured_media":0,"parent":0,"menu_order":0,"comment_status":"closed","ping_status":"closed","template":"","meta":{"_joinchat":[],"footnotes":""},"class_list":["post-674","page","type-page","status-publish","hentry","description-off"],"yoast_head":"<!-- This site is optimized with the Yoast SEO plugin v27.4 - https:\/\/yoast.com\/product\/yoast-seo-wordpress\/ -->\n<title>Routes The Way You Like It - TAOBIKE - RENTAL E-BIKES - BENIDORM<\/title>\n<meta name=\"robots\" content=\"index, follow, max-snippet:-1, max-image-preview:large, max-video-preview:-1\" \/>\n<link rel=\"canonical\" href=\"https:\/\/taobike.es\/en\/free-routes\/\" \/>\n<meta property=\"og:locale\" content=\"en_US\" \/>\n<meta property=\"og:type\" content=\"article\" \/>\n<meta property=\"og:title\" content=\"Routes The Way You Like It - TAOBIKE - RENTAL E-BIKES - BENIDORM\" \/>\n<meta property=\"og:description\" content=\"[vc_row][vc_column][vc_empty_space][vc_custom_heading text=&#8221;DESCUBRE LAS MEJORES RUTAS CON TAO BIKE&#8221; font_container=&#8221;tag:h1|text_align:center&#8221; google_fonts=&#8221;font_family:Montserrat%3Aregular%2C700|font_style:700%20bold%20regular%3A700%3Anormal&#8221; css=&#8221;&#8221;][vc_empty_space height=&#8221;60px&#8221;][vc_custom_heading text=&#8221;RUTAS A TU AIRE&#8221; font_container=&#8221;tag:h2|text_align:center&#8221; google_fonts=&#8221;font_family:Montserrat%3Aregular%2C700|font_style:400%20regular%3A400%3Anormal&#8221; css=&#8221;&#8221;][vc_separator color=&#8221;custom&#8221; css=&#8221;&#8221; accent_color=&#8221;#81D742&#8243;][vc_column_text css=&#8221;&#8221; el_class=&#8221;texto&#8221;] Una vez tengas tu Tao Bike&hellip;\" \/>\n<meta property=\"og:url\" content=\"https:\/\/taobike.es\/en\/free-routes\/\" \/>\n<meta property=\"og:site_name\" content=\"TAOBIKE - RENTAL E-BIKES - BENIDORM\" \/>\n<meta property=\"article:publisher\" content=\"https:\/\/www.facebook.com\/taobikespain\" \/>\n<meta property=\"article:modified_time\" content=\"2025-08-07T09:47:32+00:00\" \/>\n<meta name=\"twitter:card\" content=\"summary_large_image\" \/>\n<meta name=\"twitter:site\" content=\"@tao_bike\" \/>\n<meta name=\"twitter:label1\" content=\"Est. reading time\" \/>\n\t<meta name=\"twitter:data1\" content=\"3 minutes\" \/>\n<script type=\"application\/ld+json\" class=\"yoast-schema-graph\">{\"@context\":\"https:\\\/\\\/schema.org\",\"@graph\":[{\"@type\":\"WebPage\",\"@id\":\"https:\\\/\\\/taobike.es\\\/en\\\/free-routes\\\/\",\"url\":\"https:\\\/\\\/taobike.es\\\/en\\\/free-routes\\\/\",\"name\":\"Routes The Way You Like It - TAOBIKE - RENTAL E-BIKES - BENIDORM\",\"isPartOf\":{\"@id\":\"https:\\\/\\\/taobike.es\\\/#website\"},\"datePublished\":\"2015-11-13T07:19:28+00:00\",\"dateModified\":\"2025-08-07T09:47:32+00:00\",\"breadcrumb\":{\"@id\":\"https:\\\/\\\/taobike.es\\\/en\\\/free-routes\\\/#breadcrumb\"},\"inLanguage\":\"en-US\",\"potentialAction\":[{\"@type\":\"ReadAction\",\"target\":[\"https:\\\/\\\/taobike.es\\\/en\\\/free-routes\\\/\"]}]},{\"@type\":\"BreadcrumbList\",\"@id\":\"https:\\\/\\\/taobike.es\\\/en\\\/free-routes\\\/#breadcrumb\",\"itemListElement\":[{\"@type\":\"ListItem\",\"position\":1,\"name\":\"Portada\",\"item\":\"https:\\\/\\\/taobike.es\\\/en\\\/inicio\\\/\"},{\"@type\":\"ListItem\",\"position\":2,\"name\":\"Routes The Way You Like It\"}]},{\"@type\":\"WebSite\",\"@id\":\"https:\\\/\\\/taobike.es\\\/#website\",\"url\":\"https:\\\/\\\/taobike.es\\\/\",\"name\":\"TAOBIKE - RENTAL E-BIKES - BENIDORM\",\"description\":\"ECO&amp;RESPONSIBLE TOURISM\",\"publisher\":{\"@id\":\"https:\\\/\\\/taobike.es\\\/#organization\"},\"potentialAction\":[{\"@type\":\"SearchAction\",\"target\":{\"@type\":\"EntryPoint\",\"urlTemplate\":\"https:\\\/\\\/taobike.es\\\/?s={search_term_string}\"},\"query-input\":{\"@type\":\"PropertyValueSpecification\",\"valueRequired\":true,\"valueName\":\"search_term_string\"}}],\"inLanguage\":\"en-US\"},{\"@type\":\"Organization\",\"@id\":\"https:\\\/\\\/taobike.es\\\/#organization\",\"name\":\"TAOBIKE - Alquiler de Bicicletas El\u00e9ctricas en Benidorm\",\"url\":\"https:\\\/\\\/taobike.es\\\/\",\"logo\":{\"@type\":\"ImageObject\",\"inLanguage\":\"en-US\",\"@id\":\"https:\\\/\\\/taobike.es\\\/#\\\/schema\\\/logo\\\/image\\\/\",\"url\":\"https:\\\/\\\/taobike.es\\\/wp-content\\\/uploads\\\/2015\\\/04\\\/TAOLOGOSIMBOLO_sRGB.jpg\",\"contentUrl\":\"https:\\\/\\\/taobike.es\\\/wp-content\\\/uploads\\\/2015\\\/04\\\/TAOLOGOSIMBOLO_sRGB.jpg\",\"width\":307,\"height\":160,\"caption\":\"TAOBIKE - Alquiler de Bicicletas El\u00e9ctricas en Benidorm\"},\"image\":{\"@id\":\"https:\\\/\\\/taobike.es\\\/#\\\/schema\\\/logo\\\/image\\\/\"},\"sameAs\":[\"https:\\\/\\\/www.facebook.com\\\/taobikespain\",\"https:\\\/\\\/x.com\\\/tao_bike\",\"https:\\\/\\\/instagram.com\\\/taobike\\\/\"]}]}<\/script>\n<!-- \/ Yoast SEO plugin. -->","yoast_head_json":{"title":"Routes The Way You Like It - TAOBIKE - RENTAL E-BIKES - BENIDORM","robots":{"index":"index","follow":"follow","max-snippet":"max-snippet:-1","max-image-preview":"max-image-preview:large","max-video-preview":"max-video-preview:-1"},"canonical":"https:\/\/taobike.es\/en\/free-routes\/","og_locale":"en_US","og_type":"article","og_title":"Routes The Way You Like It - TAOBIKE - RENTAL E-BIKES - BENIDORM","og_description":"[vc_row][vc_column][vc_empty_space][vc_custom_heading text=&#8221;DESCUBRE LAS MEJORES RUTAS CON TAO BIKE&#8221; font_container=&#8221;tag:h1|text_align:center&#8221; google_fonts=&#8221;font_family:Montserrat%3Aregular%2C700|font_style:700%20bold%20regular%3A700%3Anormal&#8221; css=&#8221;&#8221;][vc_empty_space height=&#8221;60px&#8221;][vc_custom_heading text=&#8221;RUTAS A TU AIRE&#8221; font_container=&#8221;tag:h2|text_align:center&#8221; google_fonts=&#8221;font_family:Montserrat%3Aregular%2C700|font_style:400%20regular%3A400%3Anormal&#8221; css=&#8221;&#8221;][vc_separator color=&#8221;custom&#8221; css=&#8221;&#8221; accent_color=&#8221;#81D742&#8243;][vc_column_text css=&#8221;&#8221; el_class=&#8221;texto&#8221;] Una vez tengas tu Tao Bike&hellip;","og_url":"https:\/\/taobike.es\/en\/free-routes\/","og_site_name":"TAOBIKE - RENTAL E-BIKES - BENIDORM","article_publisher":"https:\/\/www.facebook.com\/taobikespain","article_modified_time":"2025-08-07T09:47:32+00:00","twitter_card":"summary_large_image","twitter_site":"@tao_bike","twitter_misc":{"Est. reading time":"3 minutes"},"schema":{"@context":"https:\/\/schema.org","@graph":[{"@type":"WebPage","@id":"https:\/\/taobike.es\/en\/free-routes\/","url":"https:\/\/taobike.es\/en\/free-routes\/","name":"Routes The Way You Like It - TAOBIKE - RENTAL E-BIKES - BENIDORM","isPartOf":{"@id":"https:\/\/taobike.es\/#website"},"datePublished":"2015-11-13T07:19:28+00:00","dateModified":"2025-08-07T09:47:32+00:00","breadcrumb":{"@id":"https:\/\/taobike.es\/en\/free-routes\/#breadcrumb"},"inLanguage":"en-US","potentialAction":[{"@type":"ReadAction","target":["https:\/\/taobike.es\/en\/free-routes\/"]}]},{"@type":"BreadcrumbList","@id":"https:\/\/taobike.es\/en\/free-routes\/#breadcrumb","itemListElement":[{"@type":"ListItem","position":1,"name":"Portada","item":"https:\/\/taobike.es\/en\/inicio\/"},{"@type":"ListItem","position":2,"name":"Routes The Way You Like It"}]},{"@type":"WebSite","@id":"https:\/\/taobike.es\/#website","url":"https:\/\/taobike.es\/","name":"TAOBIKE - RENTAL E-BIKES - BENIDORM","description":"ECO&amp;RESPONSIBLE TOURISM","publisher":{"@id":"https:\/\/taobike.es\/#organization"},"potentialAction":[{"@type":"SearchAction","target":{"@type":"EntryPoint","urlTemplate":"https:\/\/taobike.es\/?s={search_term_string}"},"query-input":{"@type":"PropertyValueSpecification","valueRequired":true,"valueName":"search_term_string"}}],"inLanguage":"en-US"},{"@type":"Organization","@id":"https:\/\/taobike.es\/#organization","name":"TAOBIKE - Alquiler de Bicicletas El\u00e9ctricas en Benidorm","url":"https:\/\/taobike.es\/","logo":{"@type":"ImageObject","inLanguage":"en-US","@id":"https:\/\/taobike.es\/#\/schema\/logo\/image\/","url":"https:\/\/taobike.es\/wp-content\/uploads\/2015\/04\/TAOLOGOSIMBOLO_sRGB.jpg","contentUrl":"https:\/\/taobike.es\/wp-content\/uploads\/2015\/04\/TAOLOGOSIMBOLO_sRGB.jpg","width":307,"height":160,"caption":"TAOBIKE - Alquiler de Bicicletas El\u00e9ctricas en Benidorm"},"image":{"@id":"https:\/\/taobike.es\/#\/schema\/logo\/image\/"},"sameAs":["https:\/\/www.facebook.com\/taobikespain","https:\/\/x.com\/tao_bike","https:\/\/instagram.com\/taobike\/"]}]}},"_links":{"self":[{"href":"https:\/\/taobike.es\/en\/wp-json\/wp\/v2\/pages\/674","targetHints":{"allow":["GET"]}}],"collection":[{"href":"https:\/\/taobike.es\/en\/wp-json\/wp\/v2\/pages"}],"about":[{"href":"https:\/\/taobike.es\/en\/wp-json\/wp\/v2\/types\/page"}],"author":[{"embeddable":true,"href":"https:\/\/taobike.es\/en\/wp-json\/wp\/v2\/users\/1"}],"replies":[{"embeddable":true,"href":"https:\/\/taobike.es\/en\/wp-json\/wp\/v2\/comments?post=674"}],"version-history":[{"count":5,"href":"https:\/\/taobike.es\/en\/wp-json\/wp\/v2\/pages\/674\/revisions"}],"predecessor-version":[{"id":5685,"href":"https:\/\/taobike.es\/en\/wp-json\/wp\/v2\/pages\/674\/revisions\/5685"}],"wp:attachment":[{"href":"https:\/\/taobike.es\/en\/wp-json\/wp\/v2\/media?parent=674"}],"curies":[{"name":"wp","href":"https:\/\/api.w.org\/{rel}","templated":true}]}}