{"id":676,"date":"2015-07-18T08:55:51","date_gmt":"2015-07-18T08:55:51","guid":{"rendered":"http:\/\/taobike.es\/en\/?page_id=676"},"modified":"2024-04-24T16:45:34","modified_gmt":"2024-04-24T15:45:34","slug":"guided-routes","status":"publish","type":"page","link":"https:\/\/taobike.es\/en\/guided-routes\/","title":{"rendered":"Guided Routes on Benidorm and Surroundings"},"content":{"rendered":"<div class=\"wpb-content-wrapper\"><p>[vc_row][vc_column][vc_column_text]To help you enjoy your stay in Benidormcompletely and explore places that you might still not know, in Tao Bikes\u00a0<strong>we organize Guided Routes on E-bike for all levels<\/strong>. Road and Mountain trips, individual or for groups. Open or closed Group Routes. Just tell us what kind of route you want to take and we will organize all the things. We have good knowledge of the roads and paths in the area so we can prepare a route perfectly adapted to your needs, with length, difficulty level or preferred places of interest.\u00a0<strong>The best of The Costa Blanca is within your reach. Because there is always something new to discover.<\/strong><\/p>\n<p>We suggest, for example, Guided routes to local wine cellars, a natural park with waterfalls, the mountains from Sierra Helada ,Guadalest,, an arab village built over a rock or a beautiful fisheries village like Villa Joyosa and the awesome sunset\u00a0 in the bohemian city of Althea\u2026 we keep the mind open, so the limits are in your imagination\u2026<\/p>\n<p>The price of guided routes depends on the route itself but in all cases it includes one of our friendly guides, a helmet and a lock, mechanical assistance when needed and a complete civil and medical insurance in case of an accident during the route.<\/p>\n<p>Send us an e-mail to\u00a0<a href=\"mailto:hola@taobike.es\">hola@taobike.es<\/a>\u00a0or call us and ask about the route, dates and conditiones you are interested in so we can calclate the Budget as soon as possible.[\/vc_column_text][\/vc_column][\/vc_row][vc_row][vc_column width=&#8221;1\/2&#8243;]<div class=\"woocommerce \"><div class=\"wf-container dt-products  woo-hover products loading-effect-fade-in description-on-hover wc-single-shortcode cart-btn-on-img wc-img-hover hide-description wc-grid\" data-padding=\"0px\" data-cur-page=\"1\" data-desktop-columns-num=\"3\" data-v-tablet-columns-num=\"2\" data-h-tablet-columns-num=\"3\" data-phone-columns-num=\"1\">\n\n<article class=\"post visible description-off product type-product post-3191 status-publish first instock product_cat-guided-routes has-post-thumbnail sold-individually taxable shipping-taxable purchasable product-type-variable\">\n\n\t<figure class=\"woocom-project\">\n\t<div class=\"woo-buttons-on-img\">\n\n\t\t<a href=\"https:\/\/taobike.es\/en\/tienda\/route-benidorm-from-end-to-end\/\" class=\"alignnone layzr-bg\"><img loading=\"lazy\" decoding=\"async\" width=\"300\" height=\"225\" src=\"data:image\/svg+xml;charset=utf-8,%3Csvg xmlns%3D&#039;http%3A%2F%2Fwww.w3.org%2F2000%2Fsvg&#039; viewBox%3D&#039;0 0 300 225&#039;%2F%3E\" class=\"attachment-woocommerce_thumbnail size-woocommerce_thumbnail lazy-load preload-me\" alt=\"excursi\u00f3n por Benidorm\" data-src=\"https:\/\/taobike.es\/wp-content\/uploads\/2018\/01\/taobike-punta-punta-3-300x225.jpg\" \/><img loading=\"lazy\" decoding=\"async\" width=\"300\" height=\"225\" src=\"data:image\/svg+xml;charset=utf-8,%3Csvg xmlns%3D&#039;http%3A%2F%2Fwww.w3.org%2F2000%2Fsvg&#039; viewBox%3D&#039;0 0 300 225&#039;%2F%3E\" class=\"show-on-hover back-image lazy-load preload-me\" alt=\"\" data-src=\"https:\/\/taobike.es\/wp-content\/uploads\/2018\/01\/taobike-punta-punta-300x225.jpg\" \/><\/a>\n\t<\/div>\n\t<figcaption class=\"woocom-list-content\">\n\n\t\t<div class=\"woocommerce-product-details__short-description\">\n\t<h4><i class=\"fa icon-attention\"><\/i>Route booking &#8211; 50\u20ac.<br \/>\n<i class=\"fa icon-users\"><\/i>Minimum group 4 people.<\/h4>\n<p><i class=\"fa icon-language\"><\/i>Select the language.<br \/>\n<i class=\"fa icon-calendar\"><\/i>Select the date when you want to take the route.<br \/>\n<i class=\"fa icon-clock-2\"><\/i>Your route starts at 10:00h.<\/p>\n<p><i class=\"fa icon-info-circled\"><\/i>If you come with children, tell us how many are coming and their ages to reserve the accessories. You can do this at the end of the booking process in the Notes section of the Order.<\/p>\n<\/div>\n\n\t<\/figcaption>\n<\/figure>\n\n<\/article>\n\n<\/div><\/div>[\/vc_column][vc_column width=&#8221;1\/2&#8243;]<div class=\"woocommerce \"><div class=\"wf-container dt-products  woo-hover products loading-effect-fade-in description-on-hover wc-single-shortcode cart-btn-on-img wc-img-hover hide-description wc-grid\" data-padding=\"0px\" data-cur-page=\"1\" data-desktop-columns-num=\"3\" data-v-tablet-columns-num=\"2\" data-h-tablet-columns-num=\"3\" data-phone-columns-num=\"1\">\n\n<article class=\"post visible description-off product type-product post-3194 status-publish first instock product_cat-guided-routes has-post-thumbnail sold-individually taxable shipping-taxable purchasable product-type-variable\">\n\n\t<figure class=\"woocom-project\">\n\t<div class=\"woo-buttons-on-img\">\n\n\t\t<a href=\"https:\/\/taobike.es\/en\/tienda\/full-sierra-helada-natural-park\/\" class=\"alignnone layzr-bg\"><img loading=\"lazy\" decoding=\"async\" width=\"300\" height=\"225\" src=\"data:image\/svg+xml;charset=utf-8,%3Csvg xmlns%3D&#039;http%3A%2F%2Fwww.w3.org%2F2000%2Fsvg&#039; viewBox%3D&#039;0 0 300 225&#039;%2F%3E\" class=\"attachment-woocommerce_thumbnail size-woocommerce_thumbnail lazy-load preload-me\" alt=\"excursiones benidorm\" data-src=\"https:\/\/taobike.es\/wp-content\/uploads\/2018\/01\/taobike-sierrahelada-300x225.jpg\" \/><img loading=\"lazy\" decoding=\"async\" width=\"300\" height=\"225\" src=\"data:image\/svg+xml;charset=utf-8,%3Csvg xmlns%3D&#039;http%3A%2F%2Fwww.w3.org%2F2000%2Fsvg&#039; viewBox%3D&#039;0 0 300 225&#039;%2F%3E\" class=\"show-on-hover back-image lazy-load preload-me\" alt=\"\" data-src=\"https:\/\/taobike.es\/wp-content\/uploads\/2018\/01\/taobike-punta-punta-300x225.jpg\" \/><\/a>\n\t<\/div>\n\t<figcaption class=\"woocom-list-content\">\n\n\t\t<div class=\"woocommerce-product-details__short-description\">\n\t<h4><i class=\"fa icon-attention\"><\/i>Route booking &#8211; 50\u20ac.<br \/>\nMinimum group 2 people.<\/h4>\n<p><i class=\"fa icon-language\"><\/i>Select the language.<br \/>\n<i class=\"fa icon-calendar\"><\/i>Select the date when you want to take the route.<br \/>\n<i class=\"fa icon-clock-2\"><\/i>Your route starts at 10:00h.<\/p>\n<p><i class=\"fa icon-info-circled\"><\/i>If you come with children, tell us how many are coming and their ages to reserve the accessories. You can do this at the end of the booking process in the Notes section of the Order.<\/p>\n<\/div>\n\n\t<\/figcaption>\n<\/figure>\n\n<\/article>\n\n<\/div><\/div>[\/vc_column][\/vc_row]<\/p>\n<\/div>","protected":false},"excerpt":{"rendered":"<p>[vc_row][vc_column][vc_column_text]To help you enjoy your stay in Benidormcompletely and explore places that you might still not know, in Tao Bikes\u00a0we organize Guided Routes on E-bike for all levels. Road and&hellip;<\/p>\n","protected":false},"author":1,"featured_media":0,"parent":0,"menu_order":0,"comment_status":"closed","ping_status":"closed","template":"","meta":{"_joinchat":[],"footnotes":""},"class_list":["post-676","page","type-page","status-publish","hentry","description-off"],"yoast_head":"<!-- This site is optimized with the Yoast SEO plugin v27.5 - https:\/\/yoast.com\/product\/yoast-seo-wordpress\/ -->\n<title>Rutas guiadas en Bicicleta el\u00e9ctrica. Benidorm<\/title>\n<meta name=\"description\" content=\"Rutas guiadas y excursiones en bicicleta el\u00e9ctrica por Benidorm y la comarca de la Marina Baixa. Imagina tu ruta ideal y nosotros la organizamos para t\u00ed.\" \/>\n<meta name=\"robots\" content=\"index, follow, max-snippet:-1, max-image-preview:large, max-video-preview:-1\" \/>\n<link rel=\"canonical\" href=\"https:\/\/taobike.es\/en\/guided-routes\/\" \/>\n<meta property=\"og:locale\" content=\"en_US\" \/>\n<meta property=\"og:type\" content=\"article\" \/>\n<meta property=\"og:title\" content=\"Rutas guiadas en Bicicleta el\u00e9ctrica. Benidorm\" \/>\n<meta property=\"og:description\" content=\"Rutas guiadas y excursiones en bicicleta el\u00e9ctrica por Benidorm y la comarca de la Marina Baixa. Imagina tu ruta ideal y nosotros la organizamos para t\u00ed.\" \/>\n<meta property=\"og:url\" content=\"https:\/\/taobike.es\/en\/guided-routes\/\" \/>\n<meta property=\"og:site_name\" content=\"TAOBIKE - RENTAL E-BIKES - BENIDORM\" \/>\n<meta property=\"article:publisher\" content=\"https:\/\/www.facebook.com\/taobikespain\" \/>\n<meta property=\"article:modified_time\" content=\"2024-04-24T15:45:34+00:00\" \/>\n<meta name=\"twitter:card\" content=\"summary_large_image\" \/>\n<meta name=\"twitter:site\" content=\"@tao_bike\" \/>\n<meta name=\"twitter:label1\" content=\"Est. reading time\" \/>\n\t<meta name=\"twitter:data1\" content=\"2 minutes\" \/>\n<script type=\"application\/ld+json\" class=\"yoast-schema-graph\">{\"@context\":\"https:\\\/\\\/schema.org\",\"@graph\":[{\"@type\":\"WebPage\",\"@id\":\"https:\\\/\\\/taobike.es\\\/en\\\/guided-routes\\\/\",\"url\":\"https:\\\/\\\/taobike.es\\\/en\\\/guided-routes\\\/\",\"name\":\"Rutas guiadas en Bicicleta el\u00e9ctrica. Benidorm\",\"isPartOf\":{\"@id\":\"https:\\\/\\\/taobike.es\\\/#website\"},\"datePublished\":\"2015-07-18T08:55:51+00:00\",\"dateModified\":\"2024-04-24T15:45:34+00:00\",\"description\":\"Rutas guiadas y excursiones en bicicleta el\u00e9ctrica por Benidorm y la comarca de la Marina Baixa. Imagina tu ruta ideal y nosotros la organizamos para t\u00ed.\",\"breadcrumb\":{\"@id\":\"https:\\\/\\\/taobike.es\\\/en\\\/guided-routes\\\/#breadcrumb\"},\"inLanguage\":\"en-US\",\"potentialAction\":[{\"@type\":\"ReadAction\",\"target\":[\"https:\\\/\\\/taobike.es\\\/en\\\/guided-routes\\\/\"]}]},{\"@type\":\"BreadcrumbList\",\"@id\":\"https:\\\/\\\/taobike.es\\\/en\\\/guided-routes\\\/#breadcrumb\",\"itemListElement\":[{\"@type\":\"ListItem\",\"position\":1,\"name\":\"Portada\",\"item\":\"https:\\\/\\\/taobike.es\\\/en\\\/inicio\\\/\"},{\"@type\":\"ListItem\",\"position\":2,\"name\":\"Guided Routes on Benidorm and Surroundings\"}]},{\"@type\":\"WebSite\",\"@id\":\"https:\\\/\\\/taobike.es\\\/#website\",\"url\":\"https:\\\/\\\/taobike.es\\\/\",\"name\":\"TAOBIKE - RENTAL E-BIKES - BENIDORM\",\"description\":\"ECO&amp;RESPONSIBLE TOURISM\",\"publisher\":{\"@id\":\"https:\\\/\\\/taobike.es\\\/#organization\"},\"potentialAction\":[{\"@type\":\"SearchAction\",\"target\":{\"@type\":\"EntryPoint\",\"urlTemplate\":\"https:\\\/\\\/taobike.es\\\/?s={search_term_string}\"},\"query-input\":{\"@type\":\"PropertyValueSpecification\",\"valueRequired\":true,\"valueName\":\"search_term_string\"}}],\"inLanguage\":\"en-US\"},{\"@type\":\"Organization\",\"@id\":\"https:\\\/\\\/taobike.es\\\/#organization\",\"name\":\"TAOBIKE - Alquiler de Bicicletas El\u00e9ctricas en Benidorm\",\"url\":\"https:\\\/\\\/taobike.es\\\/\",\"logo\":{\"@type\":\"ImageObject\",\"inLanguage\":\"en-US\",\"@id\":\"https:\\\/\\\/taobike.es\\\/#\\\/schema\\\/logo\\\/image\\\/\",\"url\":\"https:\\\/\\\/taobike.es\\\/wp-content\\\/uploads\\\/2015\\\/04\\\/TAOLOGOSIMBOLO_sRGB.jpg\",\"contentUrl\":\"https:\\\/\\\/taobike.es\\\/wp-content\\\/uploads\\\/2015\\\/04\\\/TAOLOGOSIMBOLO_sRGB.jpg\",\"width\":307,\"height\":160,\"caption\":\"TAOBIKE - Alquiler de Bicicletas El\u00e9ctricas en Benidorm\"},\"image\":{\"@id\":\"https:\\\/\\\/taobike.es\\\/#\\\/schema\\\/logo\\\/image\\\/\"},\"sameAs\":[\"https:\\\/\\\/www.facebook.com\\\/taobikespain\",\"https:\\\/\\\/x.com\\\/tao_bike\",\"https:\\\/\\\/instagram.com\\\/taobike\\\/\"]}]}<\/script>\n<!-- \/ Yoast SEO plugin. -->","yoast_head_json":{"title":"Rutas guiadas en Bicicleta el\u00e9ctrica. Benidorm","description":"Rutas guiadas y excursiones en bicicleta el\u00e9ctrica por Benidorm y la comarca de la Marina Baixa. Imagina tu ruta ideal y nosotros la organizamos para t\u00ed.","robots":{"index":"index","follow":"follow","max-snippet":"max-snippet:-1","max-image-preview":"max-image-preview:large","max-video-preview":"max-video-preview:-1"},"canonical":"https:\/\/taobike.es\/en\/guided-routes\/","og_locale":"en_US","og_type":"article","og_title":"Rutas guiadas en Bicicleta el\u00e9ctrica. Benidorm","og_description":"Rutas guiadas y excursiones en bicicleta el\u00e9ctrica por Benidorm y la comarca de la Marina Baixa. Imagina tu ruta ideal y nosotros la organizamos para t\u00ed.","og_url":"https:\/\/taobike.es\/en\/guided-routes\/","og_site_name":"TAOBIKE - RENTAL E-BIKES - BENIDORM","article_publisher":"https:\/\/www.facebook.com\/taobikespain","article_modified_time":"2024-04-24T15:45:34+00:00","twitter_card":"summary_large_image","twitter_site":"@tao_bike","twitter_misc":{"Est. reading time":"2 minutes"},"schema":{"@context":"https:\/\/schema.org","@graph":[{"@type":"WebPage","@id":"https:\/\/taobike.es\/en\/guided-routes\/","url":"https:\/\/taobike.es\/en\/guided-routes\/","name":"Rutas guiadas en Bicicleta el\u00e9ctrica. Benidorm","isPartOf":{"@id":"https:\/\/taobike.es\/#website"},"datePublished":"2015-07-18T08:55:51+00:00","dateModified":"2024-04-24T15:45:34+00:00","description":"Rutas guiadas y excursiones en bicicleta el\u00e9ctrica por Benidorm y la comarca de la Marina Baixa. Imagina tu ruta ideal y nosotros la organizamos para t\u00ed.","breadcrumb":{"@id":"https:\/\/taobike.es\/en\/guided-routes\/#breadcrumb"},"inLanguage":"en-US","potentialAction":[{"@type":"ReadAction","target":["https:\/\/taobike.es\/en\/guided-routes\/"]}]},{"@type":"BreadcrumbList","@id":"https:\/\/taobike.es\/en\/guided-routes\/#breadcrumb","itemListElement":[{"@type":"ListItem","position":1,"name":"Portada","item":"https:\/\/taobike.es\/en\/inicio\/"},{"@type":"ListItem","position":2,"name":"Guided Routes on Benidorm and Surroundings"}]},{"@type":"WebSite","@id":"https:\/\/taobike.es\/#website","url":"https:\/\/taobike.es\/","name":"TAOBIKE - RENTAL E-BIKES - BENIDORM","description":"ECO&amp;RESPONSIBLE TOURISM","publisher":{"@id":"https:\/\/taobike.es\/#organization"},"potentialAction":[{"@type":"SearchAction","target":{"@type":"EntryPoint","urlTemplate":"https:\/\/taobike.es\/?s={search_term_string}"},"query-input":{"@type":"PropertyValueSpecification","valueRequired":true,"valueName":"search_term_string"}}],"inLanguage":"en-US"},{"@type":"Organization","@id":"https:\/\/taobike.es\/#organization","name":"TAOBIKE - Alquiler de Bicicletas El\u00e9ctricas en Benidorm","url":"https:\/\/taobike.es\/","logo":{"@type":"ImageObject","inLanguage":"en-US","@id":"https:\/\/taobike.es\/#\/schema\/logo\/image\/","url":"https:\/\/taobike.es\/wp-content\/uploads\/2015\/04\/TAOLOGOSIMBOLO_sRGB.jpg","contentUrl":"https:\/\/taobike.es\/wp-content\/uploads\/2015\/04\/TAOLOGOSIMBOLO_sRGB.jpg","width":307,"height":160,"caption":"TAOBIKE - Alquiler de Bicicletas El\u00e9ctricas en Benidorm"},"image":{"@id":"https:\/\/taobike.es\/#\/schema\/logo\/image\/"},"sameAs":["https:\/\/www.facebook.com\/taobikespain","https:\/\/x.com\/tao_bike","https:\/\/instagram.com\/taobike\/"]}]}},"_links":{"self":[{"href":"https:\/\/taobike.es\/en\/wp-json\/wp\/v2\/pages\/676","targetHints":{"allow":["GET"]}}],"collection":[{"href":"https:\/\/taobike.es\/en\/wp-json\/wp\/v2\/pages"}],"about":[{"href":"https:\/\/taobike.es\/en\/wp-json\/wp\/v2\/types\/page"}],"author":[{"embeddable":true,"href":"https:\/\/taobike.es\/en\/wp-json\/wp\/v2\/users\/1"}],"replies":[{"embeddable":true,"href":"https:\/\/taobike.es\/en\/wp-json\/wp\/v2\/comments?post=676"}],"version-history":[{"count":2,"href":"https:\/\/taobike.es\/en\/wp-json\/wp\/v2\/pages\/676\/revisions"}],"predecessor-version":[{"id":5108,"href":"https:\/\/taobike.es\/en\/wp-json\/wp\/v2\/pages\/676\/revisions\/5108"}],"wp:attachment":[{"href":"https:\/\/taobike.es\/en\/wp-json\/wp\/v2\/media?parent=676"}],"curies":[{"name":"wp","href":"https:\/\/api.w.org\/{rel}","templated":true}]}}