{"id":688,"date":"2015-07-24T08:56:49","date_gmt":"2015-07-24T08:56:49","guid":{"rendered":"http:\/\/taobike.es\/en\/?page_id=688"},"modified":"2019-06-18T10:48:15","modified_gmt":"2019-06-18T09:48:15","slug":"venta-bicicletas","status":"publish","type":"page","link":"https:\/\/taobike.es\/en\/venta-bicicletas\/","title":{"rendered":"Do you want to buy an e-bike?"},"content":{"rendered":"<div class=\"wpb-content-wrapper\"><p>[vc_row][vc_column][vc_column_text]So you can leave your car in the garage and move around the city with no parking worries, no expenses, no bus timetables and no tube crowds , the best option is an electric bike!! Move on your own and effortlessly!<\/p>\n<p style=\"text-align: justify;\">These are our models, if you want more information please contact us.<\/p>\n<p>[\/vc_column_text][\/vc_column][\/vc_row][vc_row][vc_column width=&#8221;1\/3&#8243;][vc_single_image image=&#8221;936&#8243; img_size=&#8221;full&#8221; alignment=&#8221;center&#8221; style=&#8221;vc_box_rounded&#8221; onclick=&#8221;custom_link&#8221; link=&#8221;https:\/\/taobike.es\/en\/modelo-custom-tao-bike\/&#8221;]<div id=\"ultimate-heading-503069e8c8ac2d99f\" class=\"uvc-heading ult-adjust-bottom-margin ultimate-heading-503069e8c8ac2d99f uvc-7137 accent-border-color uvc-heading-default-font-sizes\" data-hspacer=\"line_only\"  data-halign=\"center\" style=\"text-align:center\"><div class=\"uvc-main-heading ult-responsive\"  data-ultimate-target='.uvc-heading.ultimate-heading-503069e8c8ac2d99f h3'  data-responsive-json-new='{\"font-size\":\"\",\"line-height\":\"\"}' ><h3 style=\"--font-weight:theme;margin-bottom:15px;\">CUSTOM<\/h3><\/div><div class=\"uvc-heading-spacer line_only\" style=\"margin-bottom:15px;height:3px;\"><span class=\"uvc-headings-line\" style=\"border-style:solid;border-bottom-width:3px;border-color:#ccc;width:250px;\"><\/span><\/div><div class=\"uvc-sub-heading ult-responsive\"  data-ultimate-target='.uvc-heading.ultimate-heading-503069e8c8ac2d99f .uvc-sub-heading '  data-responsive-json-new='{\"font-size\":\"\",\"line-height\":\"\"}'  style=\"font-weight:normal;margin-bottom:35px;\">1.499,99\u20ac<\/div><\/div>[\/vc_column][vc_column width=&#8221;1\/3&#8243;][vc_single_image image=&#8221;934&#8243; img_size=&#8221;full&#8221; alignment=&#8221;center&#8221; style=&#8221;vc_box_rounded&#8221; onclick=&#8221;custom_link&#8221; link=&#8221;https:\/\/taobike.es\/en\/foldable-model-tao-bike\/&#8221;]<div id=\"ultimate-heading-673169e8c8ac2daf5\" class=\"uvc-heading ult-adjust-bottom-margin ultimate-heading-673169e8c8ac2daf5 uvc-2148 accent-border-color uvc-heading-default-font-sizes\" data-hspacer=\"line_only\"  data-halign=\"center\" style=\"text-align:center\"><div class=\"uvc-main-heading ult-responsive\"  data-ultimate-target='.uvc-heading.ultimate-heading-673169e8c8ac2daf5 h3'  data-responsive-json-new='{\"font-size\":\"\",\"line-height\":\"\"}' ><h3 style=\"--font-weight:theme;margin-bottom:15px;\">FOLDABLE<\/h3><\/div><div class=\"uvc-heading-spacer line_only\" style=\"margin-bottom:15px;height:3px;\"><span class=\"uvc-headings-line\" style=\"border-style:solid;border-bottom-width:3px;border-color:#ccc;width:250px;\"><\/span><\/div><div class=\"uvc-sub-heading ult-responsive\"  data-ultimate-target='.uvc-heading.ultimate-heading-673169e8c8ac2daf5 .uvc-sub-heading '  data-responsive-json-new='{\"font-size\":\"\",\"line-height\":\"\"}'  style=\"font-weight:normal;margin-bottom:35px;\">1.099,99\u20ac<\/div><\/div>[\/vc_column][vc_column width=&#8221;1\/3&#8243;][vc_single_image image=&#8221;935&#8243; img_size=&#8221;full&#8221; alignment=&#8221;center&#8221; style=&#8221;vc_box_rounded&#8221; onclick=&#8221;custom_link&#8221; link=&#8221;https:\/\/taobike.es\/en\/mtb-model-tao-bike\/&#8221;]<div id=\"ultimate-heading-428969e8c8ac2dbf9\" class=\"uvc-heading ult-adjust-bottom-margin ultimate-heading-428969e8c8ac2dbf9 uvc-8972 accent-border-color uvc-heading-default-font-sizes\" data-hspacer=\"line_only\"  data-halign=\"center\" style=\"text-align:center\"><div class=\"uvc-main-heading ult-responsive\"  data-ultimate-target='.uvc-heading.ultimate-heading-428969e8c8ac2dbf9 h3'  data-responsive-json-new='{\"font-size\":\"\",\"line-height\":\"\"}' ><h3 style=\"--font-weight:theme;margin-bottom:15px;\">MTB TAO Bike (Second-Hand)<\/h3><\/div><div class=\"uvc-heading-spacer line_only\" style=\"margin-bottom:15px;height:3px;\"><span class=\"uvc-headings-line\" style=\"border-style:solid;border-bottom-width:3px;border-color:#ccc;width:250px;\"><\/span><\/div><div class=\"uvc-sub-heading ult-responsive\"  data-ultimate-target='.uvc-heading.ultimate-heading-428969e8c8ac2dbf9 .uvc-sub-heading '  data-responsive-json-new='{\"font-size\":\"\",\"line-height\":\"\"}'  style=\"font-weight:normal;margin-bottom:35px;\">599,99\u20ac<\/div><\/div>[\/vc_column][\/vc_row][vc_row][vc_column width=&#8221;1\/2&#8243;][vc_single_image image=&#8221;2912&#8243; img_size=&#8221;full&#8221; alignment=&#8221;center&#8221; style=&#8221;vc_box_rounded&#8221; onclick=&#8221;custom_link&#8221; link=&#8221;https:\/\/taobike.es\/en\/brompton\/&#8221;]<div id=\"ultimate-heading-339069e8c8ac2dd0c\" class=\"uvc-heading ult-adjust-bottom-margin ultimate-heading-339069e8c8ac2dd0c uvc-2419 accent-border-color uvc-heading-default-font-sizes\" data-hspacer=\"line_only\"  data-halign=\"center\" style=\"text-align:center\"><div class=\"uvc-main-heading ult-responsive\"  data-ultimate-target='.uvc-heading.ultimate-heading-339069e8c8ac2dd0c h3'  data-responsive-json-new='{\"font-size\":\"\",\"line-height\":\"\"}' ><h3 style=\"--font-weight:theme;margin-bottom:15px;\">BROMPTON<\/h3><\/div><div class=\"uvc-heading-spacer line_only\" style=\"margin-bottom:15px;height:3px;\"><span class=\"uvc-headings-line\" style=\"border-style:solid;border-bottom-width:3px;border-color:#ccc;width:250px;\"><\/span><\/div><div class=\"uvc-sub-heading ult-responsive\"  data-ultimate-target='.uvc-heading.ultimate-heading-339069e8c8ac2dd0c .uvc-sub-heading '  data-responsive-json-new='{\"font-size\":\"\",\"line-height\":\"\"}'  style=\"font-weight:normal;margin-bottom:35px;\">From 1.080\u20ac<\/div><\/div>[\/vc_column][vc_column width=&#8221;1\/2&#8243;][vc_single_image image=&#8221;2914&#8243; img_size=&#8221;full&#8221; alignment=&#8221;center&#8221; style=&#8221;vc_box_rounded&#8221; onclick=&#8221;custom_link&#8221; link=&#8221;https:\/\/taobike.es\/en\/mondraker-e-prime\/&#8221;]<div id=\"ultimate-heading-21269e8c8ac2ddef\" class=\"uvc-heading ult-adjust-bottom-margin ultimate-heading-21269e8c8ac2ddef uvc-7774 accent-border-color uvc-heading-default-font-sizes\" data-hspacer=\"line_only\"  data-halign=\"center\" style=\"text-align:center\"><div class=\"uvc-main-heading ult-responsive\"  data-ultimate-target='.uvc-heading.ultimate-heading-21269e8c8ac2ddef h3'  data-responsive-json-new='{\"font-size\":\"\",\"line-height\":\"\"}' ><h3 style=\"--font-weight:theme;margin-bottom:15px;\">MONDRAKER E-BIKE<\/h3><\/div><div class=\"uvc-heading-spacer line_only\" style=\"margin-bottom:15px;height:3px;\"><span class=\"uvc-headings-line\" style=\"border-style:solid;border-bottom-width:3px;border-color:#ccc;width:250px;\"><\/span><\/div><div class=\"uvc-sub-heading ult-responsive\"  data-ultimate-target='.uvc-heading.ultimate-heading-21269e8c8ac2ddef .uvc-sub-heading '  data-responsive-json-new='{\"font-size\":\"\",\"line-height\":\"\"}'  style=\"font-weight:normal;margin-bottom:35px;\">2.999,99\u20ac<\/div><\/div>[\/vc_column][\/vc_row]<\/p>\n<\/div>","protected":false},"excerpt":{"rendered":"<p>[vc_row][vc_column][vc_column_text]So you can leave your car in the garage and move around the city with no parking worries, no expenses, no bus timetables and no tube crowds , the best&hellip;<\/p>\n","protected":false},"author":1,"featured_media":0,"parent":0,"menu_order":0,"comment_status":"closed","ping_status":"closed","template":"","meta":{"_joinchat":[],"footnotes":""},"class_list":["post-688","page","type-page","status-publish","hentry","description-off"],"yoast_head":"<!-- This site is optimized with the Yoast SEO plugin v27.4 - https:\/\/yoast.com\/product\/yoast-seo-wordpress\/ -->\n<title>Do you want to buy an e-bike? - TAOBIKE - RENTAL E-BIKES - BENIDORM<\/title>\n<meta name=\"description\" content=\"Comprar una bicicleta el\u00e9ctrica es la mejor opci\u00f3n para disfrutar de la cuidad o llegar al trabajo sin esfuerzo! en Taobike tambi\u00e9n tenemos venta bicicletas\" \/>\n<meta name=\"robots\" content=\"index, follow, max-snippet:-1, max-image-preview:large, max-video-preview:-1\" \/>\n<link rel=\"canonical\" href=\"https:\/\/taobike.es\/en\/venta-bicicletas\/\" \/>\n<meta property=\"og:locale\" content=\"en_US\" \/>\n<meta property=\"og:type\" content=\"article\" \/>\n<meta property=\"og:title\" content=\"Do you want to buy an e-bike? - TAOBIKE - RENTAL E-BIKES - BENIDORM\" \/>\n<meta property=\"og:description\" content=\"Comprar una bicicleta el\u00e9ctrica es la mejor opci\u00f3n para disfrutar de la cuidad o llegar al trabajo sin esfuerzo! en Taobike tambi\u00e9n tenemos venta bicicletas\" \/>\n<meta property=\"og:url\" content=\"https:\/\/taobike.es\/en\/venta-bicicletas\/\" \/>\n<meta property=\"og:site_name\" content=\"TAOBIKE - RENTAL E-BIKES - BENIDORM\" \/>\n<meta property=\"article:publisher\" content=\"https:\/\/www.facebook.com\/taobikespain\" \/>\n<meta property=\"article:modified_time\" content=\"2019-06-18T09:48:15+00:00\" \/>\n<meta name=\"twitter:card\" content=\"summary_large_image\" \/>\n<meta name=\"twitter:site\" content=\"@tao_bike\" \/>\n<meta name=\"twitter:label1\" content=\"Est. reading time\" \/>\n\t<meta name=\"twitter:data1\" content=\"2 minutes\" \/>\n<script type=\"application\/ld+json\" class=\"yoast-schema-graph\">{\"@context\":\"https:\\\/\\\/schema.org\",\"@graph\":[{\"@type\":\"WebPage\",\"@id\":\"https:\\\/\\\/taobike.es\\\/en\\\/venta-bicicletas\\\/\",\"url\":\"https:\\\/\\\/taobike.es\\\/en\\\/venta-bicicletas\\\/\",\"name\":\"Do you want to buy an e-bike? - TAOBIKE - RENTAL E-BIKES - BENIDORM\",\"isPartOf\":{\"@id\":\"https:\\\/\\\/taobike.es\\\/#website\"},\"datePublished\":\"2015-07-24T08:56:49+00:00\",\"dateModified\":\"2019-06-18T09:48:15+00:00\",\"description\":\"Comprar una bicicleta el\u00e9ctrica es la mejor opci\u00f3n para disfrutar de la cuidad o llegar al trabajo sin esfuerzo! en Taobike tambi\u00e9n tenemos venta bicicletas\",\"breadcrumb\":{\"@id\":\"https:\\\/\\\/taobike.es\\\/en\\\/venta-bicicletas\\\/#breadcrumb\"},\"inLanguage\":\"en-US\",\"potentialAction\":[{\"@type\":\"ReadAction\",\"target\":[\"https:\\\/\\\/taobike.es\\\/en\\\/venta-bicicletas\\\/\"]}]},{\"@type\":\"BreadcrumbList\",\"@id\":\"https:\\\/\\\/taobike.es\\\/en\\\/venta-bicicletas\\\/#breadcrumb\",\"itemListElement\":[{\"@type\":\"ListItem\",\"position\":1,\"name\":\"Portada\",\"item\":\"https:\\\/\\\/taobike.es\\\/en\\\/inicio\\\/\"},{\"@type\":\"ListItem\",\"position\":2,\"name\":\"Do you want to buy an e-bike?\"}]},{\"@type\":\"WebSite\",\"@id\":\"https:\\\/\\\/taobike.es\\\/#website\",\"url\":\"https:\\\/\\\/taobike.es\\\/\",\"name\":\"TAOBIKE - RENTAL E-BIKES - BENIDORM\",\"description\":\"ECO&amp;RESPONSIBLE TOURISM\",\"publisher\":{\"@id\":\"https:\\\/\\\/taobike.es\\\/#organization\"},\"potentialAction\":[{\"@type\":\"SearchAction\",\"target\":{\"@type\":\"EntryPoint\",\"urlTemplate\":\"https:\\\/\\\/taobike.es\\\/?s={search_term_string}\"},\"query-input\":{\"@type\":\"PropertyValueSpecification\",\"valueRequired\":true,\"valueName\":\"search_term_string\"}}],\"inLanguage\":\"en-US\"},{\"@type\":\"Organization\",\"@id\":\"https:\\\/\\\/taobike.es\\\/#organization\",\"name\":\"TAOBIKE - Alquiler de Bicicletas El\u00e9ctricas en Benidorm\",\"url\":\"https:\\\/\\\/taobike.es\\\/\",\"logo\":{\"@type\":\"ImageObject\",\"inLanguage\":\"en-US\",\"@id\":\"https:\\\/\\\/taobike.es\\\/#\\\/schema\\\/logo\\\/image\\\/\",\"url\":\"https:\\\/\\\/taobike.es\\\/wp-content\\\/uploads\\\/2015\\\/04\\\/TAOLOGOSIMBOLO_sRGB.jpg\",\"contentUrl\":\"https:\\\/\\\/taobike.es\\\/wp-content\\\/uploads\\\/2015\\\/04\\\/TAOLOGOSIMBOLO_sRGB.jpg\",\"width\":307,\"height\":160,\"caption\":\"TAOBIKE - Alquiler de Bicicletas El\u00e9ctricas en Benidorm\"},\"image\":{\"@id\":\"https:\\\/\\\/taobike.es\\\/#\\\/schema\\\/logo\\\/image\\\/\"},\"sameAs\":[\"https:\\\/\\\/www.facebook.com\\\/taobikespain\",\"https:\\\/\\\/x.com\\\/tao_bike\",\"https:\\\/\\\/instagram.com\\\/taobike\\\/\"]}]}<\/script>\n<!-- \/ Yoast SEO plugin. -->","yoast_head_json":{"title":"Do you want to buy an e-bike? - TAOBIKE - RENTAL E-BIKES - BENIDORM","description":"Comprar una bicicleta el\u00e9ctrica es la mejor opci\u00f3n para disfrutar de la cuidad o llegar al trabajo sin esfuerzo! en Taobike tambi\u00e9n tenemos venta bicicletas","robots":{"index":"index","follow":"follow","max-snippet":"max-snippet:-1","max-image-preview":"max-image-preview:large","max-video-preview":"max-video-preview:-1"},"canonical":"https:\/\/taobike.es\/en\/venta-bicicletas\/","og_locale":"en_US","og_type":"article","og_title":"Do you want to buy an e-bike? - TAOBIKE - RENTAL E-BIKES - BENIDORM","og_description":"Comprar una bicicleta el\u00e9ctrica es la mejor opci\u00f3n para disfrutar de la cuidad o llegar al trabajo sin esfuerzo! en Taobike tambi\u00e9n tenemos venta bicicletas","og_url":"https:\/\/taobike.es\/en\/venta-bicicletas\/","og_site_name":"TAOBIKE - RENTAL E-BIKES - BENIDORM","article_publisher":"https:\/\/www.facebook.com\/taobikespain","article_modified_time":"2019-06-18T09:48:15+00:00","twitter_card":"summary_large_image","twitter_site":"@tao_bike","twitter_misc":{"Est. reading time":"2 minutes"},"schema":{"@context":"https:\/\/schema.org","@graph":[{"@type":"WebPage","@id":"https:\/\/taobike.es\/en\/venta-bicicletas\/","url":"https:\/\/taobike.es\/en\/venta-bicicletas\/","name":"Do you want to buy an e-bike? - TAOBIKE - RENTAL E-BIKES - BENIDORM","isPartOf":{"@id":"https:\/\/taobike.es\/#website"},"datePublished":"2015-07-24T08:56:49+00:00","dateModified":"2019-06-18T09:48:15+00:00","description":"Comprar una bicicleta el\u00e9ctrica es la mejor opci\u00f3n para disfrutar de la cuidad o llegar al trabajo sin esfuerzo! en Taobike tambi\u00e9n tenemos venta bicicletas","breadcrumb":{"@id":"https:\/\/taobike.es\/en\/venta-bicicletas\/#breadcrumb"},"inLanguage":"en-US","potentialAction":[{"@type":"ReadAction","target":["https:\/\/taobike.es\/en\/venta-bicicletas\/"]}]},{"@type":"BreadcrumbList","@id":"https:\/\/taobike.es\/en\/venta-bicicletas\/#breadcrumb","itemListElement":[{"@type":"ListItem","position":1,"name":"Portada","item":"https:\/\/taobike.es\/en\/inicio\/"},{"@type":"ListItem","position":2,"name":"Do you want to buy an e-bike?"}]},{"@type":"WebSite","@id":"https:\/\/taobike.es\/#website","url":"https:\/\/taobike.es\/","name":"TAOBIKE - RENTAL E-BIKES - BENIDORM","description":"ECO&amp;RESPONSIBLE TOURISM","publisher":{"@id":"https:\/\/taobike.es\/#organization"},"potentialAction":[{"@type":"SearchAction","target":{"@type":"EntryPoint","urlTemplate":"https:\/\/taobike.es\/?s={search_term_string}"},"query-input":{"@type":"PropertyValueSpecification","valueRequired":true,"valueName":"search_term_string"}}],"inLanguage":"en-US"},{"@type":"Organization","@id":"https:\/\/taobike.es\/#organization","name":"TAOBIKE - Alquiler de Bicicletas El\u00e9ctricas en Benidorm","url":"https:\/\/taobike.es\/","logo":{"@type":"ImageObject","inLanguage":"en-US","@id":"https:\/\/taobike.es\/#\/schema\/logo\/image\/","url":"https:\/\/taobike.es\/wp-content\/uploads\/2015\/04\/TAOLOGOSIMBOLO_sRGB.jpg","contentUrl":"https:\/\/taobike.es\/wp-content\/uploads\/2015\/04\/TAOLOGOSIMBOLO_sRGB.jpg","width":307,"height":160,"caption":"TAOBIKE - Alquiler de Bicicletas El\u00e9ctricas en Benidorm"},"image":{"@id":"https:\/\/taobike.es\/#\/schema\/logo\/image\/"},"sameAs":["https:\/\/www.facebook.com\/taobikespain","https:\/\/x.com\/tao_bike","https:\/\/instagram.com\/taobike\/"]}]}},"_links":{"self":[{"href":"https:\/\/taobike.es\/en\/wp-json\/wp\/v2\/pages\/688","targetHints":{"allow":["GET"]}}],"collection":[{"href":"https:\/\/taobike.es\/en\/wp-json\/wp\/v2\/pages"}],"about":[{"href":"https:\/\/taobike.es\/en\/wp-json\/wp\/v2\/types\/page"}],"author":[{"embeddable":true,"href":"https:\/\/taobike.es\/en\/wp-json\/wp\/v2\/users\/1"}],"replies":[{"embeddable":true,"href":"https:\/\/taobike.es\/en\/wp-json\/wp\/v2\/comments?post=688"}],"version-history":[{"count":0,"href":"https:\/\/taobike.es\/en\/wp-json\/wp\/v2\/pages\/688\/revisions"}],"wp:attachment":[{"href":"https:\/\/taobike.es\/en\/wp-json\/wp\/v2\/media?parent=688"}],"curies":[{"name":"wp","href":"https:\/\/api.w.org\/{rel}","templated":true}]}}