{"id":4583,"date":"2020-04-30T19:04:01","date_gmt":"2020-04-30T18:04:01","guid":{"rendered":"https:\/\/taobike.es\/?post_type=product&#038;p=4583"},"modified":"2021-11-27T19:10:55","modified_gmt":"2021-11-27T18:10:55","slug":"patinete-electrico-skateflash-sk-urban-3-0","status":"publish","type":"product","link":"https:\/\/taobike.es\/en\/tienda\/patinete-electrico-skateflash-sk-urban-3-0\/","title":{"rendered":"Patinete El\u00e9ctrico Skateflash SK Urban 3.0"},"content":{"rendered":"<p>El patinete el\u00e9ctrico Skateflash SK Urban 3.0 es el veh\u00edculo perfecto para una movilidad urbana y los desplazamientos del d\u00eda a d\u00eda. Con una velocidad m\u00e1xima de 25km\/hora, motor de 500W y ruedas de 10&#8221; podr\u00e1s llegar a cualquier lugar c\u00f3modamente y sin aglomeraciones.<\/p>\n<p>El patinete el\u00e9ctrico Skateflash SK Urban 3.0 es un VMP (veh\u00edculo de movilidad personal) perfecto para disfrutar de la ciudad de una forma eficiente, ecol\u00f3gica y divertida. Adem\u00e1s con su bater\u00eda de 48V llegar\u00e1s a cualquier lugar sin problemas gracias a su autonom\u00eda de hasta 30 km.<\/p>\n<p>Somos <a href=\"https:\/\/portal.qdglobal.com:8068\">SAT Skateflash<\/a>, cualquier duda s\u00f3lo tienes que ponerte en <a href=\"http:\/\/taobike.es\/contacto\">contacto con nosotros<\/a> y te ayudaremos!.<\/p>\n","protected":false},"excerpt":{"rendered":"<p>Patinete El\u00e9ctrico Skateflash SK Urban 2.0<\/p>\n","protected":false},"featured_media":4596,"comment_status":"open","ping_status":"closed","template":"","meta":{"_joinchat":[]},"product_brand":[],"product_cat":[669],"product_tag":[],"class_list":{"0":"post-4583","1":"product","2":"type-product","3":"status-publish","4":"has-post-thumbnail","6":"product_cat-patinetes-electricos","7":"description-off","9":"first","10":"outofstock","11":"taxable","12":"shipping-taxable","13":"purchasable","14":"product-type-simple"},"yoast_head":"<!-- This site is optimized with the Yoast SEO plugin v27.4 - https:\/\/yoast.com\/product\/yoast-seo-wordpress\/ -->\n<title>Patinete El\u00e9ctrico Skateflash SK Urban 3.0 - TAO BIKE<\/title>\n<meta name=\"description\" content=\"Patinete El\u00e9ctrico Skateflash SK Urban 3.0. Venta de patinetes el\u00e9ctricos, bicicletas y taller. Las mejores ofertas. Servicio de asistencia t\u00e9cnica (SAT).\" \/>\n<meta name=\"robots\" content=\"index, follow, max-snippet:-1, max-image-preview:large, max-video-preview:-1\" \/>\n<link rel=\"canonical\" href=\"https:\/\/taobike.es\/tienda\/patinete-electrico-skateflash-sk-urban-3-0\/\" \/>\n<meta property=\"og:locale\" content=\"en_US\" \/>\n<meta property=\"og:type\" content=\"article\" \/>\n<meta property=\"og:title\" content=\"Patinete El\u00e9ctrico Skateflash SK Urban 3.0 - TAO BIKE\" \/>\n<meta property=\"og:description\" content=\"Patinete El\u00e9ctrico Skateflash SK Urban 3.0. Venta de patinetes el\u00e9ctricos, bicicletas y taller. Las mejores ofertas. Servicio de asistencia t\u00e9cnica (SAT).\" \/>\n<meta property=\"og:url\" content=\"https:\/\/taobike.es\/tienda\/patinete-electrico-skateflash-sk-urban-3-0\/\" \/>\n<meta property=\"og:site_name\" content=\"TAOBIKE - RENTAL E-BIKES - BENIDORM\" \/>\n<meta property=\"article:publisher\" content=\"https:\/\/www.facebook.com\/taobikespain\" \/>\n<meta property=\"article:modified_time\" content=\"2021-11-27T18:10:55+00:00\" \/>\n<meta property=\"og:image\" content=\"https:\/\/taobike.es\/wp-content\/uploads\/2020\/04\/patinete-electrico-skateflash-sk-urban-3.-1-e1588441914139.jpg\" \/>\n\t<meta property=\"og:image:width\" content=\"800\" \/>\n\t<meta property=\"og:image:height\" content=\"800\" \/>\n\t<meta property=\"og:image:type\" content=\"image\/jpeg\" \/>\n<meta name=\"twitter:card\" content=\"summary_large_image\" \/>\n<meta name=\"twitter:site\" content=\"@tao_bike\" \/>\n<meta name=\"twitter:label1\" content=\"Est. reading time\" \/>\n\t<meta name=\"twitter:data1\" content=\"1 minute\" \/>\n<script type=\"application\/ld+json\" class=\"yoast-schema-graph\">{\"@context\":\"https:\\\/\\\/schema.org\",\"@graph\":[{\"@type\":\"WebPage\",\"@id\":\"https:\\\/\\\/taobike.es\\\/tienda\\\/patinete-electrico-skateflash-sk-urban-3-0\\\/\",\"url\":\"https:\\\/\\\/taobike.es\\\/tienda\\\/patinete-electrico-skateflash-sk-urban-3-0\\\/\",\"name\":\"Patinete El\u00e9ctrico Skateflash SK Urban 3.0 - TAO BIKE\",\"isPartOf\":{\"@id\":\"https:\\\/\\\/taobike.es\\\/#website\"},\"primaryImageOfPage\":{\"@id\":\"https:\\\/\\\/taobike.es\\\/tienda\\\/patinete-electrico-skateflash-sk-urban-3-0\\\/#primaryimage\"},\"image\":{\"@id\":\"https:\\\/\\\/taobike.es\\\/tienda\\\/patinete-electrico-skateflash-sk-urban-3-0\\\/#primaryimage\"},\"thumbnailUrl\":\"https:\\\/\\\/taobike.es\\\/wp-content\\\/uploads\\\/2020\\\/04\\\/patinete-electrico-skateflash-sk-urban-3.-1-e1588441914139.jpg\",\"datePublished\":\"2020-04-30T18:04:01+00:00\",\"dateModified\":\"2021-11-27T18:10:55+00:00\",\"description\":\"Patinete El\u00e9ctrico Skateflash SK Urban 3.0. Venta de patinetes el\u00e9ctricos, bicicletas y taller. Las mejores ofertas. Servicio de asistencia t\u00e9cnica (SAT).\",\"breadcrumb\":{\"@id\":\"https:\\\/\\\/taobike.es\\\/tienda\\\/patinete-electrico-skateflash-sk-urban-3-0\\\/#breadcrumb\"},\"inLanguage\":\"en-US\",\"potentialAction\":[{\"@type\":\"ReadAction\",\"target\":[\"https:\\\/\\\/taobike.es\\\/tienda\\\/patinete-electrico-skateflash-sk-urban-3-0\\\/\"]}]},{\"@type\":\"ImageObject\",\"inLanguage\":\"en-US\",\"@id\":\"https:\\\/\\\/taobike.es\\\/tienda\\\/patinete-electrico-skateflash-sk-urban-3-0\\\/#primaryimage\",\"url\":\"https:\\\/\\\/taobike.es\\\/wp-content\\\/uploads\\\/2020\\\/04\\\/patinete-electrico-skateflash-sk-urban-3.-1-e1588441914139.jpg\",\"contentUrl\":\"https:\\\/\\\/taobike.es\\\/wp-content\\\/uploads\\\/2020\\\/04\\\/patinete-electrico-skateflash-sk-urban-3.-1-e1588441914139.jpg\",\"width\":800,\"height\":800,\"caption\":\"Patinete El\u00e9ctrico Skateflash SK Urban 3.0\"},{\"@type\":\"BreadcrumbList\",\"@id\":\"https:\\\/\\\/taobike.es\\\/tienda\\\/patinete-electrico-skateflash-sk-urban-3-0\\\/#breadcrumb\",\"itemListElement\":[{\"@type\":\"ListItem\",\"position\":1,\"name\":\"Portada\",\"item\":\"https:\\\/\\\/taobike.es\\\/en\\\/inicio\\\/\"},{\"@type\":\"ListItem\",\"position\":2,\"name\":\"Shop\",\"item\":\"https:\\\/\\\/taobike.es\\\/en\\\/shop\\\/\"},{\"@type\":\"ListItem\",\"position\":3,\"name\":\"Patinete El\u00e9ctrico Skateflash SK Urban 3.0\"}]},{\"@type\":\"WebSite\",\"@id\":\"https:\\\/\\\/taobike.es\\\/#website\",\"url\":\"https:\\\/\\\/taobike.es\\\/\",\"name\":\"TAOBIKE - RENTAL E-BIKES - BENIDORM\",\"description\":\"ECO&amp;RESPONSIBLE TOURISM\",\"publisher\":{\"@id\":\"https:\\\/\\\/taobike.es\\\/#organization\"},\"potentialAction\":[{\"@type\":\"SearchAction\",\"target\":{\"@type\":\"EntryPoint\",\"urlTemplate\":\"https:\\\/\\\/taobike.es\\\/?s={search_term_string}\"},\"query-input\":{\"@type\":\"PropertyValueSpecification\",\"valueRequired\":true,\"valueName\":\"search_term_string\"}}],\"inLanguage\":\"en-US\"},{\"@type\":\"Organization\",\"@id\":\"https:\\\/\\\/taobike.es\\\/#organization\",\"name\":\"TAOBIKE - Alquiler de Bicicletas El\u00e9ctricas en Benidorm\",\"url\":\"https:\\\/\\\/taobike.es\\\/\",\"logo\":{\"@type\":\"ImageObject\",\"inLanguage\":\"en-US\",\"@id\":\"https:\\\/\\\/taobike.es\\\/#\\\/schema\\\/logo\\\/image\\\/\",\"url\":\"https:\\\/\\\/taobike.es\\\/wp-content\\\/uploads\\\/2015\\\/04\\\/TAOLOGOSIMBOLO_sRGB.jpg\",\"contentUrl\":\"https:\\\/\\\/taobike.es\\\/wp-content\\\/uploads\\\/2015\\\/04\\\/TAOLOGOSIMBOLO_sRGB.jpg\",\"width\":307,\"height\":160,\"caption\":\"TAOBIKE - Alquiler de Bicicletas El\u00e9ctricas en Benidorm\"},\"image\":{\"@id\":\"https:\\\/\\\/taobike.es\\\/#\\\/schema\\\/logo\\\/image\\\/\"},\"sameAs\":[\"https:\\\/\\\/www.facebook.com\\\/taobikespain\",\"https:\\\/\\\/x.com\\\/tao_bike\",\"https:\\\/\\\/instagram.com\\\/taobike\\\/\"]}]}<\/script>\n<!-- \/ Yoast SEO plugin. -->","yoast_head_json":{"title":"Patinete El\u00e9ctrico Skateflash SK Urban 3.0 - TAO BIKE","description":"Patinete El\u00e9ctrico Skateflash SK Urban 3.0. Venta de patinetes el\u00e9ctricos, bicicletas y taller. Las mejores ofertas. Servicio de asistencia t\u00e9cnica (SAT).","robots":{"index":"index","follow":"follow","max-snippet":"max-snippet:-1","max-image-preview":"max-image-preview:large","max-video-preview":"max-video-preview:-1"},"canonical":"https:\/\/taobike.es\/tienda\/patinete-electrico-skateflash-sk-urban-3-0\/","og_locale":"en_US","og_type":"article","og_title":"Patinete El\u00e9ctrico Skateflash SK Urban 3.0 - TAO BIKE","og_description":"Patinete El\u00e9ctrico Skateflash SK Urban 3.0. Venta de patinetes el\u00e9ctricos, bicicletas y taller. Las mejores ofertas. Servicio de asistencia t\u00e9cnica (SAT).","og_url":"https:\/\/taobike.es\/tienda\/patinete-electrico-skateflash-sk-urban-3-0\/","og_site_name":"TAOBIKE - RENTAL E-BIKES - BENIDORM","article_publisher":"https:\/\/www.facebook.com\/taobikespain","article_modified_time":"2021-11-27T18:10:55+00:00","og_image":[{"width":800,"height":800,"url":"https:\/\/taobike.es\/wp-content\/uploads\/2020\/04\/patinete-electrico-skateflash-sk-urban-3.-1-e1588441914139.jpg","type":"image\/jpeg"}],"twitter_card":"summary_large_image","twitter_site":"@tao_bike","twitter_misc":{"Est. reading time":"1 minute"},"schema":{"@context":"https:\/\/schema.org","@graph":[{"@type":"WebPage","@id":"https:\/\/taobike.es\/tienda\/patinete-electrico-skateflash-sk-urban-3-0\/","url":"https:\/\/taobike.es\/tienda\/patinete-electrico-skateflash-sk-urban-3-0\/","name":"Patinete El\u00e9ctrico Skateflash SK Urban 3.0 - TAO BIKE","isPartOf":{"@id":"https:\/\/taobike.es\/#website"},"primaryImageOfPage":{"@id":"https:\/\/taobike.es\/tienda\/patinete-electrico-skateflash-sk-urban-3-0\/#primaryimage"},"image":{"@id":"https:\/\/taobike.es\/tienda\/patinete-electrico-skateflash-sk-urban-3-0\/#primaryimage"},"thumbnailUrl":"https:\/\/taobike.es\/wp-content\/uploads\/2020\/04\/patinete-electrico-skateflash-sk-urban-3.-1-e1588441914139.jpg","datePublished":"2020-04-30T18:04:01+00:00","dateModified":"2021-11-27T18:10:55+00:00","description":"Patinete El\u00e9ctrico Skateflash SK Urban 3.0. Venta de patinetes el\u00e9ctricos, bicicletas y taller. Las mejores ofertas. Servicio de asistencia t\u00e9cnica (SAT).","breadcrumb":{"@id":"https:\/\/taobike.es\/tienda\/patinete-electrico-skateflash-sk-urban-3-0\/#breadcrumb"},"inLanguage":"en-US","potentialAction":[{"@type":"ReadAction","target":["https:\/\/taobike.es\/tienda\/patinete-electrico-skateflash-sk-urban-3-0\/"]}]},{"@type":"ImageObject","inLanguage":"en-US","@id":"https:\/\/taobike.es\/tienda\/patinete-electrico-skateflash-sk-urban-3-0\/#primaryimage","url":"https:\/\/taobike.es\/wp-content\/uploads\/2020\/04\/patinete-electrico-skateflash-sk-urban-3.-1-e1588441914139.jpg","contentUrl":"https:\/\/taobike.es\/wp-content\/uploads\/2020\/04\/patinete-electrico-skateflash-sk-urban-3.-1-e1588441914139.jpg","width":800,"height":800,"caption":"Patinete El\u00e9ctrico Skateflash SK Urban 3.0"},{"@type":"BreadcrumbList","@id":"https:\/\/taobike.es\/tienda\/patinete-electrico-skateflash-sk-urban-3-0\/#breadcrumb","itemListElement":[{"@type":"ListItem","position":1,"name":"Portada","item":"https:\/\/taobike.es\/en\/inicio\/"},{"@type":"ListItem","position":2,"name":"Shop","item":"https:\/\/taobike.es\/en\/shop\/"},{"@type":"ListItem","position":3,"name":"Patinete El\u00e9ctrico Skateflash SK Urban 3.0"}]},{"@type":"WebSite","@id":"https:\/\/taobike.es\/#website","url":"https:\/\/taobike.es\/","name":"TAOBIKE - RENTAL E-BIKES - BENIDORM","description":"ECO&amp;RESPONSIBLE TOURISM","publisher":{"@id":"https:\/\/taobike.es\/#organization"},"potentialAction":[{"@type":"SearchAction","target":{"@type":"EntryPoint","urlTemplate":"https:\/\/taobike.es\/?s={search_term_string}"},"query-input":{"@type":"PropertyValueSpecification","valueRequired":true,"valueName":"search_term_string"}}],"inLanguage":"en-US"},{"@type":"Organization","@id":"https:\/\/taobike.es\/#organization","name":"TAOBIKE - Alquiler de Bicicletas El\u00e9ctricas en Benidorm","url":"https:\/\/taobike.es\/","logo":{"@type":"ImageObject","inLanguage":"en-US","@id":"https:\/\/taobike.es\/#\/schema\/logo\/image\/","url":"https:\/\/taobike.es\/wp-content\/uploads\/2015\/04\/TAOLOGOSIMBOLO_sRGB.jpg","contentUrl":"https:\/\/taobike.es\/wp-content\/uploads\/2015\/04\/TAOLOGOSIMBOLO_sRGB.jpg","width":307,"height":160,"caption":"TAOBIKE - Alquiler de Bicicletas El\u00e9ctricas en Benidorm"},"image":{"@id":"https:\/\/taobike.es\/#\/schema\/logo\/image\/"},"sameAs":["https:\/\/www.facebook.com\/taobikespain","https:\/\/x.com\/tao_bike","https:\/\/instagram.com\/taobike\/"]}]}},"_links":{"self":[{"href":"https:\/\/taobike.es\/en\/wp-json\/wp\/v2\/product\/4583","targetHints":{"allow":["GET"]}}],"collection":[{"href":"https:\/\/taobike.es\/en\/wp-json\/wp\/v2\/product"}],"about":[{"href":"https:\/\/taobike.es\/en\/wp-json\/wp\/v2\/types\/product"}],"replies":[{"embeddable":true,"href":"https:\/\/taobike.es\/en\/wp-json\/wp\/v2\/comments?post=4583"}],"wp:featuredmedia":[{"embeddable":true,"href":"https:\/\/taobike.es\/en\/wp-json\/wp\/v2\/media\/4596"}],"wp:attachment":[{"href":"https:\/\/taobike.es\/en\/wp-json\/wp\/v2\/media?parent=4583"}],"wp:term":[{"taxonomy":"product_brand","embeddable":true,"href":"https:\/\/taobike.es\/en\/wp-json\/wp\/v2\/product_brand?post=4583"},{"taxonomy":"product_cat","embeddable":true,"href":"https:\/\/taobike.es\/en\/wp-json\/wp\/v2\/product_cat?post=4583"},{"taxonomy":"product_tag","embeddable":true,"href":"https:\/\/taobike.es\/en\/wp-json\/wp\/v2\/product_tag?post=4583"}],"curies":[{"name":"wp","href":"https:\/\/api.w.org\/{rel}","templated":true}]}}