{"id":4613,"date":"2020-05-14T11:24:34","date_gmt":"2020-05-14T10:24:34","guid":{"rendered":"https:\/\/taobike.es\/?post_type=product&#038;p=4613"},"modified":"2024-04-24T16:57:28","modified_gmt":"2024-04-24T15:57:28","slug":"tao-bike-custom","status":"publish","type":"product","link":"https:\/\/taobike.es\/en\/tienda\/tao-bike-custom\/","title":{"rendered":"Tao Bike Custom"},"content":{"rendered":"<p>Si quieres comprar una bicicleta el\u00e9ctrica de segunda mano, \u00e9sta bici es la mejor opci\u00f3n. Con un dise\u00f1o \u00fanico, original, c\u00f3modas, potentes y con una <strong>gran autonom\u00eda<\/strong> para disfrutar de tu bicicleta el\u00e9ctrica. Una bicicleta urbana muy potente y segura que destaca por su dise\u00f1o original y divertido.<\/p>\n<p>La <strong>comodidad<\/strong> es su principal caracter\u00edstica. Su dise\u00f1o permite pedalear con la espalda recta y los brazos relajados, si a\u00f1adimos un sill\u00edn grande y muy c\u00f3modo, tenemos la combinaci\u00f3n perfecta para un recorrido en bici muy c\u00f3modo y relajado.<\/p>\n<p>El modelo Custom de nuestras bicicletas el\u00e9ctricas, tiene un dise\u00f1o muy original y un cuadro de aluminio \u00fanico que nos hace recordar a las bicis m\u00e1s vintage. Es en el cuadro donde se esconde la bater\u00eda y queda aislada de las inclemencias del tiempo y de la suciedad. Con una misma carga de bater\u00eda nos permitir\u00e1 recorrer hasta 60km adem\u00e1s\u00a0 tiene 3 niveles de asistencia para hacer tu experiencia mucho m\u00e1s agradable.<\/p>\n<p>Esta asistida por un sistema el\u00e9ctrico de 36v 250W\u00a0 con controlador de 17Ah y bater\u00edas Samsung de \u00faltima generaci\u00f3n de 11Ah.Un cambio Shimano Tourney TX de 7 Velocidades y llantas de aluminio reforzado y cubiertas kenda de 26X2.30 anchas y preciosas que le dan un toque diferente\u00a0 y precioso a la bicicleta.<\/p>\n<p>Tambi\u00e9n va equipada con luces led de alta luminosidad conectadas a la bater\u00eda con un precioso faro vintage.<\/p>\n<p>Cambiamos nuestra flota cada a\u00f1o, por los que vendemos de segunda mano los modelos del a\u00f1o anterior. Si est\u00e1s pensando en comprar bicicleta, aprovecha y ll\u00e9vate una bicicleta el\u00e9ctrica por un precio de normal.<\/p>\n<p><a href=\"http:\/\/taobike.es\/contacto\">contacto con nosotros<\/a><\/p>\n","protected":false},"excerpt":{"rendered":"<p>Tao Bike Custom Segunda Mano<\/p>\n","protected":false},"featured_media":910,"comment_status":"open","ping_status":"closed","template":"","meta":{"_joinchat":[]},"product_brand":[],"product_cat":[537],"product_tag":[],"class_list":{"0":"post-4613","1":"product","2":"type-product","3":"status-publish","4":"has-post-thumbnail","6":"product_cat-bicicletas-electricas","7":"description-off","9":"first","10":"instock","11":"sale","12":"taxable","13":"shipping-taxable","14":"purchasable","15":"product-type-simple"},"yoast_head":"<!-- This site is optimized with the Yoast SEO plugin v27.4 - https:\/\/yoast.com\/product\/yoast-seo-wordpress\/ -->\n<title>Comprar bicicleta el\u00e9ctrica segunda mano. TAO Bike<\/title>\n<meta name=\"description\" content=\"Si quieres comprar una bicicleta el\u00e9ctrica de segunda mano te ayudamos a elegir la mejor opci\u00f3n para ti! El modelo Custom es el m\u00e1s c\u00f3modo y f\u00e1cil.\" \/>\n<meta name=\"robots\" content=\"index, follow, max-snippet:-1, max-image-preview:large, max-video-preview:-1\" \/>\n<link rel=\"canonical\" href=\"https:\/\/taobike.es\/tienda\/tao-bike-custom\/\" \/>\n<meta property=\"og:locale\" content=\"en_US\" \/>\n<meta property=\"og:type\" content=\"article\" \/>\n<meta property=\"og:title\" content=\"Comprar bicicleta el\u00e9ctrica segunda mano. TAO Bike\" \/>\n<meta property=\"og:description\" content=\"Si quieres comprar una bicicleta el\u00e9ctrica de segunda mano te ayudamos a elegir la mejor opci\u00f3n para ti! El modelo Custom es el m\u00e1s c\u00f3modo y f\u00e1cil.\" \/>\n<meta property=\"og:url\" content=\"https:\/\/taobike.es\/tienda\/tao-bike-custom\/\" \/>\n<meta property=\"og:site_name\" content=\"TAOBIKE - RENTAL E-BIKES - BENIDORM\" \/>\n<meta property=\"article:publisher\" content=\"https:\/\/www.facebook.com\/taobikespain\" \/>\n<meta property=\"article:modified_time\" content=\"2024-04-24T15:57:28+00:00\" \/>\n<meta property=\"og:image\" content=\"https:\/\/taobike.es\/wp-content\/uploads\/2016\/02\/comprar-una-bici-electrica.jpg\" \/>\n\t<meta property=\"og:image:width\" content=\"1299\" \/>\n\t<meta property=\"og:image:height\" content=\"866\" \/>\n\t<meta property=\"og:image:type\" content=\"image\/jpeg\" \/>\n<meta name=\"twitter:card\" content=\"summary_large_image\" \/>\n<meta name=\"twitter:site\" content=\"@tao_bike\" \/>\n<meta name=\"twitter:label1\" content=\"Est. reading time\" \/>\n\t<meta name=\"twitter:data1\" content=\"2 minutes\" \/>\n<script type=\"application\/ld+json\" class=\"yoast-schema-graph\">{\"@context\":\"https:\\\/\\\/schema.org\",\"@graph\":[{\"@type\":\"WebPage\",\"@id\":\"https:\\\/\\\/taobike.es\\\/tienda\\\/tao-bike-custom\\\/\",\"url\":\"https:\\\/\\\/taobike.es\\\/tienda\\\/tao-bike-custom\\\/\",\"name\":\"Comprar bicicleta el\u00e9ctrica segunda mano. TAO Bike\",\"isPartOf\":{\"@id\":\"https:\\\/\\\/taobike.es\\\/#website\"},\"primaryImageOfPage\":{\"@id\":\"https:\\\/\\\/taobike.es\\\/tienda\\\/tao-bike-custom\\\/#primaryimage\"},\"image\":{\"@id\":\"https:\\\/\\\/taobike.es\\\/tienda\\\/tao-bike-custom\\\/#primaryimage\"},\"thumbnailUrl\":\"https:\\\/\\\/taobike.es\\\/wp-content\\\/uploads\\\/2016\\\/02\\\/comprar-una-bici-electrica.jpg\",\"datePublished\":\"2020-05-14T10:24:34+00:00\",\"dateModified\":\"2024-04-24T15:57:28+00:00\",\"description\":\"Si quieres comprar una bicicleta el\u00e9ctrica de segunda mano te ayudamos a elegir la mejor opci\u00f3n para ti! El modelo Custom es el m\u00e1s c\u00f3modo y f\u00e1cil.\",\"breadcrumb\":{\"@id\":\"https:\\\/\\\/taobike.es\\\/tienda\\\/tao-bike-custom\\\/#breadcrumb\"},\"inLanguage\":\"en-US\",\"potentialAction\":[{\"@type\":\"ReadAction\",\"target\":[\"https:\\\/\\\/taobike.es\\\/tienda\\\/tao-bike-custom\\\/\"]}]},{\"@type\":\"ImageObject\",\"inLanguage\":\"en-US\",\"@id\":\"https:\\\/\\\/taobike.es\\\/tienda\\\/tao-bike-custom\\\/#primaryimage\",\"url\":\"https:\\\/\\\/taobike.es\\\/wp-content\\\/uploads\\\/2016\\\/02\\\/comprar-una-bici-electrica.jpg\",\"contentUrl\":\"https:\\\/\\\/taobike.es\\\/wp-content\\\/uploads\\\/2016\\\/02\\\/comprar-una-bici-electrica.jpg\",\"width\":1299,\"height\":866,\"caption\":\"comprar una bici el\u00e9ctrica\"},{\"@type\":\"BreadcrumbList\",\"@id\":\"https:\\\/\\\/taobike.es\\\/tienda\\\/tao-bike-custom\\\/#breadcrumb\",\"itemListElement\":[{\"@type\":\"ListItem\",\"position\":1,\"name\":\"Portada\",\"item\":\"https:\\\/\\\/taobike.es\\\/en\\\/inicio\\\/\"},{\"@type\":\"ListItem\",\"position\":2,\"name\":\"Shop\",\"item\":\"https:\\\/\\\/taobike.es\\\/en\\\/shop\\\/\"},{\"@type\":\"ListItem\",\"position\":3,\"name\":\"Tao Bike Custom\"}]},{\"@type\":\"WebSite\",\"@id\":\"https:\\\/\\\/taobike.es\\\/#website\",\"url\":\"https:\\\/\\\/taobike.es\\\/\",\"name\":\"TAOBIKE - RENTAL E-BIKES - BENIDORM\",\"description\":\"ECO&amp;RESPONSIBLE TOURISM\",\"publisher\":{\"@id\":\"https:\\\/\\\/taobike.es\\\/#organization\"},\"potentialAction\":[{\"@type\":\"SearchAction\",\"target\":{\"@type\":\"EntryPoint\",\"urlTemplate\":\"https:\\\/\\\/taobike.es\\\/?s={search_term_string}\"},\"query-input\":{\"@type\":\"PropertyValueSpecification\",\"valueRequired\":true,\"valueName\":\"search_term_string\"}}],\"inLanguage\":\"en-US\"},{\"@type\":\"Organization\",\"@id\":\"https:\\\/\\\/taobike.es\\\/#organization\",\"name\":\"TAOBIKE - Alquiler de Bicicletas El\u00e9ctricas en Benidorm\",\"url\":\"https:\\\/\\\/taobike.es\\\/\",\"logo\":{\"@type\":\"ImageObject\",\"inLanguage\":\"en-US\",\"@id\":\"https:\\\/\\\/taobike.es\\\/#\\\/schema\\\/logo\\\/image\\\/\",\"url\":\"https:\\\/\\\/taobike.es\\\/wp-content\\\/uploads\\\/2015\\\/04\\\/TAOLOGOSIMBOLO_sRGB.jpg\",\"contentUrl\":\"https:\\\/\\\/taobike.es\\\/wp-content\\\/uploads\\\/2015\\\/04\\\/TAOLOGOSIMBOLO_sRGB.jpg\",\"width\":307,\"height\":160,\"caption\":\"TAOBIKE - Alquiler de Bicicletas El\u00e9ctricas en Benidorm\"},\"image\":{\"@id\":\"https:\\\/\\\/taobike.es\\\/#\\\/schema\\\/logo\\\/image\\\/\"},\"sameAs\":[\"https:\\\/\\\/www.facebook.com\\\/taobikespain\",\"https:\\\/\\\/x.com\\\/tao_bike\",\"https:\\\/\\\/instagram.com\\\/taobike\\\/\"]}]}<\/script>\n<!-- \/ Yoast SEO plugin. -->","yoast_head_json":{"title":"Comprar bicicleta el\u00e9ctrica segunda mano. TAO Bike","description":"Si quieres comprar una bicicleta el\u00e9ctrica de segunda mano te ayudamos a elegir la mejor opci\u00f3n para ti! El modelo Custom es el m\u00e1s c\u00f3modo y f\u00e1cil.","robots":{"index":"index","follow":"follow","max-snippet":"max-snippet:-1","max-image-preview":"max-image-preview:large","max-video-preview":"max-video-preview:-1"},"canonical":"https:\/\/taobike.es\/tienda\/tao-bike-custom\/","og_locale":"en_US","og_type":"article","og_title":"Comprar bicicleta el\u00e9ctrica segunda mano. TAO Bike","og_description":"Si quieres comprar una bicicleta el\u00e9ctrica de segunda mano te ayudamos a elegir la mejor opci\u00f3n para ti! El modelo Custom es el m\u00e1s c\u00f3modo y f\u00e1cil.","og_url":"https:\/\/taobike.es\/tienda\/tao-bike-custom\/","og_site_name":"TAOBIKE - RENTAL E-BIKES - BENIDORM","article_publisher":"https:\/\/www.facebook.com\/taobikespain","article_modified_time":"2024-04-24T15:57:28+00:00","og_image":[{"width":1299,"height":866,"url":"https:\/\/taobike.es\/wp-content\/uploads\/2016\/02\/comprar-una-bici-electrica.jpg","type":"image\/jpeg"}],"twitter_card":"summary_large_image","twitter_site":"@tao_bike","twitter_misc":{"Est. reading time":"2 minutes"},"schema":{"@context":"https:\/\/schema.org","@graph":[{"@type":"WebPage","@id":"https:\/\/taobike.es\/tienda\/tao-bike-custom\/","url":"https:\/\/taobike.es\/tienda\/tao-bike-custom\/","name":"Comprar bicicleta el\u00e9ctrica segunda mano. TAO Bike","isPartOf":{"@id":"https:\/\/taobike.es\/#website"},"primaryImageOfPage":{"@id":"https:\/\/taobike.es\/tienda\/tao-bike-custom\/#primaryimage"},"image":{"@id":"https:\/\/taobike.es\/tienda\/tao-bike-custom\/#primaryimage"},"thumbnailUrl":"https:\/\/taobike.es\/wp-content\/uploads\/2016\/02\/comprar-una-bici-electrica.jpg","datePublished":"2020-05-14T10:24:34+00:00","dateModified":"2024-04-24T15:57:28+00:00","description":"Si quieres comprar una bicicleta el\u00e9ctrica de segunda mano te ayudamos a elegir la mejor opci\u00f3n para ti! El modelo Custom es el m\u00e1s c\u00f3modo y f\u00e1cil.","breadcrumb":{"@id":"https:\/\/taobike.es\/tienda\/tao-bike-custom\/#breadcrumb"},"inLanguage":"en-US","potentialAction":[{"@type":"ReadAction","target":["https:\/\/taobike.es\/tienda\/tao-bike-custom\/"]}]},{"@type":"ImageObject","inLanguage":"en-US","@id":"https:\/\/taobike.es\/tienda\/tao-bike-custom\/#primaryimage","url":"https:\/\/taobike.es\/wp-content\/uploads\/2016\/02\/comprar-una-bici-electrica.jpg","contentUrl":"https:\/\/taobike.es\/wp-content\/uploads\/2016\/02\/comprar-una-bici-electrica.jpg","width":1299,"height":866,"caption":"comprar una bici el\u00e9ctrica"},{"@type":"BreadcrumbList","@id":"https:\/\/taobike.es\/tienda\/tao-bike-custom\/#breadcrumb","itemListElement":[{"@type":"ListItem","position":1,"name":"Portada","item":"https:\/\/taobike.es\/en\/inicio\/"},{"@type":"ListItem","position":2,"name":"Shop","item":"https:\/\/taobike.es\/en\/shop\/"},{"@type":"ListItem","position":3,"name":"Tao Bike Custom"}]},{"@type":"WebSite","@id":"https:\/\/taobike.es\/#website","url":"https:\/\/taobike.es\/","name":"TAOBIKE - RENTAL E-BIKES - BENIDORM","description":"ECO&amp;RESPONSIBLE TOURISM","publisher":{"@id":"https:\/\/taobike.es\/#organization"},"potentialAction":[{"@type":"SearchAction","target":{"@type":"EntryPoint","urlTemplate":"https:\/\/taobike.es\/?s={search_term_string}"},"query-input":{"@type":"PropertyValueSpecification","valueRequired":true,"valueName":"search_term_string"}}],"inLanguage":"en-US"},{"@type":"Organization","@id":"https:\/\/taobike.es\/#organization","name":"TAOBIKE - Alquiler de Bicicletas El\u00e9ctricas en Benidorm","url":"https:\/\/taobike.es\/","logo":{"@type":"ImageObject","inLanguage":"en-US","@id":"https:\/\/taobike.es\/#\/schema\/logo\/image\/","url":"https:\/\/taobike.es\/wp-content\/uploads\/2015\/04\/TAOLOGOSIMBOLO_sRGB.jpg","contentUrl":"https:\/\/taobike.es\/wp-content\/uploads\/2015\/04\/TAOLOGOSIMBOLO_sRGB.jpg","width":307,"height":160,"caption":"TAOBIKE - Alquiler de Bicicletas El\u00e9ctricas en Benidorm"},"image":{"@id":"https:\/\/taobike.es\/#\/schema\/logo\/image\/"},"sameAs":["https:\/\/www.facebook.com\/taobikespain","https:\/\/x.com\/tao_bike","https:\/\/instagram.com\/taobike\/"]}]}},"_links":{"self":[{"href":"https:\/\/taobike.es\/en\/wp-json\/wp\/v2\/product\/4613","targetHints":{"allow":["GET"]}}],"collection":[{"href":"https:\/\/taobike.es\/en\/wp-json\/wp\/v2\/product"}],"about":[{"href":"https:\/\/taobike.es\/en\/wp-json\/wp\/v2\/types\/product"}],"replies":[{"embeddable":true,"href":"https:\/\/taobike.es\/en\/wp-json\/wp\/v2\/comments?post=4613"}],"wp:featuredmedia":[{"embeddable":true,"href":"https:\/\/taobike.es\/en\/wp-json\/wp\/v2\/media\/910"}],"wp:attachment":[{"href":"https:\/\/taobike.es\/en\/wp-json\/wp\/v2\/media?parent=4613"}],"wp:term":[{"taxonomy":"product_brand","embeddable":true,"href":"https:\/\/taobike.es\/en\/wp-json\/wp\/v2\/product_brand?post=4613"},{"taxonomy":"product_cat","embeddable":true,"href":"https:\/\/taobike.es\/en\/wp-json\/wp\/v2\/product_cat?post=4613"},{"taxonomy":"product_tag","embeddable":true,"href":"https:\/\/taobike.es\/en\/wp-json\/wp\/v2\/product_tag?post=4613"}],"curies":[{"name":"wp","href":"https:\/\/api.w.org\/{rel}","templated":true}]}}