{"id":4621,"date":"2020-05-14T12:07:28","date_gmt":"2020-05-14T11:07:28","guid":{"rendered":"https:\/\/taobike.es\/?post_type=product&#038;p=4621"},"modified":"2021-03-31T21:27:28","modified_gmt":"2021-03-31T20:27:28","slug":"tao-bike-plegable","status":"publish","type":"product","link":"https:\/\/taobike.es\/en\/tienda\/tao-bike-plegable\/","title":{"rendered":"Tao Bike plegable"},"content":{"rendered":"<p>Si quieres comprar una bicicleta el\u00e9ctrica plegable de segunda mano, \u00e9sta bici es la mejor opci\u00f3n. Con un dise\u00f1o \u00fanico, original, c\u00f3modas, potentes y con una <strong>gran autonom\u00eda<\/strong> para disfrutar de tu bicicleta el\u00e9ctrica. Una bicicleta urbana muy potente y segura que destaca por su dise\u00f1o original y divertido.<\/p>\n<p>Nuestra TAO Bike Plegable es una bicicleta el\u00e9ctrica ideal para ciudad o para llev\u00e1rtela a donde quieras gracias a su f\u00e1cil plegado y a sus reducidas dimensiones cuando est\u00e1 plegada.<\/p>\n<p>El plegado es sencillo y r\u00e1pido, desde el centro del cuadro con un doble sistema de seguridad para que nunca se abra si tu no quieres, y tambi\u00e9n se pliega la tija de la direcci\u00f3n para que sea muy compacta y ocupe poco espacio.<\/p>\n<p>Es igual de potente que sus hermanas mayores ya que monta un motor de 250W y 36V montada en una rueda de 20\u201d con llantas de aluminio de doble pared reforzadas.<\/p>\n<p>Bater\u00eda de Iones de Litio Samsung extra\u00edble de 11Ah y 60km de autonom\u00eda.<\/p>\n<p>Cambiamos nuestra flota cada a\u00f1o, por los que vendemos de segunda mano los modelos del a\u00f1o anterior. Si est\u00e1s pensando en comprar bicicleta plegable, aprovecha y ll\u00e9vate una bicicleta el\u00e9ctrica por un precio de normal.<\/p>\n<p><b>Puedes recogerla directamente en tienda o\u00a0env\u00edamos a la provincia de Alicante.<\/b><\/p>\n<p>Si tienes alguna duda puedes ponerte en\u00a0<a href=\"http:\/\/taobike.es\/contacto\">contacto con nosotros.<\/a><\/p>\n","protected":false},"excerpt":{"rendered":"<p>Tao Bike plegable Segunda Mano<\/p>\n","protected":false},"featured_media":137,"comment_status":"open","ping_status":"closed","template":"","meta":{"_joinchat":[]},"product_brand":[],"product_cat":[537],"product_tag":[],"class_list":{"0":"post-4621","1":"product","2":"type-product","3":"status-publish","4":"has-post-thumbnail","6":"product_cat-bicicletas-electricas","7":"description-off","9":"first","10":"outofstock","11":"sale","12":"taxable","13":"shipping-taxable","14":"purchasable","15":"product-type-simple"},"yoast_head":"<!-- This site is optimized with the Yoast SEO plugin v27.4 - https:\/\/yoast.com\/product\/yoast-seo-wordpress\/ -->\n<title>Comprar bicicleta plegable el\u00e9ctrica de segunda mano. TAO Bike<\/title>\n<meta name=\"description\" content=\"Si quieres comprar una bicicleta el\u00e9ctrica plegable de segunda mano te ayudamos a elegir la mejor opci\u00f3n para ti! Este modelo es el m\u00e1s c\u00f3modo y f\u00e1cil.\" \/>\n<meta name=\"robots\" content=\"index, follow, max-snippet:-1, max-image-preview:large, max-video-preview:-1\" \/>\n<link rel=\"canonical\" href=\"https:\/\/taobike.es\/en\/tienda\/tao-bike-plegable\/\" \/>\n<meta property=\"og:locale\" content=\"en_US\" \/>\n<meta property=\"og:type\" content=\"article\" \/>\n<meta property=\"og:title\" content=\"Comprar bicicleta plegable el\u00e9ctrica de segunda mano. TAO Bike\" \/>\n<meta property=\"og:description\" content=\"Si quieres comprar una bicicleta el\u00e9ctrica plegable de segunda mano te ayudamos a elegir la mejor opci\u00f3n para ti! Este modelo es el m\u00e1s c\u00f3modo y f\u00e1cil.\" \/>\n<meta property=\"og:url\" content=\"https:\/\/taobike.es\/en\/tienda\/tao-bike-plegable\/\" \/>\n<meta property=\"og:site_name\" content=\"TAOBIKE - RENTAL E-BIKES - BENIDORM\" \/>\n<meta property=\"article:publisher\" content=\"https:\/\/www.facebook.com\/taobikespain\" \/>\n<meta property=\"article:modified_time\" content=\"2021-03-31T20:27:28+00:00\" \/>\n<meta property=\"og:image\" content=\"https:\/\/taobike.es\/wp-content\/uploads\/2015\/07\/bicicleta-plegable-taobike.jpg\" \/>\n\t<meta property=\"og:image:width\" content=\"800\" \/>\n\t<meta property=\"og:image:height\" content=\"533\" \/>\n\t<meta property=\"og:image:type\" content=\"image\/jpeg\" \/>\n<meta name=\"twitter:card\" content=\"summary_large_image\" \/>\n<meta name=\"twitter:site\" content=\"@tao_bike\" \/>\n<meta name=\"twitter:label1\" content=\"Est. reading time\" \/>\n\t<meta name=\"twitter:data1\" content=\"1 minute\" \/>\n<script type=\"application\/ld+json\" class=\"yoast-schema-graph\">{\"@context\":\"https:\\\/\\\/schema.org\",\"@graph\":[{\"@type\":\"WebPage\",\"@id\":\"https:\\\/\\\/taobike.es\\\/en\\\/tienda\\\/tao-bike-plegable\\\/\",\"url\":\"https:\\\/\\\/taobike.es\\\/en\\\/tienda\\\/tao-bike-plegable\\\/\",\"name\":\"Comprar bicicleta plegable el\u00e9ctrica de segunda mano. TAO Bike\",\"isPartOf\":{\"@id\":\"https:\\\/\\\/taobike.es\\\/#website\"},\"primaryImageOfPage\":{\"@id\":\"https:\\\/\\\/taobike.es\\\/en\\\/tienda\\\/tao-bike-plegable\\\/#primaryimage\"},\"image\":{\"@id\":\"https:\\\/\\\/taobike.es\\\/en\\\/tienda\\\/tao-bike-plegable\\\/#primaryimage\"},\"thumbnailUrl\":\"https:\\\/\\\/taobike.es\\\/wp-content\\\/uploads\\\/2015\\\/07\\\/bicicleta-plegable-taobike.jpg\",\"datePublished\":\"2020-05-14T11:07:28+00:00\",\"dateModified\":\"2021-03-31T20:27:28+00:00\",\"description\":\"Si quieres comprar una bicicleta el\u00e9ctrica plegable de segunda mano te ayudamos a elegir la mejor opci\u00f3n para ti! Este modelo es el m\u00e1s c\u00f3modo y f\u00e1cil.\",\"breadcrumb\":{\"@id\":\"https:\\\/\\\/taobike.es\\\/en\\\/tienda\\\/tao-bike-plegable\\\/#breadcrumb\"},\"inLanguage\":\"en-US\",\"potentialAction\":[{\"@type\":\"ReadAction\",\"target\":[\"https:\\\/\\\/taobike.es\\\/en\\\/tienda\\\/tao-bike-plegable\\\/\"]}]},{\"@type\":\"ImageObject\",\"inLanguage\":\"en-US\",\"@id\":\"https:\\\/\\\/taobike.es\\\/en\\\/tienda\\\/tao-bike-plegable\\\/#primaryimage\",\"url\":\"https:\\\/\\\/taobike.es\\\/wp-content\\\/uploads\\\/2015\\\/07\\\/bicicleta-plegable-taobike.jpg\",\"contentUrl\":\"https:\\\/\\\/taobike.es\\\/wp-content\\\/uploads\\\/2015\\\/07\\\/bicicleta-plegable-taobike.jpg\",\"width\":800,\"height\":533,\"caption\":\"bicicleta plegable\"},{\"@type\":\"BreadcrumbList\",\"@id\":\"https:\\\/\\\/taobike.es\\\/en\\\/tienda\\\/tao-bike-plegable\\\/#breadcrumb\",\"itemListElement\":[{\"@type\":\"ListItem\",\"position\":1,\"name\":\"Portada\",\"item\":\"https:\\\/\\\/taobike.es\\\/en\\\/inicio\\\/\"},{\"@type\":\"ListItem\",\"position\":2,\"name\":\"Shop\",\"item\":\"https:\\\/\\\/taobike.es\\\/en\\\/shop\\\/\"},{\"@type\":\"ListItem\",\"position\":3,\"name\":\"Tao Bike plegable\"}]},{\"@type\":\"WebSite\",\"@id\":\"https:\\\/\\\/taobike.es\\\/#website\",\"url\":\"https:\\\/\\\/taobike.es\\\/\",\"name\":\"TAOBIKE - RENTAL E-BIKES - BENIDORM\",\"description\":\"ECO&amp;RESPONSIBLE TOURISM\",\"publisher\":{\"@id\":\"https:\\\/\\\/taobike.es\\\/#organization\"},\"potentialAction\":[{\"@type\":\"SearchAction\",\"target\":{\"@type\":\"EntryPoint\",\"urlTemplate\":\"https:\\\/\\\/taobike.es\\\/?s={search_term_string}\"},\"query-input\":{\"@type\":\"PropertyValueSpecification\",\"valueRequired\":true,\"valueName\":\"search_term_string\"}}],\"inLanguage\":\"en-US\"},{\"@type\":\"Organization\",\"@id\":\"https:\\\/\\\/taobike.es\\\/#organization\",\"name\":\"TAOBIKE - Alquiler de Bicicletas El\u00e9ctricas en Benidorm\",\"url\":\"https:\\\/\\\/taobike.es\\\/\",\"logo\":{\"@type\":\"ImageObject\",\"inLanguage\":\"en-US\",\"@id\":\"https:\\\/\\\/taobike.es\\\/#\\\/schema\\\/logo\\\/image\\\/\",\"url\":\"https:\\\/\\\/taobike.es\\\/wp-content\\\/uploads\\\/2015\\\/04\\\/TAOLOGOSIMBOLO_sRGB.jpg\",\"contentUrl\":\"https:\\\/\\\/taobike.es\\\/wp-content\\\/uploads\\\/2015\\\/04\\\/TAOLOGOSIMBOLO_sRGB.jpg\",\"width\":307,\"height\":160,\"caption\":\"TAOBIKE - Alquiler de Bicicletas El\u00e9ctricas en Benidorm\"},\"image\":{\"@id\":\"https:\\\/\\\/taobike.es\\\/#\\\/schema\\\/logo\\\/image\\\/\"},\"sameAs\":[\"https:\\\/\\\/www.facebook.com\\\/taobikespain\",\"https:\\\/\\\/x.com\\\/tao_bike\",\"https:\\\/\\\/instagram.com\\\/taobike\\\/\"]}]}<\/script>\n<!-- \/ Yoast SEO plugin. -->","yoast_head_json":{"title":"Comprar bicicleta plegable el\u00e9ctrica de segunda mano. TAO Bike","description":"Si quieres comprar una bicicleta el\u00e9ctrica plegable de segunda mano te ayudamos a elegir la mejor opci\u00f3n para ti! Este modelo es el m\u00e1s c\u00f3modo y f\u00e1cil.","robots":{"index":"index","follow":"follow","max-snippet":"max-snippet:-1","max-image-preview":"max-image-preview:large","max-video-preview":"max-video-preview:-1"},"canonical":"https:\/\/taobike.es\/en\/tienda\/tao-bike-plegable\/","og_locale":"en_US","og_type":"article","og_title":"Comprar bicicleta plegable el\u00e9ctrica de segunda mano. TAO Bike","og_description":"Si quieres comprar una bicicleta el\u00e9ctrica plegable de segunda mano te ayudamos a elegir la mejor opci\u00f3n para ti! Este modelo es el m\u00e1s c\u00f3modo y f\u00e1cil.","og_url":"https:\/\/taobike.es\/en\/tienda\/tao-bike-plegable\/","og_site_name":"TAOBIKE - RENTAL E-BIKES - BENIDORM","article_publisher":"https:\/\/www.facebook.com\/taobikespain","article_modified_time":"2021-03-31T20:27:28+00:00","og_image":[{"width":800,"height":533,"url":"https:\/\/taobike.es\/wp-content\/uploads\/2015\/07\/bicicleta-plegable-taobike.jpg","type":"image\/jpeg"}],"twitter_card":"summary_large_image","twitter_site":"@tao_bike","twitter_misc":{"Est. reading time":"1 minute"},"schema":{"@context":"https:\/\/schema.org","@graph":[{"@type":"WebPage","@id":"https:\/\/taobike.es\/en\/tienda\/tao-bike-plegable\/","url":"https:\/\/taobike.es\/en\/tienda\/tao-bike-plegable\/","name":"Comprar bicicleta plegable el\u00e9ctrica de segunda mano. TAO Bike","isPartOf":{"@id":"https:\/\/taobike.es\/#website"},"primaryImageOfPage":{"@id":"https:\/\/taobike.es\/en\/tienda\/tao-bike-plegable\/#primaryimage"},"image":{"@id":"https:\/\/taobike.es\/en\/tienda\/tao-bike-plegable\/#primaryimage"},"thumbnailUrl":"https:\/\/taobike.es\/wp-content\/uploads\/2015\/07\/bicicleta-plegable-taobike.jpg","datePublished":"2020-05-14T11:07:28+00:00","dateModified":"2021-03-31T20:27:28+00:00","description":"Si quieres comprar una bicicleta el\u00e9ctrica plegable de segunda mano te ayudamos a elegir la mejor opci\u00f3n para ti! Este modelo es el m\u00e1s c\u00f3modo y f\u00e1cil.","breadcrumb":{"@id":"https:\/\/taobike.es\/en\/tienda\/tao-bike-plegable\/#breadcrumb"},"inLanguage":"en-US","potentialAction":[{"@type":"ReadAction","target":["https:\/\/taobike.es\/en\/tienda\/tao-bike-plegable\/"]}]},{"@type":"ImageObject","inLanguage":"en-US","@id":"https:\/\/taobike.es\/en\/tienda\/tao-bike-plegable\/#primaryimage","url":"https:\/\/taobike.es\/wp-content\/uploads\/2015\/07\/bicicleta-plegable-taobike.jpg","contentUrl":"https:\/\/taobike.es\/wp-content\/uploads\/2015\/07\/bicicleta-plegable-taobike.jpg","width":800,"height":533,"caption":"bicicleta plegable"},{"@type":"BreadcrumbList","@id":"https:\/\/taobike.es\/en\/tienda\/tao-bike-plegable\/#breadcrumb","itemListElement":[{"@type":"ListItem","position":1,"name":"Portada","item":"https:\/\/taobike.es\/en\/inicio\/"},{"@type":"ListItem","position":2,"name":"Shop","item":"https:\/\/taobike.es\/en\/shop\/"},{"@type":"ListItem","position":3,"name":"Tao Bike plegable"}]},{"@type":"WebSite","@id":"https:\/\/taobike.es\/#website","url":"https:\/\/taobike.es\/","name":"TAOBIKE - RENTAL E-BIKES - BENIDORM","description":"ECO&amp;RESPONSIBLE TOURISM","publisher":{"@id":"https:\/\/taobike.es\/#organization"},"potentialAction":[{"@type":"SearchAction","target":{"@type":"EntryPoint","urlTemplate":"https:\/\/taobike.es\/?s={search_term_string}"},"query-input":{"@type":"PropertyValueSpecification","valueRequired":true,"valueName":"search_term_string"}}],"inLanguage":"en-US"},{"@type":"Organization","@id":"https:\/\/taobike.es\/#organization","name":"TAOBIKE - Alquiler de Bicicletas El\u00e9ctricas en Benidorm","url":"https:\/\/taobike.es\/","logo":{"@type":"ImageObject","inLanguage":"en-US","@id":"https:\/\/taobike.es\/#\/schema\/logo\/image\/","url":"https:\/\/taobike.es\/wp-content\/uploads\/2015\/04\/TAOLOGOSIMBOLO_sRGB.jpg","contentUrl":"https:\/\/taobike.es\/wp-content\/uploads\/2015\/04\/TAOLOGOSIMBOLO_sRGB.jpg","width":307,"height":160,"caption":"TAOBIKE - Alquiler de Bicicletas El\u00e9ctricas en Benidorm"},"image":{"@id":"https:\/\/taobike.es\/#\/schema\/logo\/image\/"},"sameAs":["https:\/\/www.facebook.com\/taobikespain","https:\/\/x.com\/tao_bike","https:\/\/instagram.com\/taobike\/"]}]}},"_links":{"self":[{"href":"https:\/\/taobike.es\/en\/wp-json\/wp\/v2\/product\/4621","targetHints":{"allow":["GET"]}}],"collection":[{"href":"https:\/\/taobike.es\/en\/wp-json\/wp\/v2\/product"}],"about":[{"href":"https:\/\/taobike.es\/en\/wp-json\/wp\/v2\/types\/product"}],"replies":[{"embeddable":true,"href":"https:\/\/taobike.es\/en\/wp-json\/wp\/v2\/comments?post=4621"}],"wp:featuredmedia":[{"embeddable":true,"href":"https:\/\/taobike.es\/en\/wp-json\/wp\/v2\/media\/137"}],"wp:attachment":[{"href":"https:\/\/taobike.es\/en\/wp-json\/wp\/v2\/media?parent=4621"}],"wp:term":[{"taxonomy":"product_brand","embeddable":true,"href":"https:\/\/taobike.es\/en\/wp-json\/wp\/v2\/product_brand?post=4621"},{"taxonomy":"product_cat","embeddable":true,"href":"https:\/\/taobike.es\/en\/wp-json\/wp\/v2\/product_cat?post=4621"},{"taxonomy":"product_tag","embeddable":true,"href":"https:\/\/taobike.es\/en\/wp-json\/wp\/v2\/product_tag?post=4621"}],"curies":[{"name":"wp","href":"https:\/\/api.w.org\/{rel}","templated":true}]}}