{"id":5036,"date":"2024-02-27T13:17:10","date_gmt":"2024-02-27T12:17:10","guid":{"rendered":"https:\/\/taobike.es\/cursos\/"},"modified":"2025-12-08T18:32:47","modified_gmt":"2025-12-08T17:32:47","slug":"cursos","status":"publish","type":"page","link":"https:\/\/taobike.es\/nl\/cursos\/","title":{"rendered":"Cursos"},"content":{"rendered":"<div class=\"wpb-content-wrapper\"><p>[vc_section css=&#8221;.vc_custom_1754236564387{margin-top: 30px !important;}&#8221;][vc_row][vc_column width=&#8221;1\/2&#8243;][vc_single_image image=&#8221;5803&#8243; img_size=&#8221;large&#8221; alignment=&#8221;center&#8221; style=&#8221;vc_box_rounded&#8221; css=&#8221;&#8221;][vc_custom_heading text=&#8221;T\u00e9cnico mec\u00e1nico de bicicletas \u2013 Nivel 1&#8243; font_container=&#8221;tag:h3|text_align:left&#8221; css=&#8221;&#8221;][vc_empty_space][vc_btn title=&#8221;Ver m\u00e1s&#8221; style=&#8221;custom&#8221; custom_background=&#8221;#81D742&#8243; custom_text=&#8221;#FFFFFF&#8221; shape=&#8221;square&#8221; css=&#8221;&#8221; link=&#8221;url:https%3A%2F%2Ftaobike.es%2Fcurso-mecanico-bicicletas%2F|title:curso-mec%C3%A1nico-bicicletas&#8221;][vc_empty_space][\/vc_column][vc_column width=&#8221;1\/2&#8243;][vc_single_image image=&#8221;5807&#8243; img_size=&#8221;large&#8221; alignment=&#8221;center&#8221; style=&#8221;vc_box_rounded&#8221; css=&#8221;&#8221;][vc_custom_heading text=&#8221;Mec\u00e1nica b\u00e1sica (curso de 8 horas)&#8221; font_container=&#8221;tag:h3|text_align:left&#8221; css=&#8221;&#8221;][vc_empty_space][vc_btn title=&#8221;Ver m\u00e1s&#8221; style=&#8221;custom&#8221; custom_background=&#8221;#81D742&#8243; custom_text=&#8221;#FFFFFF&#8221; shape=&#8221;square&#8221; css=&#8221;&#8221; link=&#8221;url:https%3A%2F%2Ftaobike.es%2Fcurso-mecanica-basica%2F|title:curso-mec%C3%A1nica-b%C3%A1sica&#8221;][\/vc_column][\/vc_row][\/vc_section]<\/p>\n<\/div>","protected":false},"excerpt":{"rendered":"<p>[vc_section css=&#8221;.vc_custom_1754236564387{margin-top: 30px !important;}&#8221;][vc_row][vc_column width=&#8221;1\/2&#8243;][vc_single_image image=&#8221;5803&#8243; img_size=&#8221;large&#8221; alignment=&#8221;center&#8221; style=&#8221;vc_box_rounded&#8221; css=&#8221;&#8221;][vc_custom_heading text=&#8221;T\u00e9cnico mec\u00e1nico de bicicletas \u2013 Nivel 1&#8243; font_container=&#8221;tag:h3|text_align:left&#8221; css=&#8221;&#8221;][vc_empty_space][vc_btn title=&#8221;Ver m\u00e1s&#8221; style=&#8221;custom&#8221; custom_background=&#8221;#81D742&#8243; custom_text=&#8221;#FFFFFF&#8221; shape=&#8221;square&#8221; css=&#8221;&#8221; link=&#8221;url:https%3A%2F%2Ftaobike.es%2Fcurso-mecanico-bicicletas%2F|title:curso-mec%C3%A1nico-bicicletas&#8221;][vc_empty_space][\/vc_column][vc_column width=&#8221;1\/2&#8243;][vc_single_image image=&#8221;5807&#8243; img_size=&#8221;large&#8221;&hellip;<\/p>\n","protected":false},"author":4,"featured_media":0,"parent":0,"menu_order":0,"comment_status":"closed","ping_status":"closed","template":"","meta":{"_joinchat":{"telephone":"+34696100706"},"footnotes":""},"class_list":["post-5036","page","type-page","status-publish","hentry","description-off"],"yoast_head":"<!-- This site is optimized with the Yoast SEO plugin v27.4 - https:\/\/yoast.com\/product\/yoast-seo-wordpress\/ -->\n<title>Cursos - TAOBIKE - RENTAL E-BIKES - BENIDORM<\/title>\n<meta name=\"description\" content=\"FORMACI\u00d3N T\u00c9CNICO MEC\u00c1NICO DE BICICLETAS, formaci\u00f3n mec\u00e1nico bicicletas titulaci\u00f3n y certificaci\u00f3n internacional.\" \/>\n<meta name=\"robots\" content=\"index, follow, max-snippet:-1, max-image-preview:large, max-video-preview:-1\" \/>\n<link rel=\"canonical\" href=\"https:\/\/taobike.es\/nl\/cursos\/\" \/>\n<meta property=\"og:locale\" content=\"nl_NL\" \/>\n<meta property=\"og:type\" content=\"article\" \/>\n<meta property=\"og:title\" content=\"Cursos - TAOBIKE - RENTAL E-BIKES - BENIDORM\" \/>\n<meta property=\"og:description\" content=\"FORMACI\u00d3N T\u00c9CNICO MEC\u00c1NICO DE BICICLETAS, formaci\u00f3n mec\u00e1nico bicicletas titulaci\u00f3n y certificaci\u00f3n internacional.\" \/>\n<meta property=\"og:url\" content=\"https:\/\/taobike.es\/nl\/cursos\/\" \/>\n<meta property=\"og:site_name\" content=\"TAOBIKE - RENTAL E-BIKES - BENIDORM\" \/>\n<meta property=\"article:publisher\" content=\"https:\/\/www.facebook.com\/taobikespain\" \/>\n<meta property=\"article:modified_time\" content=\"2025-12-08T17:32:47+00:00\" \/>\n<meta name=\"twitter:card\" content=\"summary_large_image\" \/>\n<meta name=\"twitter:site\" content=\"@tao_bike\" \/>\n<meta name=\"twitter:label1\" content=\"Geschatte leestijd\" \/>\n\t<meta name=\"twitter:data1\" content=\"3 minuten\" \/>\n<script type=\"application\/ld+json\" class=\"yoast-schema-graph\">{\"@context\":\"https:\\\/\\\/schema.org\",\"@graph\":[{\"@type\":\"WebPage\",\"@id\":\"https:\\\/\\\/taobike.es\\\/nl\\\/cursos\\\/\",\"url\":\"https:\\\/\\\/taobike.es\\\/nl\\\/cursos\\\/\",\"name\":\"Cursos - TAOBIKE - RENTAL E-BIKES - BENIDORM\",\"isPartOf\":{\"@id\":\"https:\\\/\\\/taobike.es\\\/#website\"},\"datePublished\":\"2024-02-27T12:17:10+00:00\",\"dateModified\":\"2025-12-08T17:32:47+00:00\",\"description\":\"FORMACI\u00d3N T\u00c9CNICO MEC\u00c1NICO DE BICICLETAS, formaci\u00f3n mec\u00e1nico bicicletas titulaci\u00f3n y certificaci\u00f3n internacional.\",\"breadcrumb\":{\"@id\":\"https:\\\/\\\/taobike.es\\\/nl\\\/cursos\\\/#breadcrumb\"},\"inLanguage\":\"nl-NL\",\"potentialAction\":[{\"@type\":\"ReadAction\",\"target\":[\"https:\\\/\\\/taobike.es\\\/nl\\\/cursos\\\/\"]}]},{\"@type\":\"BreadcrumbList\",\"@id\":\"https:\\\/\\\/taobike.es\\\/nl\\\/cursos\\\/#breadcrumb\",\"itemListElement\":[{\"@type\":\"ListItem\",\"position\":1,\"name\":\"Portada\",\"item\":\"https:\\\/\\\/taobike.es\\\/nl\\\/\"},{\"@type\":\"ListItem\",\"position\":2,\"name\":\"Cursos\"}]},{\"@type\":\"WebSite\",\"@id\":\"https:\\\/\\\/taobike.es\\\/#website\",\"url\":\"https:\\\/\\\/taobike.es\\\/\",\"name\":\"TAOBIKE - RENTAL E-BIKES - BENIDORM\",\"description\":\"ECO&amp;RESPONSIBLE TOURISM\",\"publisher\":{\"@id\":\"https:\\\/\\\/taobike.es\\\/#organization\"},\"potentialAction\":[{\"@type\":\"SearchAction\",\"target\":{\"@type\":\"EntryPoint\",\"urlTemplate\":\"https:\\\/\\\/taobike.es\\\/?s={search_term_string}\"},\"query-input\":{\"@type\":\"PropertyValueSpecification\",\"valueRequired\":true,\"valueName\":\"search_term_string\"}}],\"inLanguage\":\"nl-NL\"},{\"@type\":\"Organization\",\"@id\":\"https:\\\/\\\/taobike.es\\\/#organization\",\"name\":\"TAOBIKE - Alquiler de Bicicletas El\u00e9ctricas en Benidorm\",\"url\":\"https:\\\/\\\/taobike.es\\\/\",\"logo\":{\"@type\":\"ImageObject\",\"inLanguage\":\"nl-NL\",\"@id\":\"https:\\\/\\\/taobike.es\\\/#\\\/schema\\\/logo\\\/image\\\/\",\"url\":\"https:\\\/\\\/taobike.es\\\/wp-content\\\/uploads\\\/2015\\\/04\\\/TAOLOGOSIMBOLO_sRGB.jpg\",\"contentUrl\":\"https:\\\/\\\/taobike.es\\\/wp-content\\\/uploads\\\/2015\\\/04\\\/TAOLOGOSIMBOLO_sRGB.jpg\",\"width\":307,\"height\":160,\"caption\":\"TAOBIKE - Alquiler de Bicicletas El\u00e9ctricas en Benidorm\"},\"image\":{\"@id\":\"https:\\\/\\\/taobike.es\\\/#\\\/schema\\\/logo\\\/image\\\/\"},\"sameAs\":[\"https:\\\/\\\/www.facebook.com\\\/taobikespain\",\"https:\\\/\\\/x.com\\\/tao_bike\",\"https:\\\/\\\/instagram.com\\\/taobike\\\/\"]}]}<\/script>\n<!-- \/ Yoast SEO plugin. -->","yoast_head_json":{"title":"Cursos - TAOBIKE - RENTAL E-BIKES - BENIDORM","description":"FORMACI\u00d3N T\u00c9CNICO MEC\u00c1NICO DE BICICLETAS, formaci\u00f3n mec\u00e1nico bicicletas titulaci\u00f3n y certificaci\u00f3n internacional.","robots":{"index":"index","follow":"follow","max-snippet":"max-snippet:-1","max-image-preview":"max-image-preview:large","max-video-preview":"max-video-preview:-1"},"canonical":"https:\/\/taobike.es\/nl\/cursos\/","og_locale":"nl_NL","og_type":"article","og_title":"Cursos - TAOBIKE - RENTAL E-BIKES - BENIDORM","og_description":"FORMACI\u00d3N T\u00c9CNICO MEC\u00c1NICO DE BICICLETAS, formaci\u00f3n mec\u00e1nico bicicletas titulaci\u00f3n y certificaci\u00f3n internacional.","og_url":"https:\/\/taobike.es\/nl\/cursos\/","og_site_name":"TAOBIKE - RENTAL E-BIKES - BENIDORM","article_publisher":"https:\/\/www.facebook.com\/taobikespain","article_modified_time":"2025-12-08T17:32:47+00:00","twitter_card":"summary_large_image","twitter_site":"@tao_bike","twitter_misc":{"Geschatte leestijd":"3 minuten"},"schema":{"@context":"https:\/\/schema.org","@graph":[{"@type":"WebPage","@id":"https:\/\/taobike.es\/nl\/cursos\/","url":"https:\/\/taobike.es\/nl\/cursos\/","name":"Cursos - TAOBIKE - RENTAL E-BIKES - BENIDORM","isPartOf":{"@id":"https:\/\/taobike.es\/#website"},"datePublished":"2024-02-27T12:17:10+00:00","dateModified":"2025-12-08T17:32:47+00:00","description":"FORMACI\u00d3N T\u00c9CNICO MEC\u00c1NICO DE BICICLETAS, formaci\u00f3n mec\u00e1nico bicicletas titulaci\u00f3n y certificaci\u00f3n internacional.","breadcrumb":{"@id":"https:\/\/taobike.es\/nl\/cursos\/#breadcrumb"},"inLanguage":"nl-NL","potentialAction":[{"@type":"ReadAction","target":["https:\/\/taobike.es\/nl\/cursos\/"]}]},{"@type":"BreadcrumbList","@id":"https:\/\/taobike.es\/nl\/cursos\/#breadcrumb","itemListElement":[{"@type":"ListItem","position":1,"name":"Portada","item":"https:\/\/taobike.es\/nl\/"},{"@type":"ListItem","position":2,"name":"Cursos"}]},{"@type":"WebSite","@id":"https:\/\/taobike.es\/#website","url":"https:\/\/taobike.es\/","name":"TAOBIKE - RENTAL E-BIKES - BENIDORM","description":"ECO&amp;RESPONSIBLE TOURISM","publisher":{"@id":"https:\/\/taobike.es\/#organization"},"potentialAction":[{"@type":"SearchAction","target":{"@type":"EntryPoint","urlTemplate":"https:\/\/taobike.es\/?s={search_term_string}"},"query-input":{"@type":"PropertyValueSpecification","valueRequired":true,"valueName":"search_term_string"}}],"inLanguage":"nl-NL"},{"@type":"Organization","@id":"https:\/\/taobike.es\/#organization","name":"TAOBIKE - Alquiler de Bicicletas El\u00e9ctricas en Benidorm","url":"https:\/\/taobike.es\/","logo":{"@type":"ImageObject","inLanguage":"nl-NL","@id":"https:\/\/taobike.es\/#\/schema\/logo\/image\/","url":"https:\/\/taobike.es\/wp-content\/uploads\/2015\/04\/TAOLOGOSIMBOLO_sRGB.jpg","contentUrl":"https:\/\/taobike.es\/wp-content\/uploads\/2015\/04\/TAOLOGOSIMBOLO_sRGB.jpg","width":307,"height":160,"caption":"TAOBIKE - Alquiler de Bicicletas El\u00e9ctricas en Benidorm"},"image":{"@id":"https:\/\/taobike.es\/#\/schema\/logo\/image\/"},"sameAs":["https:\/\/www.facebook.com\/taobikespain","https:\/\/x.com\/tao_bike","https:\/\/instagram.com\/taobike\/"]}]}},"_links":{"self":[{"href":"https:\/\/taobike.es\/nl\/wp-json\/wp\/v2\/pages\/5036","targetHints":{"allow":["GET"]}}],"collection":[{"href":"https:\/\/taobike.es\/nl\/wp-json\/wp\/v2\/pages"}],"about":[{"href":"https:\/\/taobike.es\/nl\/wp-json\/wp\/v2\/types\/page"}],"author":[{"embeddable":true,"href":"https:\/\/taobike.es\/nl\/wp-json\/wp\/v2\/users\/4"}],"replies":[{"embeddable":true,"href":"https:\/\/taobike.es\/nl\/wp-json\/wp\/v2\/comments?post=5036"}],"version-history":[{"count":93,"href":"https:\/\/taobike.es\/nl\/wp-json\/wp\/v2\/pages\/5036\/revisions"}],"predecessor-version":[{"id":5811,"href":"https:\/\/taobike.es\/nl\/wp-json\/wp\/v2\/pages\/5036\/revisions\/5811"}],"wp:attachment":[{"href":"https:\/\/taobike.es\/nl\/wp-json\/wp\/v2\/media?parent=5036"}],"curies":[{"name":"wp","href":"https:\/\/api.w.org\/{rel}","templated":true}]}}