{"id":5628,"date":"2025-08-03T17:07:29","date_gmt":"2025-08-03T16:07:29","guid":{"rendered":"https:\/\/taobike.es\/curso-mecanica-basica\/"},"modified":"2025-12-08T19:10:23","modified_gmt":"2025-12-08T18:10:23","slug":"curso-mecanica-basica-de-bicicletas","status":"publish","type":"page","link":"https:\/\/taobike.es\/nl\/curso-mecanica-basica-de-bicicletas\/","title":{"rendered":"curso-mec\u00e1nica-b\u00e1sica"},"content":{"rendered":"<div class=\"wpb-content-wrapper\"><p>[vc_section css=&#8221;.vc_custom_1753550479689{margin-bottom: 100px !important;}&#8221;][vc_row][vc_column][vc_empty_space][vc_custom_heading text=&#8221;Curso de Mec\u00e1nica B\u00e1sica de Bicicletas&#8221; font_container=&#8221;tag:h1|text_align:center&#8221; google_fonts=&#8221;font_family:Montserrat%3Aregular%2C700|font_style:700%20bold%20regular%3A700%3Anormal&#8221; css=&#8221;&#8221;][vc_separator color=&#8221;custom&#8221; css=&#8221;&#8221; accent_color=&#8221;#81D742&#8243;][\/vc_column][\/vc_row][vc_row][vc_column][vc_column_text css=&#8221;&#8221; el_class=&#8221;texto&#8221;]<\/p>\n<p>Con nuestro curso intensivo de <strong>1 d\u00eda<\/strong>, aprender\u00e1s las habilidades esenciales para realizar un mantenimiento b\u00e1sico y resolver las aver\u00edas m\u00e1s comunes de tu bicicleta. Ideal tanto para ciclistas urbanos como para aficionados que quieren ganar autonom\u00eda y ahorrar tiempo y dinero.<\/p>\n<p>[\/vc_column_text][\/vc_column][\/vc_row][vc_row type=&#8221;vc_default&#8221; el_class=&#8221;texto&#8221;][vc_column width=&#8221;1\/2&#8243;][vc_column_text css=&#8221;&#8221;]<\/p>\n<p><strong>\u00bfPor qu\u00e9 hacer este curso?<\/strong><\/p>\n<ul>\n<li>Ser\u00e1s capaz de diagnosticar y solucionar problemas frecuentes (pinchazos, cambios, frenos&#8230;).<\/li>\n<li>Evitar\u00e1s acudir al taller para ajustes sencillos, ahorrando dinero.<\/li>\n<li>Ganar\u00e1s confianza y autonom\u00eda con tu bici, para rutas, desplazamientos o simplemente mantenerla en buen estado.<\/li>\n<li>Conocer\u00e1s las herramientas m\u00ednimas necesarias y c\u00f3mo usarlas correctamente.<\/li>\n<li>Mejorar\u00e1s la vida \u00fatil de tu bicicleta mediante un mantenimiento preventivo adecuado.<\/li>\n<\/ul>\n<p>[\/vc_column_text][\/vc_column][vc_column width=&#8221;1\/2&#8243;][vc_column_text css=&#8221;&#8221;]<img loading=\"lazy\" decoding=\"async\" class=\"wp-image-4998 \" src=\"https:\/\/taobike.es\/wp-content\/uploads\/2024\/02\/BEA-cursos-1024x1024.png\" alt=\"\" width=\"260\" height=\"260\" srcset=\"https:\/\/taobike.es\/wp-content\/uploads\/2024\/02\/BEA-cursos-1024x1024.png 1024w, https:\/\/taobike.es\/wp-content\/uploads\/2024\/02\/BEA-cursos-300x300.png 300w, https:\/\/taobike.es\/wp-content\/uploads\/2024\/02\/BEA-cursos-150x150.png 150w, https:\/\/taobike.es\/wp-content\/uploads\/2024\/02\/BEA-cursos-768x768.png 768w, https:\/\/taobike.es\/wp-content\/uploads\/2024\/02\/BEA-cursos-1536x1536.png 1536w, https:\/\/taobike.es\/wp-content\/uploads\/2024\/02\/BEA-cursos-600x600.png 600w, https:\/\/taobike.es\/wp-content\/uploads\/2024\/02\/BEA-cursos-200x200.png 200w, https:\/\/taobike.es\/wp-content\/uploads\/2024\/02\/BEA-cursos.png 1773w\" sizes=\"auto, (max-width: 260px) 100vw, 260px\" \/>[\/vc_column_text][\/vc_column][\/vc_row][vc_row el_class=&#8221;texto&#8221;][vc_column][vc_column_text css=&#8221;&#8221;]<\/p>\n<h3><strong>\u00bfQu\u00e9 aprender\u00e1s? <\/strong><\/h3>\n<p><strong>Contenido te\u00f3rico y pr\u00e1ctico:<\/strong><\/p>\n<ol>\n<li><strong>Partes de la bicicleta<\/strong>\n<ul>\n<li>Componentes: cuadro, transmisi\u00f3n, ruedas, pedales, direcci\u00f3n, frenos.<\/li>\n<li>Anatom\u00eda de la bici y terminolog\u00eda b\u00e1sica.<\/li>\n<\/ul>\n<\/li>\n<li><strong>Mantenimiento general<\/strong>\n<ul>\n<li>Limpieza de la bici y de la transmisi\u00f3n.<\/li>\n<li>Engrase lubricaci\u00f3n: cu\u00e1ndo y c\u00f3mo aplicar lubricante.<\/li>\n<\/ul>\n<\/li>\n<li><strong>Frenos<\/strong>\n<ul>\n<li>Ajuste de frenos mec\u00e1nicos (cables y fundas).<\/li>\n<li>Cambio de zapatas (pastillas) si es necesario.<\/li>\n<\/ul>\n<\/li>\n<li><strong>Transmisi\u00f3n \/ Cambio<\/strong>\n<ul>\n<li>Ajustes b\u00e1sicos del cambio (\u00edndice, tensi\u00f3n de cable).<\/li>\n<li>Qu\u00e9 hacer si se rompe una cadena (c\u00f3mo repararla o cambiarla).<\/li>\n<\/ul>\n<\/li>\n<li><strong>Ruedas y neum\u00e1ticos<\/strong>\n<ul>\n<li>C\u00f3mo reparar un pinchazo o cambiar la c\u00e1mara.<\/li>\n<li>Verificar la presi\u00f3n y mantenimiento b\u00e1sico de los neum\u00e1ticos.<\/li>\n<\/ul>\n<\/li>\n<li><strong>Pedales y manillares<\/strong>\n<ul>\n<li>Tipos de pedales.<\/li>\n<li>C\u00f3mo extraer\/sustituir pedales.<\/li>\n<li>Sustituci\u00f3n de pu\u00f1os (grips) si aplica.<\/li>\n<\/ul>\n<\/li>\n<li><strong>Ergonom\u00eda b\u00e1sica<\/strong>\n<ul>\n<li>Puesta a punto de la bici para tu cuerpo (altura del sill\u00edn, posici\u00f3n de los frenos, manillar\u2026).<\/li>\n<\/ul>\n<\/li>\n<li><strong>Diagn\u00f3stico inicial y consejos<\/strong>\n<ul>\n<li>C\u00f3mo identificar problemas comunes antes de que se conviertan en aver\u00edas graves.<\/li>\n<li>Recomendaciones para llevar un registro de mantenimiento.<\/li>\n<\/ul>\n<\/li>\n<\/ol>\n<p>&nbsp;<\/p>\n<p><strong>\u00bfA qui\u00e9n va dirigido?<\/strong><\/p>\n<ul>\n<li>Usuarios de bici: urbanos, de monta\u00f1a, carretera.<\/li>\n<li>Cicloturistas que quieran arreglar su bici cuando est\u00e1n lejos de un taller.<\/li>\n<li>Personas que no tienen conocimientos previos de mec\u00e1nica.<\/li>\n<li>Cualquiera que quiera ahorrar en talleres y ser m\u00e1s autosuficiente.<\/li>\n<\/ul>\n<p>[\/vc_column_text][\/vc_column][\/vc_row][\/vc_section][vc_section][vc_row][vc_column][vc_empty_space height=&#8221;50px&#8221;][\/vc_column][\/vc_row][vc_row][vc_column][vc_single_image image=&#8221;5814&#8243; img_size=&#8221;large&#8221; alignment=&#8221;center&#8221; css=&#8221;&#8221;][vc_empty_space height=&#8221;50px&#8221;][\/vc_column][\/vc_row][\/vc_section][vc_row][vc_column width=&#8221;1\/2&#8243;]<form class=\"dt-contact-form dt-form privacy-form\" method=\"post\"><input type=\"hidden\" name=\"widget_id\" value=\"presscore-contact-form-widget--1\" \/><input type=\"hidden\" name=\"send_message\" value=\"\" \/><input type=\"hidden\" name=\"security_token\" value=\"37c3a83b408a0ff9fc29\"\/><div class=\"form-fields\"><span class=\"form-name\"><label class=\"assistive-text\">Naam *<\/label><input type=\"text\" class=\"validate[required]\" placeholder=\"Naam *\" name=\"name\" value=\"\" aria-required=\"true\">\n<\/span><span class=\"form-mail\"><label class=\"assistive-text\">E-mail *<\/label><input type=\"text\" class=\"validate[required,custom[email]]\" placeholder=\"E-mail *\" name=\"email\" value=\"\" aria-required=\"true\">\n<\/span><span class=\"form-telephone\"><label class=\"assistive-text\">Telefoon<\/label><input type=\"text\" placeholder=\"Telefoon\" name=\"telephone\" value=\"\" aria-required=\"false\">\n<\/span><\/div><span class=\"form-message\"><label class=\"assistive-text\">Bericht<\/label><textarea placeholder=\"Bericht\" name=\"message\" rows=\"6\" aria-required=\"false\"><\/textarea>\n<\/span><p class=\"the7-form-terms-wrap\"><input type=\"checkbox\" id=\"the7-form-terms-de7f47e09c8e05e6021ababdf6bc58e7\" name=\"terms\" class=\"validate[required] the7-form-terms\" aria-required=\"true\" \/>&nbsp;<label for=\"the7-form-terms-de7f47e09c8e05e6021ababdf6bc58e7\"><span class=\"form-terms-text\">Acepto la <a href=\"https:\/\/taobike.es\/legal\/\" target=\"_blank\" rel=\"noopener\">Pol\u00edtica de Privacidad y el Aviso Legal<\/a>.<\/span><\/label><\/p><p><a href=\"#\" class=\"dt-btn dt-btn-m dt-btn-submit\" rel=\"nofollow\"><span>Enviar<\/span><\/a><input class=\"assistive-text\" type=\"submit\" value=\"toevoegen\"><\/p><\/form>\n[\/vc_column][vc_column width=&#8221;1\/2&#8243;][vc_column_text css=&#8221;&#8221;]Hola! D\u00e9janos tu consulta y te responderemos lo antes posible!<\/p>\n<h3>TAO BIKE<\/h3>\n<p><i class=\"fa icon-map\"><\/i> Av. Mediterr\u00e1neo, 62\u00a0\u00b7 Benidorm \u00b7 03503<br \/>\n<i class=\"fa icon-email\"><\/i> <a href=\"mailto:hola@taobike.es\" target=\"_blank\" rel=\"noopener noreferrer\">hola@taobike.es<\/a><br \/>\n966 17 57 39 \u00b7<\/p>\n<p><a href=\"https:\/\/api.whatsapp.com\/send?phone=34658712489&amp;text=Puedes enviarme precios de rutas en e-bike?\">Link WhatsApp<\/a><\/p>\n<p><i class=\"fa icon-clock\"><\/i> <strong>Invierno:<\/strong>\u00a0De Lunes a S\u00e1bado de 09:30h a 18:00h<\/p>\n<p><strong>Verano:<\/strong> De Lunes a S\u00e1bado de 09:30h a 19:00h[\/vc_column_text][\/vc_column][\/vc_row]<\/p>\n<\/div>","protected":false},"excerpt":{"rendered":"<p>[vc_section css=&#8221;.vc_custom_1753550479689{margin-bottom: 100px !important;}&#8221;][vc_row][vc_column][vc_empty_space][vc_custom_heading text=&#8221;Curso de Mec\u00e1nica B\u00e1sica de Bicicletas&#8221; font_container=&#8221;tag:h1|text_align:center&#8221; google_fonts=&#8221;font_family:Montserrat%3Aregular%2C700|font_style:700%20bold%20regular%3A700%3Anormal&#8221; css=&#8221;&#8221;][vc_separator color=&#8221;custom&#8221; css=&#8221;&#8221; accent_color=&#8221;#81D742&#8243;][\/vc_column][\/vc_row][vc_row][vc_column][vc_column_text css=&#8221;&#8221; el_class=&#8221;texto&#8221;] Con nuestro curso intensivo de 1 d\u00eda, aprender\u00e1s las habilidades esenciales para&hellip;<\/p>\n","protected":false},"author":4,"featured_media":0,"parent":0,"menu_order":0,"comment_status":"closed","ping_status":"closed","template":"","meta":{"_joinchat":[],"footnotes":""},"class_list":["post-5628","page","type-page","status-publish","hentry","description-off"],"yoast_head":"<!-- This site is optimized with the Yoast SEO plugin v27.4 - https:\/\/yoast.com\/product\/yoast-seo-wordpress\/ -->\n<title>curso-mec\u00e1nica-b\u00e1sica - TAOBIKE - RENTAL E-BIKES - BENIDORM<\/title>\n<meta name=\"robots\" content=\"index, follow, max-snippet:-1, max-image-preview:large, max-video-preview:-1\" \/>\n<link rel=\"canonical\" href=\"https:\/\/taobike.es\/nl\/curso-mecanica-basica-de-bicicletas\/\" \/>\n<meta property=\"og:locale\" content=\"nl_NL\" \/>\n<meta property=\"og:type\" content=\"article\" \/>\n<meta property=\"og:title\" content=\"curso-mec\u00e1nica-b\u00e1sica - TAOBIKE - RENTAL E-BIKES - BENIDORM\" \/>\n<meta property=\"og:description\" content=\"[vc_section css=&#8221;.vc_custom_1753550479689{margin-bottom: 100px !important;}&#8221;][vc_row][vc_column][vc_empty_space][vc_custom_heading text=&#8221;Curso de Mec\u00e1nica B\u00e1sica de Bicicletas&#8221; font_container=&#8221;tag:h1|text_align:center&#8221; google_fonts=&#8221;font_family:Montserrat%3Aregular%2C700|font_style:700%20bold%20regular%3A700%3Anormal&#8221; css=&#8221;&#8221;][vc_separator color=&#8221;custom&#8221; css=&#8221;&#8221; accent_color=&#8221;#81D742&#8243;][\/vc_column][\/vc_row][vc_row][vc_column][vc_column_text css=&#8221;&#8221; el_class=&#8221;texto&#8221;] Con nuestro curso intensivo de 1 d\u00eda, aprender\u00e1s las habilidades esenciales para&hellip;\" \/>\n<meta property=\"og:url\" content=\"https:\/\/taobike.es\/nl\/curso-mecanica-basica-de-bicicletas\/\" \/>\n<meta property=\"og:site_name\" content=\"TAOBIKE - RENTAL E-BIKES - BENIDORM\" \/>\n<meta property=\"article:publisher\" content=\"https:\/\/www.facebook.com\/taobikespain\" \/>\n<meta property=\"article:modified_time\" content=\"2025-12-08T18:10:23+00:00\" \/>\n<meta property=\"og:image\" content=\"https:\/\/taobike.es\/wp-content\/uploads\/2024\/02\/BEA-cursos.png\" \/>\n\t<meta property=\"og:image:width\" content=\"1773\" \/>\n\t<meta property=\"og:image:height\" content=\"1773\" \/>\n\t<meta property=\"og:image:type\" content=\"image\/png\" \/>\n<meta name=\"twitter:card\" content=\"summary_large_image\" \/>\n<meta name=\"twitter:site\" content=\"@tao_bike\" \/>\n<meta name=\"twitter:label1\" content=\"Geschatte leestijd\" \/>\n\t<meta name=\"twitter:data1\" content=\"4 minuten\" \/>\n<script type=\"application\/ld+json\" class=\"yoast-schema-graph\">{\"@context\":\"https:\\\/\\\/schema.org\",\"@graph\":[{\"@type\":\"WebPage\",\"@id\":\"https:\\\/\\\/taobike.es\\\/nl\\\/curso-mecanica-basica-de-bicicletas\\\/\",\"url\":\"https:\\\/\\\/taobike.es\\\/nl\\\/curso-mecanica-basica-de-bicicletas\\\/\",\"name\":\"curso-mec\u00e1nica-b\u00e1sica - TAOBIKE - RENTAL E-BIKES - BENIDORM\",\"isPartOf\":{\"@id\":\"https:\\\/\\\/taobike.es\\\/#website\"},\"primaryImageOfPage\":{\"@id\":\"https:\\\/\\\/taobike.es\\\/nl\\\/curso-mecanica-basica-de-bicicletas\\\/#primaryimage\"},\"image\":{\"@id\":\"https:\\\/\\\/taobike.es\\\/nl\\\/curso-mecanica-basica-de-bicicletas\\\/#primaryimage\"},\"thumbnailUrl\":\"https:\\\/\\\/taobike.es\\\/wp-content\\\/uploads\\\/2024\\\/02\\\/BEA-cursos-1024x1024.png\",\"datePublished\":\"2025-08-03T16:07:29+00:00\",\"dateModified\":\"2025-12-08T18:10:23+00:00\",\"breadcrumb\":{\"@id\":\"https:\\\/\\\/taobike.es\\\/nl\\\/curso-mecanica-basica-de-bicicletas\\\/#breadcrumb\"},\"inLanguage\":\"nl-NL\",\"potentialAction\":[{\"@type\":\"ReadAction\",\"target\":[\"https:\\\/\\\/taobike.es\\\/nl\\\/curso-mecanica-basica-de-bicicletas\\\/\"]}]},{\"@type\":\"ImageObject\",\"inLanguage\":\"nl-NL\",\"@id\":\"https:\\\/\\\/taobike.es\\\/nl\\\/curso-mecanica-basica-de-bicicletas\\\/#primaryimage\",\"url\":\"https:\\\/\\\/taobike.es\\\/wp-content\\\/uploads\\\/2024\\\/02\\\/BEA-cursos-1024x1024.png\",\"contentUrl\":\"https:\\\/\\\/taobike.es\\\/wp-content\\\/uploads\\\/2024\\\/02\\\/BEA-cursos-1024x1024.png\"},{\"@type\":\"BreadcrumbList\",\"@id\":\"https:\\\/\\\/taobike.es\\\/nl\\\/curso-mecanica-basica-de-bicicletas\\\/#breadcrumb\",\"itemListElement\":[{\"@type\":\"ListItem\",\"position\":1,\"name\":\"Portada\",\"item\":\"https:\\\/\\\/taobike.es\\\/nl\\\/\"},{\"@type\":\"ListItem\",\"position\":2,\"name\":\"curso-mec\u00e1nica-b\u00e1sica\"}]},{\"@type\":\"WebSite\",\"@id\":\"https:\\\/\\\/taobike.es\\\/#website\",\"url\":\"https:\\\/\\\/taobike.es\\\/\",\"name\":\"TAOBIKE - RENTAL E-BIKES - BENIDORM\",\"description\":\"ECO&amp;RESPONSIBLE TOURISM\",\"publisher\":{\"@id\":\"https:\\\/\\\/taobike.es\\\/#organization\"},\"potentialAction\":[{\"@type\":\"SearchAction\",\"target\":{\"@type\":\"EntryPoint\",\"urlTemplate\":\"https:\\\/\\\/taobike.es\\\/?s={search_term_string}\"},\"query-input\":{\"@type\":\"PropertyValueSpecification\",\"valueRequired\":true,\"valueName\":\"search_term_string\"}}],\"inLanguage\":\"nl-NL\"},{\"@type\":\"Organization\",\"@id\":\"https:\\\/\\\/taobike.es\\\/#organization\",\"name\":\"TAOBIKE - Alquiler de Bicicletas El\u00e9ctricas en Benidorm\",\"url\":\"https:\\\/\\\/taobike.es\\\/\",\"logo\":{\"@type\":\"ImageObject\",\"inLanguage\":\"nl-NL\",\"@id\":\"https:\\\/\\\/taobike.es\\\/#\\\/schema\\\/logo\\\/image\\\/\",\"url\":\"https:\\\/\\\/taobike.es\\\/wp-content\\\/uploads\\\/2015\\\/04\\\/TAOLOGOSIMBOLO_sRGB.jpg\",\"contentUrl\":\"https:\\\/\\\/taobike.es\\\/wp-content\\\/uploads\\\/2015\\\/04\\\/TAOLOGOSIMBOLO_sRGB.jpg\",\"width\":307,\"height\":160,\"caption\":\"TAOBIKE - Alquiler de Bicicletas El\u00e9ctricas en Benidorm\"},\"image\":{\"@id\":\"https:\\\/\\\/taobike.es\\\/#\\\/schema\\\/logo\\\/image\\\/\"},\"sameAs\":[\"https:\\\/\\\/www.facebook.com\\\/taobikespain\",\"https:\\\/\\\/x.com\\\/tao_bike\",\"https:\\\/\\\/instagram.com\\\/taobike\\\/\"]}]}<\/script>\n<!-- \/ Yoast SEO plugin. -->","yoast_head_json":{"title":"curso-mec\u00e1nica-b\u00e1sica - TAOBIKE - RENTAL E-BIKES - BENIDORM","robots":{"index":"index","follow":"follow","max-snippet":"max-snippet:-1","max-image-preview":"max-image-preview:large","max-video-preview":"max-video-preview:-1"},"canonical":"https:\/\/taobike.es\/nl\/curso-mecanica-basica-de-bicicletas\/","og_locale":"nl_NL","og_type":"article","og_title":"curso-mec\u00e1nica-b\u00e1sica - TAOBIKE - RENTAL E-BIKES - BENIDORM","og_description":"[vc_section css=&#8221;.vc_custom_1753550479689{margin-bottom: 100px !important;}&#8221;][vc_row][vc_column][vc_empty_space][vc_custom_heading text=&#8221;Curso de Mec\u00e1nica B\u00e1sica de Bicicletas&#8221; font_container=&#8221;tag:h1|text_align:center&#8221; google_fonts=&#8221;font_family:Montserrat%3Aregular%2C700|font_style:700%20bold%20regular%3A700%3Anormal&#8221; css=&#8221;&#8221;][vc_separator color=&#8221;custom&#8221; css=&#8221;&#8221; accent_color=&#8221;#81D742&#8243;][\/vc_column][\/vc_row][vc_row][vc_column][vc_column_text css=&#8221;&#8221; el_class=&#8221;texto&#8221;] Con nuestro curso intensivo de 1 d\u00eda, aprender\u00e1s las habilidades esenciales para&hellip;","og_url":"https:\/\/taobike.es\/nl\/curso-mecanica-basica-de-bicicletas\/","og_site_name":"TAOBIKE - RENTAL E-BIKES - BENIDORM","article_publisher":"https:\/\/www.facebook.com\/taobikespain","article_modified_time":"2025-12-08T18:10:23+00:00","og_image":[{"width":1773,"height":1773,"url":"https:\/\/taobike.es\/wp-content\/uploads\/2024\/02\/BEA-cursos.png","type":"image\/png"}],"twitter_card":"summary_large_image","twitter_site":"@tao_bike","twitter_misc":{"Geschatte leestijd":"4 minuten"},"schema":{"@context":"https:\/\/schema.org","@graph":[{"@type":"WebPage","@id":"https:\/\/taobike.es\/nl\/curso-mecanica-basica-de-bicicletas\/","url":"https:\/\/taobike.es\/nl\/curso-mecanica-basica-de-bicicletas\/","name":"curso-mec\u00e1nica-b\u00e1sica - TAOBIKE - RENTAL E-BIKES - BENIDORM","isPartOf":{"@id":"https:\/\/taobike.es\/#website"},"primaryImageOfPage":{"@id":"https:\/\/taobike.es\/nl\/curso-mecanica-basica-de-bicicletas\/#primaryimage"},"image":{"@id":"https:\/\/taobike.es\/nl\/curso-mecanica-basica-de-bicicletas\/#primaryimage"},"thumbnailUrl":"https:\/\/taobike.es\/wp-content\/uploads\/2024\/02\/BEA-cursos-1024x1024.png","datePublished":"2025-08-03T16:07:29+00:00","dateModified":"2025-12-08T18:10:23+00:00","breadcrumb":{"@id":"https:\/\/taobike.es\/nl\/curso-mecanica-basica-de-bicicletas\/#breadcrumb"},"inLanguage":"nl-NL","potentialAction":[{"@type":"ReadAction","target":["https:\/\/taobike.es\/nl\/curso-mecanica-basica-de-bicicletas\/"]}]},{"@type":"ImageObject","inLanguage":"nl-NL","@id":"https:\/\/taobike.es\/nl\/curso-mecanica-basica-de-bicicletas\/#primaryimage","url":"https:\/\/taobike.es\/wp-content\/uploads\/2024\/02\/BEA-cursos-1024x1024.png","contentUrl":"https:\/\/taobike.es\/wp-content\/uploads\/2024\/02\/BEA-cursos-1024x1024.png"},{"@type":"BreadcrumbList","@id":"https:\/\/taobike.es\/nl\/curso-mecanica-basica-de-bicicletas\/#breadcrumb","itemListElement":[{"@type":"ListItem","position":1,"name":"Portada","item":"https:\/\/taobike.es\/nl\/"},{"@type":"ListItem","position":2,"name":"curso-mec\u00e1nica-b\u00e1sica"}]},{"@type":"WebSite","@id":"https:\/\/taobike.es\/#website","url":"https:\/\/taobike.es\/","name":"TAOBIKE - RENTAL E-BIKES - BENIDORM","description":"ECO&amp;RESPONSIBLE TOURISM","publisher":{"@id":"https:\/\/taobike.es\/#organization"},"potentialAction":[{"@type":"SearchAction","target":{"@type":"EntryPoint","urlTemplate":"https:\/\/taobike.es\/?s={search_term_string}"},"query-input":{"@type":"PropertyValueSpecification","valueRequired":true,"valueName":"search_term_string"}}],"inLanguage":"nl-NL"},{"@type":"Organization","@id":"https:\/\/taobike.es\/#organization","name":"TAOBIKE - Alquiler de Bicicletas El\u00e9ctricas en Benidorm","url":"https:\/\/taobike.es\/","logo":{"@type":"ImageObject","inLanguage":"nl-NL","@id":"https:\/\/taobike.es\/#\/schema\/logo\/image\/","url":"https:\/\/taobike.es\/wp-content\/uploads\/2015\/04\/TAOLOGOSIMBOLO_sRGB.jpg","contentUrl":"https:\/\/taobike.es\/wp-content\/uploads\/2015\/04\/TAOLOGOSIMBOLO_sRGB.jpg","width":307,"height":160,"caption":"TAOBIKE - Alquiler de Bicicletas El\u00e9ctricas en Benidorm"},"image":{"@id":"https:\/\/taobike.es\/#\/schema\/logo\/image\/"},"sameAs":["https:\/\/www.facebook.com\/taobikespain","https:\/\/x.com\/tao_bike","https:\/\/instagram.com\/taobike\/"]}]}},"_links":{"self":[{"href":"https:\/\/taobike.es\/nl\/wp-json\/wp\/v2\/pages\/5628","targetHints":{"allow":["GET"]}}],"collection":[{"href":"https:\/\/taobike.es\/nl\/wp-json\/wp\/v2\/pages"}],"about":[{"href":"https:\/\/taobike.es\/nl\/wp-json\/wp\/v2\/types\/page"}],"author":[{"embeddable":true,"href":"https:\/\/taobike.es\/nl\/wp-json\/wp\/v2\/users\/4"}],"replies":[{"embeddable":true,"href":"https:\/\/taobike.es\/nl\/wp-json\/wp\/v2\/comments?post=5628"}],"version-history":[{"count":21,"href":"https:\/\/taobike.es\/nl\/wp-json\/wp\/v2\/pages\/5628\/revisions"}],"predecessor-version":[{"id":5827,"href":"https:\/\/taobike.es\/nl\/wp-json\/wp\/v2\/pages\/5628\/revisions\/5827"}],"wp:attachment":[{"href":"https:\/\/taobike.es\/nl\/wp-json\/wp\/v2\/media?parent=5628"}],"curies":[{"name":"wp","href":"https:\/\/api.w.org\/{rel}","templated":true}]}}