{"id":5632,"date":"2019-10-02T11:16:08","date_gmt":"2019-10-02T10:16:08","guid":{"rendered":"https:\/\/taobike.es\/reparacion-de-patinetes-electricos\/"},"modified":"2025-08-03T19:40:13","modified_gmt":"2025-08-03T18:40:13","slug":"reparacion-de-patinetes-electricos","status":"publish","type":"page","link":"https:\/\/taobike.es\/nl\/reparacion-de-patinetes-electricos\/","title":{"rendered":"Reparaci\u00f3n de patinetes el\u00e9ctricos"},"content":{"rendered":"<div class=\"wpb-content-wrapper\"><p>[vc_section][vc_row][vc_column][\/vc_column][\/vc_row][vc_row][vc_column width=&#8221;1\/2&#8243;][vc_column_text css=&#8221;&#8221;]En <a href=\"http:\/\/taobike.es\/contacto\">Tao Bike<\/a>, somos taller especializado en <strong>reparaci\u00f3n de patinetes el\u00e9ctricos<\/strong> y bicicletas en Benidorm. Nuestros mec\u00e1nicos est\u00e1n altamente cualificados y en constante formaci\u00f3n para poder dar soluci\u00f3n a cualquier duda o problema con tu patinete el\u00e9ctrico.<\/p>\r\n<p><!-- \/wp:post-content -->\r\n\r\n<!-- wp:paragraph -->Marcas como Xiaomi, Cecotec o la marca valenciana Ecogyro son las m\u00e1s demandadas, pero no s\u00f3n las \u00fanicas, existe gran variedad de marcas en el mercado y cada una con diferentes caracter\u00edsticas, piezas, etc. Esto hace que necesites un taller <strong>altamente cualificado<\/strong> y con unos <strong>repuestos de alta calidad<\/strong>.<\/p>\r\n<p><!-- \/wp:paragraph --><br \/><!-- wp:heading {\"level\":3} -->El patinete el\u00e9ctrico se ha convertido en el veh\u00edculo de movilidad personal m\u00e1s demandado. Su precio econ\u00f3mico, su reducido tama\u00f1o y la posibilidad de dejar el coche para tus desplazamientos, han disparado sus ventas.<\/p>\r\n<p><!-- \/wp:heading -->\r\n\r\n<!-- wp:paragraph -->Sabemos que la mayor\u00eda de usuarios de patinete el\u00e9ctrico en Benidorm, lo usa para sus desplazamientos para ir al trabajo. Es por esto por lo que la reparaci\u00f3n se realiza en 24\/48 horas m\u00e1ximo.<\/p>\r\n<p><!-- \/wp:paragraph -->\r\n\r\n<!-- wp:paragraph -->Si tienes un problema con tu patinete el\u00e9ctrico, no dudes en ponerte en <a href=\"http:\/\/taobike.es\">contacto con nosotros<\/a>. Nuestro servicio t\u00e9cnico te atender\u00e1 r\u00e1pidamente y te enviar\u00e1 un <strong>presupuesto sin compromiso<\/strong>.[\/vc_column_text][\/vc_column][vc_column width=&#8221;1\/2&#8243;][vc_single_image image=&#8221;5536&#8243; img_size=&#8221;500&#215;500&#8243; alignment=&#8221;center&#8221; style=&#8221;vc_box_rounded&#8221; css=&#8221;&#8221;][\/vc_column][\/vc_row][\/vc_section][vc_section full_width=&#8221;stretch_row&#8221; parallax=&#8221;content-moving-fade&#8221; parallax_image=&#8221;5547&#8243; css=&#8221;.vc_custom_1754242881338{background-color: #5BAD1E !important;}&#8221;][vc_row type=&#8221;vc_default&#8221;][vc_column][vc_custom_heading text=&#8221;SERVICIOS&#8221; font_container=&#8221;tag:h2|text_align:center|color:%23FFFFFF&#8221; google_fonts=&#8221;font_family:Montserrat%3Aregular%2C700|font_style:400%20regular%3A400%3Anormal&#8221; css=&#8221;&#8221;][vc_separator css=&#8221;&#8221;][\/vc_column][\/vc_row][vc_row][vc_column width=&#8221;1\/2&#8243;][vc_column_text css=&#8221;&#8221; el_class=&#8221;texto&#8221;]<\/p>\r\n<ul>\r\n<li>Reparaci\u00f3n de pinchazos.<\/li>\r\n<\/ul>\r\n<p>&nbsp;<\/p>\r\n<ul>\r\n<li>Colocaci\u00f3n de c\u00e1maras.<\/li>\r\n<\/ul>\r\n<p>&nbsp;<\/p>\r\n<ul>\r\n<li>Colocaci\u00f3n de ruedas macizas.<\/li>\r\n<\/ul>\r\n<p>&nbsp;<\/p>\r\n<ul>\r\n<li>Baterias.<\/li>\r\n<\/ul>\r\n<p>[\/vc_column_text][\/vc_column][vc_column width=&#8221;1\/2&#8243;][vc_column_text css=&#8221;&#8221; el_class=&#8221;texto&#8221;]<\/p>\r\n<ul>\r\n<li>Ajuste de frenos.<\/li>\r\n<\/ul>\r\n<p>&nbsp;<\/p>\r\n<ul>\r\n<li>Ajuste de holgura de direcci\u00f3n.<\/li>\r\n<\/ul>\r\n<p>&nbsp;<\/p>\r\n<ul>\r\n<li>Reparaci\u00f3n cableado.<\/li>\r\n<\/ul>\r\n<p>&nbsp;<\/p>\r\n<ul>\r\n<li>Reparaci\u00f3n luces.<\/li>\r\n<\/ul>\r\n<p>[\/vc_column_text][\/vc_column][\/vc_row][\/vc_section][vc_section][vc_row][vc_column width=&#8221;1\/4&#8243;][vc_empty_space height=&#8221;5px&#8221;][vc_single_image image=&#8221;5587&#8243; img_size=&#8221;80&#215;80&#8243; alignment=&#8221;center&#8221; css=&#8221;&#8221;][\/vc_column][vc_column width=&#8221;1\/4&#8243;][vc_empty_space][vc_column_text css=&#8221;&#8221;]<img loading=\"lazy\" decoding=\"async\" class=\"wp-image-4443\" src=\"https:\/\/taobike.es\/wp-content\/uploads\/2020\/02\/skateflash-logo-15484174641.png\" alt=\"\" width=\"242\" height=\"21\" \/>[\/vc_column_text][\/vc_column][vc_column width=&#8221;1\/4&#8243;][vc_column_text css=&#8221;&#8221;]<img loading=\"lazy\" decoding=\"async\" class=\"wp-image-4456\" src=\"https:\/\/taobike.es\/wp-content\/uploads\/2020\/02\/NINEBOT.png\" alt=\"\" width=\"157\" height=\"87\" \/>[\/vc_column_text][\/vc_column][vc_column width=&#8221;1\/4&#8243;][vc_column_text css=&#8221;&#8221;]<img loading=\"lazy\" decoding=\"async\" class=\"wp-image-4450\" src=\"https:\/\/taobike.es\/wp-content\/uploads\/2020\/02\/CECOTEC.jpg\" alt=\"CECOTEC PATINETE\" width=\"167\" height=\"167\" srcset=\"https:\/\/taobike.es\/wp-content\/uploads\/2020\/02\/CECOTEC.jpg 225w, https:\/\/taobike.es\/wp-content\/uploads\/2020\/02\/CECOTEC-200x200.jpg 200w\" sizes=\"auto, (max-width: 167px) 100vw, 167px\" \/>[\/vc_column_text][\/vc_column][\/vc_row][\/vc_section][vc_row][vc_column width=&#8221;1\/2&#8243;]<form class=\"dt-contact-form dt-form privacy-form\" method=\"post\"><input type=\"hidden\" name=\"widget_id\" value=\"presscore-contact-form-widget--1\" \/><input type=\"hidden\" name=\"send_message\" value=\"\" \/><input type=\"hidden\" name=\"security_token\" value=\"37c3a83b408a0ff9fc29\"\/><div class=\"form-fields\"><span class=\"form-name\"><label class=\"assistive-text\">Naam *<\/label><input type=\"text\" class=\"validate[required]\" placeholder=\"Naam *\" name=\"name\" value=\"\" aria-required=\"true\">\n<\/span><span class=\"form-mail\"><label class=\"assistive-text\">E-mail *<\/label><input type=\"text\" class=\"validate[required,custom[email]]\" placeholder=\"E-mail *\" name=\"email\" value=\"\" aria-required=\"true\">\n<\/span><span class=\"form-telephone\"><label class=\"assistive-text\">Telefoon<\/label><input type=\"text\" placeholder=\"Telefoon\" name=\"telephone\" value=\"\" aria-required=\"false\">\n<\/span><\/div><span class=\"form-message\"><label class=\"assistive-text\">Bericht<\/label><textarea placeholder=\"Bericht\" name=\"message\" rows=\"6\" aria-required=\"false\"><\/textarea>\n<\/span><p class=\"the7-form-terms-wrap\"><input type=\"checkbox\" id=\"the7-form-terms-769ac34a4012ab69c069de0bab7d9e81\" name=\"terms\" class=\"validate[required] the7-form-terms\" aria-required=\"true\" \/>&nbsp;<label for=\"the7-form-terms-769ac34a4012ab69c069de0bab7d9e81\"><span class=\"form-terms-text\">Acepto la <a href=\"https:\/\/taobike.es\/legal\/\" target=\"_blank\" rel=\"noopener\">Pol\u00edtica de Privacidad y el Aviso Legal<\/a>.<\/span><\/label><\/p><p><a href=\"#\" class=\"dt-btn dt-btn-m dt-btn-submit\" rel=\"nofollow\"><span>Enviar<\/span><\/a><input class=\"assistive-text\" type=\"submit\" value=\"toevoegen\"><\/p><\/form>\n[\/vc_column][vc_column width=&#8221;1\/2&#8243;][vc_column_text css=&#8221;&#8221;]Hola! D\u00e9janos tu consulta y te responderemos lo antes posible!<\/p>\r\n<h3>TAO BIKE<\/h3>\r\n<p><i class=\"fa icon-map\"><\/i> Av. Mediterr\u00e1neo, 62\u00a0\u00b7 Benidorm \u00b7 03503<br \/><i class=\"fa icon-email\"><\/i> <a href=\"mailto:hola@taobike.es\" target=\"_blank\" rel=\"noopener noreferrer\">hola@taobike.es<\/a><br \/>966 17 57 39 \u00b7<\/p>\r\n<p><a href=\"https:\/\/api.whatsapp.com\/send?phone=34658712489&amp;text=Puedes enviarme precios de rutas en e-bike?\">Link WhatsApp<\/a><\/p>\r\n<p><i class=\"fa icon-clock\"><\/i> <strong>Invierno:<\/strong>\u00a0De Lunes a S\u00e1bado de 09:30h a 18:00h<\/p>\r\n<p><strong>Verano:<\/strong> De Lunes a S\u00e1bado de 09:30h a 19:00h[\/vc_column_text][\/vc_column][\/vc_row]<\/p><\/div>","protected":false},"excerpt":{"rendered":"<p>[vc_section][vc_row][vc_column][\/vc_column][\/vc_row][vc_row][vc_column width=&#8221;1\/2&#8243;][vc_column_text css=&#8221;&#8221;]En Tao Bike, somos taller especializado en reparaci\u00f3n de patinetes el\u00e9ctricos y bicicletas en Benidorm. Nuestros mec\u00e1nicos est\u00e1n altamente cualificados y en constante formaci\u00f3n para poder dar soluci\u00f3n&hellip;<\/p>\n","protected":false},"author":4,"featured_media":4385,"parent":0,"menu_order":0,"comment_status":"closed","ping_status":"closed","template":"","meta":{"_joinchat":[],"footnotes":""},"class_list":["post-5632","page","type-page","status-publish","has-post-thumbnail","hentry","description-off"],"yoast_head":"<!-- This site is optimized with the Yoast SEO plugin v27.4 - https:\/\/yoast.com\/product\/yoast-seo-wordpress\/ -->\n<title>Reparaci\u00f3n de patinetes el\u00e9ctricos en Benidorm - TAO BIKE<\/title>\n<meta name=\"description\" content=\"Taller especializado en la reparaci\u00f3n de patinetes el\u00e9ctricos y bicicletas el\u00e9ctricas en Benidorm, Albir, Altea, Finestrat, Villajoiosa.\" \/>\n<meta name=\"robots\" content=\"index, follow, max-snippet:-1, max-image-preview:large, max-video-preview:-1\" \/>\n<link rel=\"canonical\" href=\"https:\/\/taobike.es\/nl\/reparacion-de-patinetes-electricos\/\" \/>\n<meta property=\"og:locale\" content=\"nl_NL\" \/>\n<meta property=\"og:type\" content=\"article\" \/>\n<meta property=\"og:title\" content=\"Reparaci\u00f3n de patinetes el\u00e9ctricos en Benidorm - TAO BIKE\" \/>\n<meta property=\"og:description\" content=\"Taller especializado en la reparaci\u00f3n de patinetes el\u00e9ctricos y bicicletas el\u00e9ctricas en Benidorm, Albir, Altea, Finestrat, Villajoiosa.\" \/>\n<meta property=\"og:url\" content=\"https:\/\/taobike.es\/nl\/reparacion-de-patinetes-electricos\/\" \/>\n<meta property=\"og:site_name\" content=\"TAOBIKE - RENTAL E-BIKES - BENIDORM\" \/>\n<meta property=\"article:publisher\" content=\"https:\/\/www.facebook.com\/taobikespain\" \/>\n<meta property=\"article:modified_time\" content=\"2025-08-03T18:40:13+00:00\" \/>\n<meta property=\"og:image\" content=\"https:\/\/taobike.es\/wp-content\/uploads\/2019\/10\/reparar-xiaomi-Benidorm-1.jpg\" \/>\n\t<meta property=\"og:image:width\" content=\"1500\" \/>\n\t<meta property=\"og:image:height\" content=\"1500\" \/>\n\t<meta property=\"og:image:type\" content=\"image\/jpeg\" \/>\n<meta name=\"twitter:card\" content=\"summary_large_image\" \/>\n<meta name=\"twitter:site\" content=\"@tao_bike\" \/>\n<meta name=\"twitter:label1\" content=\"Geschatte leestijd\" \/>\n\t<meta name=\"twitter:data1\" content=\"3 minuten\" \/>\n<script type=\"application\/ld+json\" class=\"yoast-schema-graph\">{\"@context\":\"https:\\\/\\\/schema.org\",\"@graph\":[{\"@type\":\"WebPage\",\"@id\":\"https:\\\/\\\/taobike.es\\\/nl\\\/reparacion-de-patinetes-electricos\\\/\",\"url\":\"https:\\\/\\\/taobike.es\\\/nl\\\/reparacion-de-patinetes-electricos\\\/\",\"name\":\"Reparaci\u00f3n de patinetes el\u00e9ctricos en Benidorm - TAO BIKE\",\"isPartOf\":{\"@id\":\"https:\\\/\\\/taobike.es\\\/#website\"},\"primaryImageOfPage\":{\"@id\":\"https:\\\/\\\/taobike.es\\\/nl\\\/reparacion-de-patinetes-electricos\\\/#primaryimage\"},\"image\":{\"@id\":\"https:\\\/\\\/taobike.es\\\/nl\\\/reparacion-de-patinetes-electricos\\\/#primaryimage\"},\"thumbnailUrl\":\"https:\\\/\\\/taobike.es\\\/wp-content\\\/uploads\\\/2019\\\/10\\\/reparar-xiaomi-Benidorm-1.jpg\",\"datePublished\":\"2019-10-02T10:16:08+00:00\",\"dateModified\":\"2025-08-03T18:40:13+00:00\",\"description\":\"Taller especializado en la reparaci\u00f3n de patinetes el\u00e9ctricos y bicicletas el\u00e9ctricas en Benidorm, Albir, Altea, Finestrat, Villajoiosa.\",\"breadcrumb\":{\"@id\":\"https:\\\/\\\/taobike.es\\\/nl\\\/reparacion-de-patinetes-electricos\\\/#breadcrumb\"},\"inLanguage\":\"nl-NL\",\"potentialAction\":[{\"@type\":\"ReadAction\",\"target\":[\"https:\\\/\\\/taobike.es\\\/nl\\\/reparacion-de-patinetes-electricos\\\/\"]}]},{\"@type\":\"ImageObject\",\"inLanguage\":\"nl-NL\",\"@id\":\"https:\\\/\\\/taobike.es\\\/nl\\\/reparacion-de-patinetes-electricos\\\/#primaryimage\",\"url\":\"https:\\\/\\\/taobike.es\\\/wp-content\\\/uploads\\\/2019\\\/10\\\/reparar-xiaomi-Benidorm-1.jpg\",\"contentUrl\":\"https:\\\/\\\/taobike.es\\\/wp-content\\\/uploads\\\/2019\\\/10\\\/reparar-xiaomi-Benidorm-1.jpg\",\"width\":1500,\"height\":1500,\"caption\":\"reparar patienete benidorm\"},{\"@type\":\"BreadcrumbList\",\"@id\":\"https:\\\/\\\/taobike.es\\\/nl\\\/reparacion-de-patinetes-electricos\\\/#breadcrumb\",\"itemListElement\":[{\"@type\":\"ListItem\",\"position\":1,\"name\":\"Portada\",\"item\":\"https:\\\/\\\/taobike.es\\\/nl\\\/\"},{\"@type\":\"ListItem\",\"position\":2,\"name\":\"Reparaci\u00f3n de patinetes el\u00e9ctricos\"}]},{\"@type\":\"WebSite\",\"@id\":\"https:\\\/\\\/taobike.es\\\/#website\",\"url\":\"https:\\\/\\\/taobike.es\\\/\",\"name\":\"TAOBIKE - RENTAL E-BIKES - BENIDORM\",\"description\":\"ECO&amp;RESPONSIBLE TOURISM\",\"publisher\":{\"@id\":\"https:\\\/\\\/taobike.es\\\/#organization\"},\"potentialAction\":[{\"@type\":\"SearchAction\",\"target\":{\"@type\":\"EntryPoint\",\"urlTemplate\":\"https:\\\/\\\/taobike.es\\\/?s={search_term_string}\"},\"query-input\":{\"@type\":\"PropertyValueSpecification\",\"valueRequired\":true,\"valueName\":\"search_term_string\"}}],\"inLanguage\":\"nl-NL\"},{\"@type\":\"Organization\",\"@id\":\"https:\\\/\\\/taobike.es\\\/#organization\",\"name\":\"TAOBIKE - Alquiler de Bicicletas El\u00e9ctricas en Benidorm\",\"url\":\"https:\\\/\\\/taobike.es\\\/\",\"logo\":{\"@type\":\"ImageObject\",\"inLanguage\":\"nl-NL\",\"@id\":\"https:\\\/\\\/taobike.es\\\/#\\\/schema\\\/logo\\\/image\\\/\",\"url\":\"https:\\\/\\\/taobike.es\\\/wp-content\\\/uploads\\\/2015\\\/04\\\/TAOLOGOSIMBOLO_sRGB.jpg\",\"contentUrl\":\"https:\\\/\\\/taobike.es\\\/wp-content\\\/uploads\\\/2015\\\/04\\\/TAOLOGOSIMBOLO_sRGB.jpg\",\"width\":307,\"height\":160,\"caption\":\"TAOBIKE - Alquiler de Bicicletas El\u00e9ctricas en Benidorm\"},\"image\":{\"@id\":\"https:\\\/\\\/taobike.es\\\/#\\\/schema\\\/logo\\\/image\\\/\"},\"sameAs\":[\"https:\\\/\\\/www.facebook.com\\\/taobikespain\",\"https:\\\/\\\/x.com\\\/tao_bike\",\"https:\\\/\\\/instagram.com\\\/taobike\\\/\"]}]}<\/script>\n<!-- \/ Yoast SEO plugin. -->","yoast_head_json":{"title":"Reparaci\u00f3n de patinetes el\u00e9ctricos en Benidorm - TAO BIKE","description":"Taller especializado en la reparaci\u00f3n de patinetes el\u00e9ctricos y bicicletas el\u00e9ctricas en Benidorm, Albir, Altea, Finestrat, Villajoiosa.","robots":{"index":"index","follow":"follow","max-snippet":"max-snippet:-1","max-image-preview":"max-image-preview:large","max-video-preview":"max-video-preview:-1"},"canonical":"https:\/\/taobike.es\/nl\/reparacion-de-patinetes-electricos\/","og_locale":"nl_NL","og_type":"article","og_title":"Reparaci\u00f3n de patinetes el\u00e9ctricos en Benidorm - TAO BIKE","og_description":"Taller especializado en la reparaci\u00f3n de patinetes el\u00e9ctricos y bicicletas el\u00e9ctricas en Benidorm, Albir, Altea, Finestrat, Villajoiosa.","og_url":"https:\/\/taobike.es\/nl\/reparacion-de-patinetes-electricos\/","og_site_name":"TAOBIKE - RENTAL E-BIKES - BENIDORM","article_publisher":"https:\/\/www.facebook.com\/taobikespain","article_modified_time":"2025-08-03T18:40:13+00:00","og_image":[{"width":1500,"height":1500,"url":"https:\/\/taobike.es\/wp-content\/uploads\/2019\/10\/reparar-xiaomi-Benidorm-1.jpg","type":"image\/jpeg"}],"twitter_card":"summary_large_image","twitter_site":"@tao_bike","twitter_misc":{"Geschatte leestijd":"3 minuten"},"schema":{"@context":"https:\/\/schema.org","@graph":[{"@type":"WebPage","@id":"https:\/\/taobike.es\/nl\/reparacion-de-patinetes-electricos\/","url":"https:\/\/taobike.es\/nl\/reparacion-de-patinetes-electricos\/","name":"Reparaci\u00f3n de patinetes el\u00e9ctricos en Benidorm - TAO BIKE","isPartOf":{"@id":"https:\/\/taobike.es\/#website"},"primaryImageOfPage":{"@id":"https:\/\/taobike.es\/nl\/reparacion-de-patinetes-electricos\/#primaryimage"},"image":{"@id":"https:\/\/taobike.es\/nl\/reparacion-de-patinetes-electricos\/#primaryimage"},"thumbnailUrl":"https:\/\/taobike.es\/wp-content\/uploads\/2019\/10\/reparar-xiaomi-Benidorm-1.jpg","datePublished":"2019-10-02T10:16:08+00:00","dateModified":"2025-08-03T18:40:13+00:00","description":"Taller especializado en la reparaci\u00f3n de patinetes el\u00e9ctricos y bicicletas el\u00e9ctricas en Benidorm, Albir, Altea, Finestrat, Villajoiosa.","breadcrumb":{"@id":"https:\/\/taobike.es\/nl\/reparacion-de-patinetes-electricos\/#breadcrumb"},"inLanguage":"nl-NL","potentialAction":[{"@type":"ReadAction","target":["https:\/\/taobike.es\/nl\/reparacion-de-patinetes-electricos\/"]}]},{"@type":"ImageObject","inLanguage":"nl-NL","@id":"https:\/\/taobike.es\/nl\/reparacion-de-patinetes-electricos\/#primaryimage","url":"https:\/\/taobike.es\/wp-content\/uploads\/2019\/10\/reparar-xiaomi-Benidorm-1.jpg","contentUrl":"https:\/\/taobike.es\/wp-content\/uploads\/2019\/10\/reparar-xiaomi-Benidorm-1.jpg","width":1500,"height":1500,"caption":"reparar patienete benidorm"},{"@type":"BreadcrumbList","@id":"https:\/\/taobike.es\/nl\/reparacion-de-patinetes-electricos\/#breadcrumb","itemListElement":[{"@type":"ListItem","position":1,"name":"Portada","item":"https:\/\/taobike.es\/nl\/"},{"@type":"ListItem","position":2,"name":"Reparaci\u00f3n de patinetes el\u00e9ctricos"}]},{"@type":"WebSite","@id":"https:\/\/taobike.es\/#website","url":"https:\/\/taobike.es\/","name":"TAOBIKE - RENTAL E-BIKES - BENIDORM","description":"ECO&amp;RESPONSIBLE TOURISM","publisher":{"@id":"https:\/\/taobike.es\/#organization"},"potentialAction":[{"@type":"SearchAction","target":{"@type":"EntryPoint","urlTemplate":"https:\/\/taobike.es\/?s={search_term_string}"},"query-input":{"@type":"PropertyValueSpecification","valueRequired":true,"valueName":"search_term_string"}}],"inLanguage":"nl-NL"},{"@type":"Organization","@id":"https:\/\/taobike.es\/#organization","name":"TAOBIKE - Alquiler de Bicicletas El\u00e9ctricas en Benidorm","url":"https:\/\/taobike.es\/","logo":{"@type":"ImageObject","inLanguage":"nl-NL","@id":"https:\/\/taobike.es\/#\/schema\/logo\/image\/","url":"https:\/\/taobike.es\/wp-content\/uploads\/2015\/04\/TAOLOGOSIMBOLO_sRGB.jpg","contentUrl":"https:\/\/taobike.es\/wp-content\/uploads\/2015\/04\/TAOLOGOSIMBOLO_sRGB.jpg","width":307,"height":160,"caption":"TAOBIKE - Alquiler de Bicicletas El\u00e9ctricas en Benidorm"},"image":{"@id":"https:\/\/taobike.es\/#\/schema\/logo\/image\/"},"sameAs":["https:\/\/www.facebook.com\/taobikespain","https:\/\/x.com\/tao_bike","https:\/\/instagram.com\/taobike\/"]}]}},"_links":{"self":[{"href":"https:\/\/taobike.es\/nl\/wp-json\/wp\/v2\/pages\/5632","targetHints":{"allow":["GET"]}}],"collection":[{"href":"https:\/\/taobike.es\/nl\/wp-json\/wp\/v2\/pages"}],"about":[{"href":"https:\/\/taobike.es\/nl\/wp-json\/wp\/v2\/types\/page"}],"author":[{"embeddable":true,"href":"https:\/\/taobike.es\/nl\/wp-json\/wp\/v2\/users\/4"}],"replies":[{"embeddable":true,"href":"https:\/\/taobike.es\/nl\/wp-json\/wp\/v2\/comments?post=5632"}],"version-history":[{"count":3,"href":"https:\/\/taobike.es\/nl\/wp-json\/wp\/v2\/pages\/5632\/revisions"}],"predecessor-version":[{"id":5639,"href":"https:\/\/taobike.es\/nl\/wp-json\/wp\/v2\/pages\/5632\/revisions\/5639"}],"wp:featuredmedia":[{"embeddable":true,"href":"https:\/\/taobike.es\/nl\/wp-json\/wp\/v2\/media\/4385"}],"wp:attachment":[{"href":"https:\/\/taobike.es\/nl\/wp-json\/wp\/v2\/media?parent=5632"}],"curies":[{"name":"wp","href":"https:\/\/api.w.org\/{rel}","templated":true}]}}