{"id":3318,"date":"2018-02-16T19:05:14","date_gmt":"2018-02-16T18:05:14","guid":{"rendered":"https:\/\/taobike.es\/?post_type=product&#038;p=3318"},"modified":"2019-07-24T13:25:03","modified_gmt":"2019-07-24T12:25:03","slug":"taobike-masaje-thai","status":"publish","type":"product","link":"https:\/\/taobike.es\/nl\/tienda\/taobike-masaje-thai\/","title":{"rendered":"TAO Bike + Masaje Thai"},"content":{"rendered":"<p>Puedes disfrutar de un d\u00eda diferente en Benidorm, <strong>descubriendo cada rinc\u00f3n<\/strong> de la ciudad <strong>en bicicleta el\u00e9ctrica<\/strong>. Su naturaleza, sus playas, no s\u00f3lo las m\u00e1s populares como la playa de Levante o la impresionante playa de Poniente, sino tambi\u00e9n las calas m\u00e1s tranquilas y alejadas como la Cala del T\u00edo Ximo y la Cala Almadraba. Unos lugares \u00fanicos donde adem\u00e1s podr\u00e1s aprovechar para darte un buen ba\u00f1o sin aglomeraciones incluso practicar snorkel, gracias a sus aguas limpias y claras durante todo el a\u00f1o.<\/p>\n<p>Explorar el Parque Natural de Sierra Helada y disfrutar de sus espectaculares vistas, los acantilados de hasta 300m de altura y la tranquilidad del entorno te permitir\u00e1n tener un momento de conexi\u00f3n con la naturaleza que seguro no esperabas en Benidorm.<\/p>\n<p>Si lo que prefieres es el shopping, no hay mejor forma, de recorrer todo el centro, poder llegar a rastros y mercadillos a los que solo podr\u00edas llegar en taxi o en coche, incluso al centro comercial, todo ello sin esfuerzo gracias a las bicis el\u00e9ctricas!<\/p>\n<p>Y despu\u00e9s de todo el d\u00eda, poder relajarte al m\u00e1ximo gracias a un <strong>masaje tradicional Tailand\u00e9s <\/strong>de 30 minutos de duraci\u00f3n. Es una terapia corporal que nos ayuda a restablecer nuestra energ\u00eda vital y a reequilibrar aspectos f\u00edsicos, mentales y emocionales.<\/p>\n<p>Tiene su fundamento en los estiramientos, la movilizaci\u00f3n de las articulaciones y la presi\u00f3n sobre puntos y meridianos estimulando la presi\u00f3n sangu\u00ednea, logrando un equilibrio de los \u00f3rganos internos, relajaci\u00f3n y bienestar.<\/p>\n<h4>\u00bfQu\u00e9 incluye la oferta?<\/h4>\n<ul>\n<li>Alquiler de bicicleta el\u00e9ctrica por 5 horas.<\/li>\n<li>Candado, casco y candado de seguridad.<\/li>\n<li>Mapas e informaci\u00f3n de &#8220;Rutas a tu aire&#8221;.<\/li>\n<li>Masaje tradicional Tailand\u00e9s de 30 minutos de duraci\u00f3n.<\/li>\n<\/ul>\n<p><i class=\"fa icon-info-circled\"><\/i> El alquiler de la bici y el masaje se reserva para la misma fecha, si prefieres hacer una de las dos actividades otro d\u00eda diferente, ind\u00edcanoslo en las <strong>Notas del Pedido<\/strong>.<\/p>\n","protected":false},"excerpt":{"rendered":"<p><i class=\"fa icon-calendar\"><\/i>Selecciona la <strong>fecha<\/strong> en la que quieres realizar la ruta.<\/p>\n<p><i class=\"fa icon-info-circled\"><\/i> El alquiler de la bici y el masaje se reserva para la misma fecha. Si prefieres hacer una de las dos actividades otro d\u00eda diferente, ind\u00edcanoslo en las <strong>Notas del Pedido<\/strong>.<\/p>\n","protected":false},"featured_media":3327,"comment_status":"open","ping_status":"closed","template":"","meta":{"_joinchat":[]},"product_brand":[],"product_cat":[544],"product_tag":[],"class_list":{"0":"post-3318","1":"product","2":"type-product","3":"status-publish","4":"has-post-thumbnail","6":"product_cat-ofertas","7":"description-off","9":"first","10":"instock","11":"sale","12":"virtual","13":"taxable","14":"purchasable","15":"product-type-simple"},"yoast_head":"<!-- This site is optimized with the Yoast SEO plugin v27.4 - https:\/\/yoast.com\/product\/yoast-seo-wordpress\/ -->\n<title>Oferta de masaje tailandes y e-bike. TAO Bike y swasdeeka<\/title>\n<meta name=\"description\" content=\"Tao Bike y swasdeeka se unen para darte un d\u00eda especial en Benidorm con la oferta de masaje tailandes y e-bike. Actividad y relax en un mismo d\u00eda!\" \/>\n<meta name=\"robots\" content=\"index, follow, max-snippet:-1, max-image-preview:large, max-video-preview:-1\" \/>\n<link rel=\"canonical\" href=\"https:\/\/taobike.es\/tienda\/taobike-masaje-thai\/\" \/>\n<meta property=\"og:locale\" content=\"nl_NL\" \/>\n<meta property=\"og:type\" content=\"article\" \/>\n<meta property=\"og:title\" content=\"Oferta de masaje tailandes y e-bike. TAO Bike y swasdeeka\" \/>\n<meta property=\"og:description\" content=\"Tao Bike y swasdeeka se unen para darte un d\u00eda especial en Benidorm con la oferta de masaje tailandes y e-bike. Actividad y relax en un mismo d\u00eda!\" \/>\n<meta property=\"og:url\" content=\"https:\/\/taobike.es\/tienda\/taobike-masaje-thai\/\" \/>\n<meta property=\"og:site_name\" content=\"TAOBIKE - RENTAL E-BIKES - BENIDORM\" \/>\n<meta property=\"article:publisher\" content=\"https:\/\/www.facebook.com\/taobikespain\" \/>\n<meta property=\"article:modified_time\" content=\"2019-07-24T12:25:03+00:00\" \/>\n<meta property=\"og:image\" content=\"https:\/\/taobike.es\/wp-content\/uploads\/2018\/02\/Bici_tao_masajethai.jpg\" \/>\n\t<meta property=\"og:image:width\" content=\"800\" \/>\n\t<meta property=\"og:image:height\" content=\"533\" \/>\n\t<meta property=\"og:image:type\" content=\"image\/jpeg\" \/>\n<meta name=\"twitter:card\" content=\"summary_large_image\" \/>\n<meta name=\"twitter:site\" content=\"@tao_bike\" \/>\n<meta name=\"twitter:label1\" content=\"Geschatte leestijd\" \/>\n\t<meta name=\"twitter:data1\" content=\"2 minuten\" \/>\n<script type=\"application\/ld+json\" class=\"yoast-schema-graph\">{\"@context\":\"https:\\\/\\\/schema.org\",\"@graph\":[{\"@type\":\"WebPage\",\"@id\":\"https:\\\/\\\/taobike.es\\\/tienda\\\/taobike-masaje-thai\\\/\",\"url\":\"https:\\\/\\\/taobike.es\\\/tienda\\\/taobike-masaje-thai\\\/\",\"name\":\"Oferta de masaje tailandes y e-bike. TAO Bike y swasdeeka\",\"isPartOf\":{\"@id\":\"https:\\\/\\\/taobike.es\\\/#website\"},\"primaryImageOfPage\":{\"@id\":\"https:\\\/\\\/taobike.es\\\/tienda\\\/taobike-masaje-thai\\\/#primaryimage\"},\"image\":{\"@id\":\"https:\\\/\\\/taobike.es\\\/tienda\\\/taobike-masaje-thai\\\/#primaryimage\"},\"thumbnailUrl\":\"https:\\\/\\\/taobike.es\\\/wp-content\\\/uploads\\\/2018\\\/02\\\/Bici_tao_masajethai.jpg\",\"datePublished\":\"2018-02-16T18:05:14+00:00\",\"dateModified\":\"2019-07-24T12:25:03+00:00\",\"description\":\"Tao Bike y swasdeeka se unen para darte un d\u00eda especial en Benidorm con la oferta de masaje tailandes y e-bike. Actividad y relax en un mismo d\u00eda!\",\"breadcrumb\":{\"@id\":\"https:\\\/\\\/taobike.es\\\/tienda\\\/taobike-masaje-thai\\\/#breadcrumb\"},\"inLanguage\":\"nl-NL\",\"potentialAction\":[{\"@type\":\"ReadAction\",\"target\":[\"https:\\\/\\\/taobike.es\\\/tienda\\\/taobike-masaje-thai\\\/\"]}]},{\"@type\":\"ImageObject\",\"inLanguage\":\"nl-NL\",\"@id\":\"https:\\\/\\\/taobike.es\\\/tienda\\\/taobike-masaje-thai\\\/#primaryimage\",\"url\":\"https:\\\/\\\/taobike.es\\\/wp-content\\\/uploads\\\/2018\\\/02\\\/Bici_tao_masajethai.jpg\",\"contentUrl\":\"https:\\\/\\\/taobike.es\\\/wp-content\\\/uploads\\\/2018\\\/02\\\/Bici_tao_masajethai.jpg\",\"width\":800,\"height\":533},{\"@type\":\"BreadcrumbList\",\"@id\":\"https:\\\/\\\/taobike.es\\\/tienda\\\/taobike-masaje-thai\\\/#breadcrumb\",\"itemListElement\":[{\"@type\":\"ListItem\",\"position\":1,\"name\":\"Portada\",\"item\":\"https:\\\/\\\/taobike.es\\\/nl\\\/\"},{\"@type\":\"ListItem\",\"position\":2,\"name\":\"Winkel\",\"item\":\"https:\\\/\\\/taobike.es\\\/nl\\\/winkel\\\/\"},{\"@type\":\"ListItem\",\"position\":3,\"name\":\"TAO Bike + Masaje Thai\"}]},{\"@type\":\"WebSite\",\"@id\":\"https:\\\/\\\/taobike.es\\\/#website\",\"url\":\"https:\\\/\\\/taobike.es\\\/\",\"name\":\"TAOBIKE - RENTAL E-BIKES - BENIDORM\",\"description\":\"ECO&amp;RESPONSIBLE TOURISM\",\"publisher\":{\"@id\":\"https:\\\/\\\/taobike.es\\\/#organization\"},\"potentialAction\":[{\"@type\":\"SearchAction\",\"target\":{\"@type\":\"EntryPoint\",\"urlTemplate\":\"https:\\\/\\\/taobike.es\\\/?s={search_term_string}\"},\"query-input\":{\"@type\":\"PropertyValueSpecification\",\"valueRequired\":true,\"valueName\":\"search_term_string\"}}],\"inLanguage\":\"nl-NL\"},{\"@type\":\"Organization\",\"@id\":\"https:\\\/\\\/taobike.es\\\/#organization\",\"name\":\"TAOBIKE - Alquiler de Bicicletas El\u00e9ctricas en Benidorm\",\"url\":\"https:\\\/\\\/taobike.es\\\/\",\"logo\":{\"@type\":\"ImageObject\",\"inLanguage\":\"nl-NL\",\"@id\":\"https:\\\/\\\/taobike.es\\\/#\\\/schema\\\/logo\\\/image\\\/\",\"url\":\"https:\\\/\\\/taobike.es\\\/wp-content\\\/uploads\\\/2015\\\/04\\\/TAOLOGOSIMBOLO_sRGB.jpg\",\"contentUrl\":\"https:\\\/\\\/taobike.es\\\/wp-content\\\/uploads\\\/2015\\\/04\\\/TAOLOGOSIMBOLO_sRGB.jpg\",\"width\":307,\"height\":160,\"caption\":\"TAOBIKE - Alquiler de Bicicletas El\u00e9ctricas en Benidorm\"},\"image\":{\"@id\":\"https:\\\/\\\/taobike.es\\\/#\\\/schema\\\/logo\\\/image\\\/\"},\"sameAs\":[\"https:\\\/\\\/www.facebook.com\\\/taobikespain\",\"https:\\\/\\\/x.com\\\/tao_bike\",\"https:\\\/\\\/instagram.com\\\/taobike\\\/\"]}]}<\/script>\n<!-- \/ Yoast SEO plugin. -->","yoast_head_json":{"title":"Oferta de masaje tailandes y e-bike. TAO Bike y swasdeeka","description":"Tao Bike y swasdeeka se unen para darte un d\u00eda especial en Benidorm con la oferta de masaje tailandes y e-bike. Actividad y relax en un mismo d\u00eda!","robots":{"index":"index","follow":"follow","max-snippet":"max-snippet:-1","max-image-preview":"max-image-preview:large","max-video-preview":"max-video-preview:-1"},"canonical":"https:\/\/taobike.es\/tienda\/taobike-masaje-thai\/","og_locale":"nl_NL","og_type":"article","og_title":"Oferta de masaje tailandes y e-bike. TAO Bike y swasdeeka","og_description":"Tao Bike y swasdeeka se unen para darte un d\u00eda especial en Benidorm con la oferta de masaje tailandes y e-bike. Actividad y relax en un mismo d\u00eda!","og_url":"https:\/\/taobike.es\/tienda\/taobike-masaje-thai\/","og_site_name":"TAOBIKE - RENTAL E-BIKES - BENIDORM","article_publisher":"https:\/\/www.facebook.com\/taobikespain","article_modified_time":"2019-07-24T12:25:03+00:00","og_image":[{"width":800,"height":533,"url":"https:\/\/taobike.es\/wp-content\/uploads\/2018\/02\/Bici_tao_masajethai.jpg","type":"image\/jpeg"}],"twitter_card":"summary_large_image","twitter_site":"@tao_bike","twitter_misc":{"Geschatte leestijd":"2 minuten"},"schema":{"@context":"https:\/\/schema.org","@graph":[{"@type":"WebPage","@id":"https:\/\/taobike.es\/tienda\/taobike-masaje-thai\/","url":"https:\/\/taobike.es\/tienda\/taobike-masaje-thai\/","name":"Oferta de masaje tailandes y e-bike. TAO Bike y swasdeeka","isPartOf":{"@id":"https:\/\/taobike.es\/#website"},"primaryImageOfPage":{"@id":"https:\/\/taobike.es\/tienda\/taobike-masaje-thai\/#primaryimage"},"image":{"@id":"https:\/\/taobike.es\/tienda\/taobike-masaje-thai\/#primaryimage"},"thumbnailUrl":"https:\/\/taobike.es\/wp-content\/uploads\/2018\/02\/Bici_tao_masajethai.jpg","datePublished":"2018-02-16T18:05:14+00:00","dateModified":"2019-07-24T12:25:03+00:00","description":"Tao Bike y swasdeeka se unen para darte un d\u00eda especial en Benidorm con la oferta de masaje tailandes y e-bike. Actividad y relax en un mismo d\u00eda!","breadcrumb":{"@id":"https:\/\/taobike.es\/tienda\/taobike-masaje-thai\/#breadcrumb"},"inLanguage":"nl-NL","potentialAction":[{"@type":"ReadAction","target":["https:\/\/taobike.es\/tienda\/taobike-masaje-thai\/"]}]},{"@type":"ImageObject","inLanguage":"nl-NL","@id":"https:\/\/taobike.es\/tienda\/taobike-masaje-thai\/#primaryimage","url":"https:\/\/taobike.es\/wp-content\/uploads\/2018\/02\/Bici_tao_masajethai.jpg","contentUrl":"https:\/\/taobike.es\/wp-content\/uploads\/2018\/02\/Bici_tao_masajethai.jpg","width":800,"height":533},{"@type":"BreadcrumbList","@id":"https:\/\/taobike.es\/tienda\/taobike-masaje-thai\/#breadcrumb","itemListElement":[{"@type":"ListItem","position":1,"name":"Portada","item":"https:\/\/taobike.es\/nl\/"},{"@type":"ListItem","position":2,"name":"Winkel","item":"https:\/\/taobike.es\/nl\/winkel\/"},{"@type":"ListItem","position":3,"name":"TAO Bike + Masaje Thai"}]},{"@type":"WebSite","@id":"https:\/\/taobike.es\/#website","url":"https:\/\/taobike.es\/","name":"TAOBIKE - RENTAL E-BIKES - BENIDORM","description":"ECO&amp;RESPONSIBLE TOURISM","publisher":{"@id":"https:\/\/taobike.es\/#organization"},"potentialAction":[{"@type":"SearchAction","target":{"@type":"EntryPoint","urlTemplate":"https:\/\/taobike.es\/?s={search_term_string}"},"query-input":{"@type":"PropertyValueSpecification","valueRequired":true,"valueName":"search_term_string"}}],"inLanguage":"nl-NL"},{"@type":"Organization","@id":"https:\/\/taobike.es\/#organization","name":"TAOBIKE - Alquiler de Bicicletas El\u00e9ctricas en Benidorm","url":"https:\/\/taobike.es\/","logo":{"@type":"ImageObject","inLanguage":"nl-NL","@id":"https:\/\/taobike.es\/#\/schema\/logo\/image\/","url":"https:\/\/taobike.es\/wp-content\/uploads\/2015\/04\/TAOLOGOSIMBOLO_sRGB.jpg","contentUrl":"https:\/\/taobike.es\/wp-content\/uploads\/2015\/04\/TAOLOGOSIMBOLO_sRGB.jpg","width":307,"height":160,"caption":"TAOBIKE - Alquiler de Bicicletas El\u00e9ctricas en Benidorm"},"image":{"@id":"https:\/\/taobike.es\/#\/schema\/logo\/image\/"},"sameAs":["https:\/\/www.facebook.com\/taobikespain","https:\/\/x.com\/tao_bike","https:\/\/instagram.com\/taobike\/"]}]}},"_links":{"self":[{"href":"https:\/\/taobike.es\/nl\/wp-json\/wp\/v2\/product\/3318","targetHints":{"allow":["GET"]}}],"collection":[{"href":"https:\/\/taobike.es\/nl\/wp-json\/wp\/v2\/product"}],"about":[{"href":"https:\/\/taobike.es\/nl\/wp-json\/wp\/v2\/types\/product"}],"replies":[{"embeddable":true,"href":"https:\/\/taobike.es\/nl\/wp-json\/wp\/v2\/comments?post=3318"}],"wp:featuredmedia":[{"embeddable":true,"href":"https:\/\/taobike.es\/nl\/wp-json\/wp\/v2\/media\/3327"}],"wp:attachment":[{"href":"https:\/\/taobike.es\/nl\/wp-json\/wp\/v2\/media?parent=3318"}],"wp:term":[{"taxonomy":"product_brand","embeddable":true,"href":"https:\/\/taobike.es\/nl\/wp-json\/wp\/v2\/product_brand?post=3318"},{"taxonomy":"product_cat","embeddable":true,"href":"https:\/\/taobike.es\/nl\/wp-json\/wp\/v2\/product_cat?post=3318"},{"taxonomy":"product_tag","embeddable":true,"href":"https:\/\/taobike.es\/nl\/wp-json\/wp\/v2\/product_tag?post=3318"}],"curies":[{"name":"wp","href":"https:\/\/api.w.org\/{rel}","templated":true}]}}